{"id":15815,"date":"2024-09-29T17:00:15","date_gmt":"2024-09-29T16:00:15","guid":{"rendered":"https:\/\/axkid.com\/?post_type=product&#038;p=15815"},"modified":"2026-04-30T12:51:20","modified_gmt":"2026-04-30T11:51:20","slug":"minikid-4","status":"publish","type":"product","link":"https:\/\/axkid.com\/hu\/product\/minikid-4\/","title":{"rendered":"Minikid 4"},"content":{"rendered":"","protected":false},"excerpt":{"rendered":"<p>A Minikid 4 kib\u0151v\u00edtett h\u00e1trafel\u00e9 n\u00e9z\u0151 \u00fcl\u00e9st k\u00edn\u00e1l 7 \u00e9ves korig (36 kg), kompakt, m\u00e9gis k\u00e9nyelmes kialak\u00edt\u00e1ssal \u00e9s nagy l\u00e1bt\u00e9rrel kombin\u00e1lva. Plus tesztelt gyerek\u00fcl\u00e9s, amely k\u00f6nnyed beszerel\u00e9st k\u00edn\u00e1l.<\/p>\n","protected":false},"featured_media":15817,"comment_status":"open","ping_status":"closed","template":"","meta":{"_acf_changed":false,"_seopress_robots_primary_cat":"none","_seopress_titles_title":"Axkid Minikid 4 | Axkid","_seopress_titles_desc":"A Minikid 4 gyerek\u00fcl\u00e9s h\u00e1trafel\u00e9 n\u00e9z\u0151 utaz\u00e1st biztos\u00edt gyermekednek ~7 \u00e9ves korig (125cm, 36kg) biztons\u00e1gi \u00f6ves r\u00f6gz\u00edt\u00e9si m\u00f3ddal.","_seopress_robots_index":"","_seopress_analysis_target_kw":"","content-type":"","_relevanssi_hide_post":"","_relevanssi_hide_content":"","_relevanssi_pin_for_all":"","_relevanssi_pin_keywords":"","_relevanssi_unpin_keywords":"","_relevanssi_related_keywords":"","_relevanssi_related_include_ids":"","_relevanssi_related_exclude_ids":"","_relevanssi_related_no_append":"","_relevanssi_related_not_related":"","_relevanssi_related_posts":"","_relevanssi_noindex_reason":"","editor_notices":[]},"product_brand":[],"product_cat":[80,18],"product_tag":[],"class_list":{"0":"post-15815","1":"product","2":"type-product","3":"status-publish","4":"has-post-thumbnail","6":"product_cat-hatrafele-nezo-gyerekulesek","7":"product_cat-gyerekules","9":"first","10":"instock","11":"sale","12":"taxable","13":"shipping-taxable","14":"purchasable","15":"product-type-variable","16":"has-default-attributes"},"bundled_by":[],"bundle_stock_status":"instock","bundle_stock_quantity":null,"bundle_virtual":false,"bundle_layout":"","bundle_add_to_cart_form_location":"","bundle_editable_in_cart":false,"bundle_sold_individually_context":"","bundle_item_grouping":"","bundle_min_size":"","bundle_max_size":"","bundle_price":[],"bundled_items":[],"bundle_sell_ids":[],"acf":[],"_links":{"self":[{"href":"https:\/\/axkid.com\/hu\/wp-json\/wp\/v2\/product\/15815","targetHints":{"allow":["GET"]}}],"collection":[{"href":"https:\/\/axkid.com\/hu\/wp-json\/wp\/v2\/product"}],"about":[{"href":"https:\/\/axkid.com\/hu\/wp-json\/wp\/v2\/types\/product"}],"replies":[{"embeddable":true,"href":"https:\/\/axkid.com\/hu\/wp-json\/wp\/v2\/comments?post=15815"}],"wp:featuredmedia":[{"embeddable":true,"href":"https:\/\/axkid.com\/hu\/wp-json\/wp\/v2\/media\/15817"}],"wp:attachment":[{"href":"https:\/\/axkid.com\/hu\/wp-json\/wp\/v2\/media?parent=15815"}],"wp:term":[{"taxonomy":"product_brand","embeddable":true,"href":"https:\/\/axkid.com\/hu\/wp-json\/wp\/v2\/product_brand?post=15815"},{"taxonomy":"product_cat","embeddable":true,"href":"https:\/\/axkid.com\/hu\/wp-json\/wp\/v2\/product_cat?post=15815"},{"taxonomy":"product_tag","embeddable":true,"href":"https:\/\/axkid.com\/hu\/wp-json\/wp\/v2\/product_tag?post=15815"}],"curies":[{"name":"wp","href":"https:\/\/api.w.org\/{rel}","templated":true}]}}