{"id":17353,"date":"2023-12-12T14:41:46","date_gmt":"2023-12-12T13:41:46","guid":{"rendered":"https:\/\/axkid.com\/?post_type=product&#038;p=17353"},"modified":"2025-08-23T19:05:11","modified_gmt":"2025-08-23T18:05:11","slug":"ajandekkartya","status":"publish","type":"product","link":"https:\/\/axkid.com\/hu\/product\/ajandekkartya\/","title":{"rendered":"Aj\u00e1nd\u00e9kk\u00e1rtya"},"content":{"rendered":"<p><strong>Biztons\u00e1gos \u00e9s k\u00e9nyelmes utaz\u00e1st aj\u00e1nd\u00e9kozhatsz az Axkid aj\u00e1nd\u00e9kk\u00e1rty\u00e1val.<\/strong><br \/>\nV\u00e1lassz b\u00e1rmilyen \u00f6sszeget, \u00e9s engedd, hogy a c\u00edmzett maga v\u00e1lassza ki a neki tetsz\u0151 gyerek\u00fcl\u00e9st vagy m\u00e1s Axkid term\u00e9ket.<\/p>\n<p>Osztd meg a biztons\u00e1g \u00e9s a k\u00e9nyelem aj\u00e1nd\u00e9k\u00e1t egy Axkid aj\u00e1nd\u00e9kk\u00e1rty\u00e1val! Ide\u00e1lis b\u00e1rmilyen alkalomra, a babav\u00e1r\u00f3 partikt\u00f3l a sz\u00fclet\u00e9snapokig. Aj\u00e1nd\u00e9kk\u00e1rty\u00e1nkkal szeretteid kiv\u00e1laszthatj\u00e1k a gyermekbiztons\u00e1gi term\u00e9keink k\u00f6z\u00fcl a nekik legink\u00e1bb megfelel\u0151t. Legyen az gyerek\u00fcl\u00e9s, \u00fcl\u00e9smagas\u00edt\u00f3 vagy kieg\u00e9sz\u00edt\u0151k, szabadon v\u00e1laszthatnak, ami nekik a legjobban megfelel. Adj nekik nyugalmat a kisgyermekeik sz\u00e1m\u00e1ra k\u00e9sz\u00fclt, kiv\u00e1l\u00f3 min\u0151s\u00e9g\u0171 biztons\u00e1gi megold\u00e1sokkal. V\u00e1s\u00e1rolj most, \u00e9s engedd \u0151ket bizalommal v\u00e1s\u00e1rolni!<\/p>\n","protected":false},"excerpt":{"rendered":"<p><strong>Aj\u00e1nd\u00e9kozz biztons\u00e1gos \u00e9s k\u00e9nyelmes utaz\u00e1st az Axkid aj\u00e1nd\u00e9kk\u00e1rty\u00e1val.<\/strong><br \/>\nV\u00e1lassz b\u00e1rmilyen \u00f6sszeget, \u00e9s engedd, hogy a c\u00edmzett maga v\u00e1lassza ki a neki tetsz\u0151 gyerek\u00fcl\u00e9st vagy m\u00e1s Axkid term\u00e9ket.<\/p>\n","protected":false},"featured_media":846498,"comment_status":"closed","ping_status":"closed","template":"","meta":{"_acf_changed":false,"_seopress_robots_primary_cat":"none","_seopress_titles_title":"","_seopress_titles_desc":"","_seopress_robots_index":"","content-type":"","_relevanssi_hide_post":"","_relevanssi_hide_content":"","_relevanssi_pin_for_all":"","_relevanssi_pin_keywords":"","_relevanssi_unpin_keywords":"","_relevanssi_related_keywords":"","_relevanssi_related_include_ids":"","_relevanssi_related_exclude_ids":"","_relevanssi_related_no_append":"","_relevanssi_related_not_related":"","_relevanssi_related_posts":"","_relevanssi_noindex_reason":"","editor_notices":[]},"product_brand":[],"product_cat":[409],"product_tag":[],"class_list":{"0":"post-17353","1":"product","2":"type-product","3":"status-publish","4":"has-post-thumbnail","6":"product_cat-ajandekutalvany","8":"first","9":"instock","10":"purchasable","11":"product-type-variable","12":"has-default-attributes"},"bundled_by":[],"bundle_stock_status":"instock","bundle_stock_quantity":100000,"bundle_virtual":false,"bundle_layout":"","bundle_add_to_cart_form_location":"","bundle_editable_in_cart":false,"bundle_sold_individually_context":"","bundle_item_grouping":"","bundle_min_size":"","bundle_max_size":"","bundle_price":[],"bundled_items":[],"bundle_sell_ids":[],"acf":[],"_links":{"self":[{"href":"https:\/\/axkid.com\/hu\/wp-json\/wp\/v2\/product\/17353","targetHints":{"allow":["GET"]}}],"collection":[{"href":"https:\/\/axkid.com\/hu\/wp-json\/wp\/v2\/product"}],"about":[{"href":"https:\/\/axkid.com\/hu\/wp-json\/wp\/v2\/types\/product"}],"replies":[{"embeddable":true,"href":"https:\/\/axkid.com\/hu\/wp-json\/wp\/v2\/comments?post=17353"}],"version-history":[{"count":7,"href":"https:\/\/axkid.com\/hu\/wp-json\/wp\/v2\/product\/17353\/revisions"}],"predecessor-version":[{"id":17359,"href":"https:\/\/axkid.com\/hu\/wp-json\/wp\/v2\/product\/17353\/revisions\/17359"}],"wp:featuredmedia":[{"embeddable":true,"href":"https:\/\/axkid.com\/hu\/wp-json\/wp\/v2\/media\/846498"}],"wp:attachment":[{"href":"https:\/\/axkid.com\/hu\/wp-json\/wp\/v2\/media?parent=17353"}],"wp:term":[{"taxonomy":"product_brand","embeddable":true,"href":"https:\/\/axkid.com\/hu\/wp-json\/wp\/v2\/product_brand?post=17353"},{"taxonomy":"product_cat","embeddable":true,"href":"https:\/\/axkid.com\/hu\/wp-json\/wp\/v2\/product_cat?post=17353"},{"taxonomy":"product_tag","embeddable":true,"href":"https:\/\/axkid.com\/hu\/wp-json\/wp\/v2\/product_tag?post=17353"}],"curies":[{"name":"wp","href":"https:\/\/api.w.org\/{rel}","templated":true}]}}