{"id":2531,"date":"2021-04-07T07:19:32","date_gmt":"2021-04-07T06:19:32","guid":{"rendered":"https:\/\/axkid.com\/?post_type=product&#038;p=2531"},"modified":"2026-02-14T10:21:50","modified_gmt":"2026-02-14T09:21:50","slug":"cooling-pads","status":"publish","type":"product","link":"https:\/\/axkid.com\/hu\/product\/cooling-pads\/","title":{"rendered":"Axkid H\u0171t\u0151bet\u00e9t (h\u00e1trefele n\u00e9z\u0151 gyerek\u00fcl\u00e9shez)"},"content":{"rendered":"<p><strong>Cs\u00f6kkentsd a t\u00falmeleged\u00e9s kock\u00e1zat\u00e1t<\/strong> \u00e9s felejtsd el a beizzadt h\u00e1tat \u00e9s a nyirkos hajat! Legy\u00e9l komfortos \u00e9s boldog az Axkid h\u0171t\u0151bet\u00e9tek haszn\u00e1lat\u00e1val! Az Axkid h\u0171t\u0151bet\u00e9tek seg\u00edtenek megtartani gyermeked megfelel\u0151 testh\u0151m\u00e9rs\u00e9klet\u00e9t a gyerek\u00fcl\u00e9sben a forr\u00f3 napokon.<\/p>\n<ul>\n<li>Az egyed\u00fcl\u00e1ll\u00f3 3D technol\u00f3gia elvezeti a felesleges h\u0151t \u00e9s friss leveg\u0151t \u00e1ramoltat.<\/li>\n<li>Elnyeli a nedvess\u00e9get \u00e9s az izzads\u00e1got.<\/li>\n<li>Puha, k\u00e9nyelmes \u00e9s mos\u00f3g\u00e9pben moshat\u00f3<\/li>\n<li>Alkalmas az \u00f6sszes menetir\u00e1nynak h\u00e1ttal elhelyezett Axkid gyerek\u00fcl\u00e9shez<\/li>\n<li>Bio pamut \u00e9s \u00fajrahasznos\u00edthat\u00f3<\/li>\n<\/ul>\n<p><strong>Az AeroMoov Axkid h\u0171t\u0151bet\u00e9teket<\/strong> kifejezetten \u00fagy tervezt\u00fck, hogy gyermeked ne hev\u00fclj\u00f6n t\u00fal a gyerek\u00fcl\u00e9sben. A bels\u0151, egyed\u00fcl\u00e1ll\u00f3 3D-s m\u00e9hsejtes szerkezet egy l\u00e9gr\u00e9teget k\u00e9pez a gyermek \u00e9s az \u00fcl\u00e9s k\u00f6z\u00f6tt. Ez szab\u00e1lyozza a leveg\u0151 \u00e1raml\u00e1s\u00e1t gyermeked h\u00e1ta, l\u00e1bai \u00e9s feje k\u00f6r\u00fcl. A 3D l\u00e9gr\u00e9teg nem t\u00f6m\u00f6r\u00edthet\u0151, \u00edgy \u00e1lland\u00f3 l\u00e9g\u00e1raml\u00e1st \u00e9s k\u00e9nyelmet biztos\u00edt gyermeke sz\u00e1m\u00e1ra.<\/p>\n<p>A hipertermia \u00e9s a g\u00e9pj\u00e1rm\u0171ben t\u00f6rt\u00e9n\u0151 t\u00falmeleged\u00e9s gyakoribb, mint gondoln\u00e1nk, \u00e9s minden \u00e9vben el\u0151fordulnak olyan esetek, amelyekben a gyerekek a forr\u00f3 ny\u00e1ri napokon t\u00falhev\u00fclnek az aut\u00f3ban. Az Axkid h\u0171t\u0151bet\u00e9tek seg\u00edthetnek a t\u00falmeleged\u00e9s megel\u0151z\u00e9s\u00e9ben, \u00e9s a speci\u00e1lis 3D technol\u00f3gi\u00e1nak k\u00f6sz\u00f6nhet\u0151en a leveg\u0151 \u00e1raml\u00e1sa egyenletes lesz. Ez azt jelenti, hogy mostant\u00f3l a kir\u00e1ndul\u00e1sok \u00e9s utaz\u00e1sok meleg id\u0151ben is kellemesek lehetnek a gyerek\u00fcl\u00e9sben utaz\u00f3 gyermeke sz\u00e1m\u00e1ra.<\/p>\n<p>Az AeroMoov, a l\u00e9gr\u00e9tegek legjobb besz\u00e1ll\u00edt\u00f3ja, \u00e9s az Axkid, mint a menetir\u00e1nynak h\u00e1ttal beszerelhet\u0151 gyerek\u00fcl\u00e9sek szak\u00e9rt\u0151je \u00f6sszefogott \u00e9s ezzel az egy\u00fcttm\u0171k\u00f6d\u00e9ssel magas sz\u00ednvonalra sz\u00e1m\u00edthatsz, ha a k\u00e9nyelemr\u0151l \u00e9s a min\u0151s\u00e9gr\u0151l van sz\u00f3. Az AeroMoov Axkid h\u0171t\u0151bet\u00e9teket \u00fagy tervezt\u00fck, hogy t\u00f6k\u00e9letesen illeszkedjenek az Axkid h\u00e1trafel\u00e9 n\u00e9z\u0151 gyerek\u00fcl\u00e9sekhez. Az egyed\u00fcl\u00e1ll\u00f3, k\u00e9t r\u00e9szb\u0151l \u00e1ll\u00f3 kialak\u00edt\u00e1snak k\u00f6sz\u00f6nhet\u0151en k\u00f6nnyed\u00e9n be\u00e1ll\u00edthatod a fejt\u00e1ml\u00e1t akkor is, amikor gyermeked m\u00e1r a gyerek\u00fcl\u00e9sben van.<\/p>\n<p>Az Axkid h\u0171t\u0151bet\u00e9tek k\u00e9t darabb\u00f3l \u00e1llnak, az egyik f\u0151 r\u00e9sz a t\u00e9nyleges \u00fcl\u00e9shez, a m\u00e1sik r\u00e9sz pedig a fejt\u00e1ml\u00e1hoz k\u00e9sz\u00fclt. Ez biztos\u00edtja a rugalmass\u00e1got, \u00edgy az \u00f6sszes menetir\u00e1nynak h\u00e1ttal beszerelhet\u0151 Axkid 1. \u00e9s 2. csoportba tartoz\u00f3 gyerek\u00fcl\u00e9sben haszn\u00e1lhat\u00f3, bele\u00e9rtve az Axkid One 3, Axkid One 2, Axkid Minikid 4, Axkid Spinkid, Axkid One+ 3, Axkid One+ 2 term\u00e9keket.<\/p>\n<p>Az Axkid h\u0171t\u0151bet\u00e9t organikus pamutb\u00f3l k\u00e9sz\u00fclt, \u00e9s k\u00e9nyelmess\u00e9 var\u00e1zsolja az utaz\u00e1st gyermeked sz\u00e1m\u00e1ra. Sz\u00fcl\u0151k\u00e9nt neked is nagyon praktikus, hiszen a bet\u00e9t 40\u00b0C-on moshat\u00f3 \u00e9s gyorsan sz\u00e1rad. Kiemelend\u0151, hogy a l\u00e9gr\u00e9teg OekoTex 100 Class 1 tan\u00fas\u00edtv\u00e1nnyal rendelkezik. Ez azt jelenti, hogy a l\u00e9gr\u00e9teg teljesen mentes minden olyan anyagt\u00f3l, amely k\u00e1ros lehet a gyermekedre n\u00e9zve. A biztons\u00e1g az els\u0151 &#8211; minden esetben.<\/p>\n<p>Kompatibilis gyerek\u00fcl\u00e9sek: One 3, One+ 3, One 2, One+ 2, Minikid 4, Movekid, Spinkid, Move<\/p>\n","protected":false},"excerpt":{"rendered":"<p>Az AeroMoov Axkid h\u0171t\u0151bet\u00e9teket kifejezetten \u00fagy tervezt\u00fck, hogy gyermeked ne hev\u00fclj\u00f6n t\u00fal a gyerek\u00fcl\u00e9sben. A bels\u0151, egyed\u00fcl\u00e1ll\u00f3 3D-s m\u00e9hsejtes szerkezet egy l\u00e9gr\u00e9teget k\u00e9pez a gyermek \u00e9s az \u00fcl\u00e9s k\u00f6z\u00f6tt. Ez szab\u00e1lyozza a leveg\u0151 \u00e1raml\u00e1s\u00e1t gyermeked h\u00e1ta, l\u00e1bai \u00e9s feje k\u00f6r\u00fcl. A 3D l\u00e9gr\u00e9teg nem t\u00f6m\u00f6r\u00edthet\u0151, \u00edgy \u00e1lland\u00f3 l\u00e9g\u00e1raml\u00e1st \u00e9s k\u00e9nyelmet biztos\u00edt gyermeke sz\u00e1m\u00e1ra.<\/p>\n","protected":false},"featured_media":4058,"comment_status":"open","ping_status":"closed","template":"","meta":{"_acf_changed":false,"_seopress_robots_primary_cat":"none","_seopress_titles_title":"Axkid H\u0171t\u0151bet\u00e9t | Megfelel\u0151 h\u0151m\u00e9rs\u00e9klet\u00e9rt | Axkid","_seopress_titles_desc":"Az Axkid h\u0171t\u0151bet\u00e9t a forr\u00f3 napokon el\u0151seg\u00edti gyermeked megfelel\u0151 testh\u0151m\u00e9rs\u00e9klet\u00e9nek megtart\u00e1s\u00e1t a gyerek\u00fcl\u00e9sben.","_seopress_robots_index":"","content-type":"","_relevanssi_hide_post":"","_relevanssi_hide_content":"","_relevanssi_pin_for_all":"","_relevanssi_pin_keywords":"","_relevanssi_unpin_keywords":"","_relevanssi_related_keywords":"","_relevanssi_related_include_ids":"","_relevanssi_related_exclude_ids":"","_relevanssi_related_no_append":"","_relevanssi_related_not_related":"","_relevanssi_related_posts":"","_relevanssi_noindex_reason":"","editor_notices":[]},"product_brand":[],"product_cat":[435,434,17,412],"product_tag":[],"class_list":{"0":"post-2531","1":"product","2":"type-product","3":"status-publish","4":"has-post-thumbnail","6":"product_cat-gyerekules-betetek-es-parnak","7":"product_cat-gyerekules-huzatok","8":"product_cat-kiegeszitok","9":"product_cat-outlet","11":"first","12":"instock","13":"taxable","14":"shipping-taxable","15":"purchasable","16":"product-type-simple"},"bundled_by":[],"bundle_stock_status":"instock","bundle_stock_quantity":10,"bundle_virtual":false,"bundle_layout":"","bundle_add_to_cart_form_location":"","bundle_editable_in_cart":false,"bundle_sold_individually_context":"","bundle_item_grouping":"","bundle_min_size":"","bundle_max_size":"","bundle_price":[],"bundled_items":[],"bundle_sell_ids":[],"acf":[],"_links":{"self":[{"href":"https:\/\/axkid.com\/hu\/wp-json\/wp\/v2\/product\/2531","targetHints":{"allow":["GET"]}}],"collection":[{"href":"https:\/\/axkid.com\/hu\/wp-json\/wp\/v2\/product"}],"about":[{"href":"https:\/\/axkid.com\/hu\/wp-json\/wp\/v2\/types\/product"}],"replies":[{"embeddable":true,"href":"https:\/\/axkid.com\/hu\/wp-json\/wp\/v2\/comments?post=2531"}],"wp:featuredmedia":[{"embeddable":true,"href":"https:\/\/axkid.com\/hu\/wp-json\/wp\/v2\/media\/4058"}],"wp:attachment":[{"href":"https:\/\/axkid.com\/hu\/wp-json\/wp\/v2\/media?parent=2531"}],"wp:term":[{"taxonomy":"product_brand","embeddable":true,"href":"https:\/\/axkid.com\/hu\/wp-json\/wp\/v2\/product_brand?post=2531"},{"taxonomy":"product_cat","embeddable":true,"href":"https:\/\/axkid.com\/hu\/wp-json\/wp\/v2\/product_cat?post=2531"},{"taxonomy":"product_tag","embeddable":true,"href":"https:\/\/axkid.com\/hu\/wp-json\/wp\/v2\/product_tag?post=2531"}],"curies":[{"name":"wp","href":"https:\/\/api.w.org\/{rel}","templated":true}]}}