{"id":25707,"date":"2024-09-22T14:29:18","date_gmt":"2024-09-22T13:29:18","guid":{"rendered":"https:\/\/axkid.com\/?post_type=product&#038;p=25707"},"modified":"2026-04-17T02:13:53","modified_gmt":"2026-04-17T01:13:53","slug":"one-plus-3","status":"publish","type":"product","link":"https:\/\/axkid.com\/hu\/product\/one-plus-3\/","title":{"rendered":"One+ 3"},"content":{"rendered":"<p>A h\u00e1trafel\u00e9 n\u00e9z\u0151 gyerek\u00fcl\u00e9sek bizony\u00edtottan a legbiztons\u00e1gosabb megold\u00e1s kisgyermekek sz\u00e1m\u00e1ra. Azonban kialak\u00edt\u00e1suk \u00e9s helyig\u00e9ny\u00fck miatt kev\u00e9sb\u00e9 n\u00e9pszer\u0171ek. Ez\u00e9rt hoztuk l\u00e9tre az Axkid One-t, egy innovat\u00edv megold\u00e1st, amely ezeket a kih\u00edv\u00e1sokat megoldja, gyermekeink biztons\u00e1ga \u00e9rdek\u00e9ben.<\/p>\n","protected":false},"excerpt":{"rendered":"<p>Az egyetlen Plus Test tan\u00fas\u00edtv\u00e1nnyal rendelkez\u0151 ISOFIX \u00fcl\u00e9s a piacon, amely sz\u00fclet\u00e9st\u0151l 7 \u00e9ves korig (40-125 cm\/23 kg) lehet\u0151v\u00e9 teszi a h\u00e1trafel\u00e9 n\u00e9z\u0151 utaz\u00e1st. Biztons\u00e1gos beszerel\u00e9s kevesebb mint 30 m\u00e1sodperc alatt. A beszerel\u00e9s ut\u00e1n 30 cm-ig \u00e1ll\u00edthat\u00f3 l\u00e1bt\u00e9r.<\/p>\n","protected":false},"featured_media":3700000853103,"comment_status":"open","ping_status":"closed","template":"","meta":{"_acf_changed":false,"_seopress_robots_primary_cat":"none","_seopress_titles_title":"ONE+ 3 | Axkid","_seopress_titles_desc":"Az Axkid One+ sz\u00e1mos d\u00edjat kapott \u00e9s megnyerte a vil\u00e1g legnagyobb biztons\u00e1gi tesztj\u00e9t, az ADAC-ot.","_seopress_robots_index":"","content-type":"","_relevanssi_hide_post":"","_relevanssi_hide_content":"","_relevanssi_pin_for_all":"","_relevanssi_pin_keywords":"","_relevanssi_unpin_keywords":"","_relevanssi_related_keywords":"","_relevanssi_related_include_ids":"","_relevanssi_related_exclude_ids":"","_relevanssi_related_no_append":"","_relevanssi_related_not_related":"","_relevanssi_related_posts":"","_relevanssi_noindex_reason":"","editor_notices":[]},"product_brand":[],"product_cat":[80,18,79],"product_tag":[],"class_list":{"0":"post-25707","1":"product","2":"type-product","3":"status-publish","4":"has-post-thumbnail","6":"product_cat-hatrafele-nezo-gyerekulesek","7":"product_cat-gyerekules","8":"product_cat-ujszulott-es-babaulesek","10":"first","11":"instock","12":"taxable","13":"shipping-taxable","14":"purchasable","15":"product-type-variable","16":"has-default-attributes"},"bundled_by":[],"bundle_stock_status":"instock","bundle_stock_quantity":null,"bundle_virtual":false,"bundle_layout":"","bundle_add_to_cart_form_location":"","bundle_editable_in_cart":false,"bundle_sold_individually_context":"","bundle_item_grouping":"","bundle_min_size":"","bundle_max_size":"","bundle_price":[],"bundled_items":[],"bundle_sell_ids":[],"acf":[],"_links":{"self":[{"href":"https:\/\/axkid.com\/hu\/wp-json\/wp\/v2\/product\/25707","targetHints":{"allow":["GET"]}}],"collection":[{"href":"https:\/\/axkid.com\/hu\/wp-json\/wp\/v2\/product"}],"about":[{"href":"https:\/\/axkid.com\/hu\/wp-json\/wp\/v2\/types\/product"}],"replies":[{"embeddable":true,"href":"https:\/\/axkid.com\/hu\/wp-json\/wp\/v2\/comments?post=25707"}],"wp:featuredmedia":[{"embeddable":true,"href":"https:\/\/axkid.com\/hu\/wp-json\/"}],"wp:attachment":[{"href":"https:\/\/axkid.com\/hu\/wp-json\/wp\/v2\/media?parent=25707"}],"wp:term":[{"taxonomy":"product_brand","embeddable":true,"href":"https:\/\/axkid.com\/hu\/wp-json\/wp\/v2\/product_brand?post=25707"},{"taxonomy":"product_cat","embeddable":true,"href":"https:\/\/axkid.com\/hu\/wp-json\/wp\/v2\/product_cat?post=25707"},{"taxonomy":"product_tag","embeddable":true,"href":"https:\/\/axkid.com\/hu\/wp-json\/wp\/v2\/product_tag?post=25707"}],"curies":[{"name":"wp","href":"https:\/\/api.w.org\/{rel}","templated":true}]}}