{"id":4104,"date":"2024-09-21T02:00:35","date_gmt":"2024-09-21T01:00:35","guid":{"rendered":"https:\/\/axkid.com\/?post_type=product&#038;p=4104"},"modified":"2026-02-24T10:28:58","modified_gmt":"2026-02-24T09:28:58","slug":"one-plus-2","status":"publish","type":"product","link":"https:\/\/axkid.com\/hu\/product\/one-plus-2\/","title":{"rendered":"One+ 2"},"content":{"rendered":"<p>Az Axkid One+ 2 az egyetlen ISOFIX gyerek\u00fcl\u00e9s a piacon, amely kb. 7 \u00e9ves korig (40-125 cm\/23 kg) lehet\u0151v\u00e9 teszi a h\u00e1trafel\u00e9 n\u00e9z\u0151 utaz\u00e1st. Egyszer\u0171 \u00e9s biztons\u00e1gos beszerel\u00e9s 30 m\u00e1sodperc alatt. A piacon el\u00e9rhet\u0151 legnagyobb l\u00e1bt\u00e9rrel rendelkezik, ugyanakkor rugalmass\u00e1ga r\u00e9v\u00e9n az egyik legkompaktabb menetir\u00e1nynak h\u00e1ttal beszerelhet\u0151 gyerek\u00fcl\u00e9s a piacon.<\/p>\n<p><strong>A legbiztons\u00e1gosabb gyerek\u00fcl\u00e9s, amit valaha k\u00e9sz\u00edtett\u00fcnk<\/strong> \u2013 Az egyetlen menetir\u00e1nynak h\u00e1ttal beszerelhet\u0151 ISOFIX gyerek\u00fcl\u00e9s a piacon, amely 125 cm testmagass\u00e1gig \u00e9s 23 kg tests\u00falyig vagy kb. 7 \u00e9ves korig &#8220;i-Size&#8221; j\u00f3v\u00e1hagy\u00e1ssal rendelkezik. A gyerek\u00fcl\u00e9s a vil\u00e1g egyik legszigor\u00fabb t\u00f6r\u00e9stesztj\u00e9n &#8211; a sv\u00e9d Plus-teszten &#8211; is megfelelt.<\/p>\n<p><strong>Egy gyerek\u00fcl\u00e9s a teljes gyermekkor alatt<\/strong> \u2013 A gyerek\u00fcl\u00e9s ak\u00e1r csecsem\u0151kort\u00f3l eg\u00e9szen 7 \u00e9ves korig haszn\u00e1lhat\u00f3.<\/p>\n<p><strong>A legnagyobb l\u00e1bt\u00e9r a piacon<\/strong> \u2013 A dinamikus l\u00e1bt\u00e9rrendszer a piacon el\u00e9rhet\u0151 legnagyobb l\u00e1bteret biztos\u00edtja, valamint k\u00f6nny\u0171 hozz\u00e1f\u00e9r\u00e9st tesz lehet\u0151v\u00e9 gyermek\u00e9hez. A cs\u00fasztathat\u00f3 \u00fcl\u00e9stechnol\u00f3gi\u00e1nak k\u00f6sz\u00f6nhet\u0151en az egyik legkompaktabb menetir\u00e1nynak h\u00e1ttal elhelyezett gyerek\u00fcl\u00e9s a piacon &#8211; m\u00e9g a legkisebb aut\u00f3kba is illeszkedik.<\/p>\n<p><strong>K\u00f6nnyen haszn\u00e1lhat\u00f3 \u00e9s alkalmazkodik gyermekedhez<\/strong> \u2013 A cs\u00fasztathat\u00f3 \u00fcl\u00e9stechnol\u00f3gia \u00e9s a tov\u00e1bbfejlesztett alv\u00e1st seg\u00edt\u0151 rendszer seg\u00edts\u00e9g\u00e9vel a gyerek\u00fcl\u00e9s k\u00f6nnyen a gyermeked ig\u00e9nyeihez igaz\u00edthat\u00f3.<\/p>\n<p><strong>Garant\u00e1ltan gyors \u00e9s biztons\u00e1gos 30 m\u00e1sodperces beszerel\u00e9s<\/strong>\u2013 Csak kattintsd be az ISOFIX csatlakoz\u00f3kat, hajtsd ki a tart\u00f3l\u00e1bat \u00e9s oldj ki az automata visszapattan\u00f3 rudat, \u00e9s m\u00e1r k\u00e9sz is.<\/p>\n<p><strong>Innovat\u00edv k\u00f6nny\u0171szerkezetes kialak\u00edt\u00e1s<\/strong> \u2013 30%-kal kisebbs\u00faly\u00fa, mint a piacon kaphat\u00f3 t\u00f6bbi gyerek\u00fcl\u00e9s, emellett kevesebb m\u0171anyag felhaszn\u00e1l\u00e1s\u00e1val k\u00e9sz\u00fclt.<\/p>\n<p><strong>Egy fenntarthat\u00f3 v\u00e1laszt\u00e1s<\/strong> \u2013 Az Axkid One+ 2 \u00f3ri\u00e1si el\u0151nyt jelent az \u00e9letciklus tekintet\u00e9ben, mivel ak\u00e1r 7 \u00e9vig is haszn\u00e1lhat\u00f3. Maga az innovat\u00edv \u00fcl\u00e9s k\u00f6nnyen sz\u00e9tszerelhet\u0151 \u00e9s magas fok\u00fa \u00fajrahasznos\u00edthat\u00f3s\u00e1ggal rendelkez\u0151 anyagokb\u00f3l k\u00e9sz\u00fcl.<\/p>\n<h3>A menetir\u00e1nynak h\u00e1ttal elhelyezett gyerek\u00fcl\u00e9s \u00faj gener\u00e1ci\u00f3ja<\/h3>\n<p>Az Axkid One+ 2 \u00faj szintre emeli a gyerek\u00fcl\u00e9sek biztons\u00e1g\u00e1t. El\u0151dj\u00e9vel, az Axkid One-nal egy\u00fctt ez az egyetlen menetir\u00e1nynak h\u00e1ttal beszerelhet\u0151 ISOFIX \u00fcl\u00e9s a piacon, amely 125 cm testmagass\u00e1gig \u00e9s 23 kg tests\u00falyig vagy kb. 7 \u00e9ves korig &#8220;i-Size&#8221; j\u00f3v\u00e1hagy\u00e1ssal rendelkezik, ez pedig azt jelenti, hogy gyermeked ak\u00e1r 3 \u00e9vvel tov\u00e1bb utazhat menetir\u00e1nynak h\u00e1trafel\u00e9, mint a piacon l\u00e9v\u0151 m\u00e1s ISOFIX gyerek\u00fcl\u00e9sek haszn\u00e1lata eset\u00e9n. A h\u00e1trafel\u00e9 n\u00e9z\u0151 utaz\u00e1s ak\u00e1r 5-sz\u00f6r biztons\u00e1gosabb a gyermekek sz\u00e1m\u00e1ra eg\u00e9szen 6-7 \u00e9ves korukig. \u00c9ppen ez\u00e9rt az Axkid One+ 2 szerepel az Axkid hossz\u00fa t\u00e1v\u00fa biztons\u00e1gi programj\u00e1ban, amely a lehet\u0151 leghosszabb ideig ny\u00fajt biztons\u00e1got a menetir\u00e1nynak h\u00e1ttal elhelyezett gyerek\u00fcl\u00e9sben.<\/p>\n<p><a href=\"https:\/\/axkid.com\/hu\/safety\/launching-axkid-one-2\/\">A k\u00fcl\u00f6nbs\u00e9gekr\u0151l b\u0151vebben itt olvashat \u00bb<\/a><\/p>\n<h3>Sv\u00e9dorsz\u00e1gban meg\u00faj\u00edtott er\u0151s \u00e9s k\u00f6nny\u0171 kialak\u00edt\u00e1s<\/h3>\n<p>Az Axkid One+ 2 \u00faj \u00e9s innovat\u00edv kialak\u00edt\u00e1ssal k\u00e9sz\u00fclt, amely alum\u00edniumot \u00e9s edzett ac\u00e9lt haszn\u00e1l, ezzel olyan v\u00e1ztechnol\u00f3gi\u00e1t alkotva, amely v\u00e9d\u0151gub\u00f3k\u00e9nt \u00f6leli \u00e1t gyermek\u00e9t. Maga az \u00fcl\u00e9s \u00fct\u00e9selnyel\u0151 anyagokb\u00f3l k\u00e9sz\u00fcl, \u00edgy szinte teljesen elnyeli az \u00fctk\u00f6z\u00e9skor keletkez\u0151 er\u0151hat\u00e1sokat. Az \u00fcl\u00e9sbe szell\u0151z\u0151ny\u00edl\u00e1sokat \u00e9p\u00edtett\u00fcnk be, \u00edgy az a forr\u00f3 ny\u00e1ri napokon h\u0171t\u00e9st biztos\u00edt a gyermek sz\u00e1m\u00e1ra. Az \u00fcl\u00e9s s\u00falya kevesebb, mint 10 kg, \u00edgy az id\u0151sebb \u00e9s nehezebb gyermekek eg\u00e9szen 7 \u00e9ves korukig utazhatnak a menetir\u00e1nynak h\u00e1ttal.<\/p>\n<h3>A legnagyobb l\u00e1bt\u00e9r a piacon<\/h3>\n<p>Az Axkid One+ 2 s\u00ednekre van szerelve, \u00edgy a gyerek\u00fcl\u00e9s egy k\u00e9zzel el\u0151re-h\u00e1tra igaz\u00edthat\u00f3. A mozg\u00e1si tartom\u00e9ny 30 cm. A cs\u00fasztathat\u00f3 \u00fcl\u00e9stechnol\u00f3gia sz\u00fcks\u00e9g eset\u00e9n tov\u00e1bbi helyet biztos\u00edt az els\u0151 \u00fcl\u00e9sen utaz\u00f3 utas sz\u00e1m\u00e1ra an\u00e9lk\u00fcl, hogy az \u00fcl\u00e9st ki kellene venni az aut\u00f3b\u00f3l. Egyszer\u0171en csak told az \u00fcl\u00e9st h\u00e1trafel\u00e9 a h\u00e1ts\u00f3 \u00fcl\u00e9s fel\u00e9! A piacon egyetlen m\u00e1s \u00fcl\u00e9s sem rendelkezik ezekkel a tulajdons\u00e1gokkal, ez\u00e9rt az Axkid One+ 2 a piacon el\u00e9rhet\u0151 legnagyobb l\u00e1bteret biztos\u00edtja gyermeked sz\u00e1m\u00e1ra, ugyanakkor az egyik legkompaktabb menetir\u00e1nynak h\u00e1ttal elhelyezett gyerek\u00fcl\u00e9s a piacon, amely m\u00e9g a legkisebb aut\u00f3kba is bef\u00e9r, \u00edgy \u00f3ri\u00e1si rugalmass\u00e1got biztos\u00edt csal\u00e1d ig\u00e9nyei sz\u00e1m\u00e1ra.<\/p>\n<p>Ez az egyed\u00fcl\u00e1ll\u00f3 tulajdons\u00e1g a menetir\u00e1nynak h\u00e1ttal beszerelhet\u0151 \u00fcl\u00e9sekkel kapcsolatos kor\u00e1bbi h\u00e1tr\u00e1nyokat is megsz\u00fcnteti. Egyszer\u0171bb gyermeked az \u00fcl\u00e9sbe \u00fcltetni, mivel a sz\u00f6g nagyobb. Nagyobb gyermekek eset\u00e9ben a v\u00e9d\u0151keret-technol\u00f3gia foganty\u00fak\u00e9nt is funkcion\u00e1lhat, \u00edgy \u0151k maguk is k\u00f6nnyen be\u00fclhetnek \u00e9s kisz\u00e1llhatnak. Nincs sz\u00fcks\u00e9g forgathat\u00f3 funkci\u00f3kra, amelyek elveszik a helyet, \u00e9s ez\u00e1ltal azt eredm\u00e9nyezik, hogy a gyermekek id\u0151 el\u0151tt kin\u00f6vik az \u00fcl\u00e9st. Az id\u0151sebb gyermekek 7 \u00e9ves korig vagy 125 cm testmagass\u00e1gig \u00e9s 23 kg tests\u00falyig k\u00e9nyelmesen utazhatnak, \u00e9s az elfordul\u00e1sg\u00e1tl\u00f3 r\u00fad nagym\u00e9ret\u0171 kialak\u00edt\u00e1sa a piacon kaphat\u00f3 t\u00f6bbi \u00fcl\u00e9shez k\u00e9pest extra l\u00e1bteret biztos\u00edt.<\/p>\n<h3>Gyors \u00e9s biztons\u00e1gos beszerel\u00e9s 30 m\u00e1sodperc alatt<\/h3>\n<p>Sz\u00e1mos menetir\u00e1nynak el\u0151re \u00e9s menetir\u00e1nynak h\u00e1tra beszerelhet\u0151 gyerek\u00fcl\u00e9st bizonyos m\u00e9rt\u00e9kig helytelen\u00fcl szerelnek be, s ez cs\u00f6kkenti az \u00fcl\u00e9s biztons\u00e1g\u00e1t. Ez\u00e9rt az Axkid One+ 2 egyszer\u0171 telep\u00edt\u00e9si rendszerrel van ell\u00e1tva. A beszerel\u00e9s mind\u00f6ssze 6 egyszer\u0171 l\u00e9p\u00e9sb\u0151l \u00e1ll. Az automatikus visszapattan\u00f3 r\u00fad be\u00e9p\u00edtett hangjelz\u00e9ssel t\u00e1j\u00e9koztatja \u00d6nt, amikor az \u00fcl\u00e9s az optim\u00e1lis helyzetben van. Az ISOFIX csatlakoz\u00f3kkal \u00e9s a k\u00f6nny\u0171 kezelhet\u0151s\u00e9get biztos\u00edt\u00f3 k\u00f6nny\u00edtett szerkezettel kombin\u00e1lva garant\u00e1ljuk, hogy az \u00fcl\u00e9s kevesebb, mint 30 m\u00e1sodperc alatt beszerelhet\u0151.<\/p>\n<h3>K\u00e9nyelem a 0-7 \u00e9ves koroszt\u00e1lynak<\/h3>\n<p>Az Axkid One+ 2 a tov\u00e1bbfejlesztett alv\u00e1st seg\u00edt\u0151 rendszerrel van ell\u00e1tva, amely lehet\u0151v\u00e9 teszi, hogy az \u00fcl\u00e9s eg\u00e9szen 42 fokig d\u00f6nthet\u0151 legyen. Ez azt jelenti, hogy a gyerek\u00fcl\u00e9s \u00fagy is be\u00e1ll\u00edthat\u00f3, hogy az \u00fajsz\u00fcl\u00f6ttek sz\u00e1m\u00e1ra is haszn\u00e1lhat\u00f3 legyen. Ne feledd, hogy a bababet\u00e9t csak az Axkid One+ 2 gyerek\u00fcl\u00e9salaptartoz\u00e9ka. Az id\u0151sebb gyermekek \u00e9rt\u00e9kelni fogj\u00e1k a tov\u00e1bbfejlesztett alv\u00e1st seg\u00edt\u0151 rendszert, amely lehet\u0151v\u00e9 teszi sz\u00e1mukra, hogy k\u00e9nyelmesen tudjanak aludni az utaz\u00e1sok sor\u00e1n.<\/p>\n<h3>Vil\u00e1gels\u0151 biztons\u00e1gi rendszer Sv\u00e9dorsz\u00e1gb\u00f3l<\/h3>\n<p>Az Axkid One+ 2 a sv\u00e9d Holmbergs\u00ae technol\u00f3giai szolg\u00e1ltat\u00f3 pr\u00e9mium kateg\u00f3ri\u00e1s h\u00e1mj\u00e1val \u00e9s biztons\u00e1gi rendszer\u00e9vel van ell\u00e1tva. Minden alkatr\u00e9szt, a csaton \u00e1t az \u00f6vig, az el\u0151\u00edr\u00e1sokon t\u00falmen\u0151en tesztelt\u00fcnk, \u00edgy biztos\u00edtva a kiv\u00e1l\u00f3 min\u0151s\u00e9get \u00e9s a vil\u00e1g piacvezet\u0151 v\u00e1llalat\u00e1t megk\u00fcl\u00f6nb\u00f6ztet\u0151 teljes\u00edtm\u00e9nyt.<\/p>\n<h3>Axkid One+ 2<\/h3>\n<p>Az extra al\u00e1t\u00e1maszt\u00e1st jelent\u0151 puha bet\u00e9teknek \u00e9s a d\u0151l\u00e9ssz\u00f6g \u00e1ll\u00edthat\u00f3s\u00e1g\u00e1nak k\u00f6sz\u00f6nhet\u0151en kisgyermeke m\u00e1r az els\u0151 napt\u00f3l kezdve biztons\u00e1gosan utazhat ebben az \u00fcl\u00e9sben. A csecsem\u0151knek sz\u00e1nt extra bet\u00e9t csak az Axkid One+ gyerek\u00fcl\u00e9s alaptartoz\u00e9ka. <a href=\"https:\/\/axkid.com\/hu\/product\/axkid-one-plus-2\/\">Tov\u00e1bbi inform\u00e1ci\u00f3 az Axkid One+ 2 term\u00e9kr\u0151l itt \u00bb<\/a><\/p>\n<p>ASIP mell\u00e9kelve<\/p>\n","protected":false},"excerpt":{"rendered":"<p>Az egyetlen Plus Test tan\u00fas\u00edtv\u00e1nnyal rendelkez\u0151 ISOFIX \u00fcl\u00e9s a piacon, amely 7 \u00e9ves korig (40-125 cm\/23 kg) lehet\u0151v\u00e9 teszi a h\u00e1trafel\u00e9 n\u00e9z\u0151 utaz\u00e1st. Biztons\u00e1gos beszerel\u00e9s kevesebb mint 30 m\u00e1sodperc alatt. Be\u00e9p\u00edt\u00e9s ut\u00e1n 30 cm-ig \u00e1ll\u00edthat\u00f3 l\u00e1bt\u00e9r.<\/p>\n","protected":false},"featured_media":4096,"comment_status":"open","ping_status":"closed","template":"","meta":{"_acf_changed":false,"_seopress_robots_primary_cat":"none","_seopress_titles_title":"One+ 2 | H\u00e1trafel\u00e9 N\u00e9z\u0151 Gyerek\u00fcl\u00e9s | Axkid","_seopress_titles_desc":"Az egyetlen Plus Test tan\u00fas\u00edtv\u00e1nnyal rendelkez\u0151 ISOFIX \u00fcl\u00e9s a piacon, amely 7 \u00e9ves korig (40-125 cm\/23 kg) lehet\u0151v\u00e9 teszi a h\u00e1trafel\u00e9 n\u00e9z\u0151 utaz\u00e1st.","_seopress_robots_index":"","content-type":"","_relevanssi_hide_post":"","_relevanssi_hide_content":"","_relevanssi_pin_for_all":"","_relevanssi_pin_keywords":"","_relevanssi_unpin_keywords":"","_relevanssi_related_keywords":"","_relevanssi_related_include_ids":"","_relevanssi_related_exclude_ids":"","_relevanssi_related_no_append":"","_relevanssi_related_not_related":"","_relevanssi_related_posts":"","_relevanssi_noindex_reason":"","editor_notices":[]},"product_brand":[],"product_cat":[80,18,412,79],"product_tag":[],"class_list":{"0":"post-4104","1":"product","2":"type-product","3":"status-publish","4":"has-post-thumbnail","6":"product_cat-hatrafele-nezo-gyerekulesek","7":"product_cat-gyerekules","8":"product_cat-outlet","9":"product_cat-ujszulott-es-babaulesek","11":"first","12":"instock","13":"sale","14":"taxable","15":"shipping-taxable","16":"purchasable","17":"product-type-variable","18":"has-default-attributes"},"bundled_by":[],"bundle_stock_status":"instock","bundle_stock_quantity":null,"bundle_virtual":false,"bundle_layout":"","bundle_add_to_cart_form_location":"","bundle_editable_in_cart":false,"bundle_sold_individually_context":"","bundle_item_grouping":"","bundle_min_size":"","bundle_max_size":"","bundle_price":[],"bundled_items":[],"bundle_sell_ids":[],"acf":[],"_links":{"self":[{"href":"https:\/\/axkid.com\/hu\/wp-json\/wp\/v2\/product\/4104","targetHints":{"allow":["GET"]}}],"collection":[{"href":"https:\/\/axkid.com\/hu\/wp-json\/wp\/v2\/product"}],"about":[{"href":"https:\/\/axkid.com\/hu\/wp-json\/wp\/v2\/types\/product"}],"replies":[{"embeddable":true,"href":"https:\/\/axkid.com\/hu\/wp-json\/wp\/v2\/comments?post=4104"}],"wp:featuredmedia":[{"embeddable":true,"href":"https:\/\/axkid.com\/hu\/wp-json\/wp\/v2\/media\/4096"}],"wp:attachment":[{"href":"https:\/\/axkid.com\/hu\/wp-json\/wp\/v2\/media?parent=4104"}],"wp:term":[{"taxonomy":"product_brand","embeddable":true,"href":"https:\/\/axkid.com\/hu\/wp-json\/wp\/v2\/product_brand?post=4104"},{"taxonomy":"product_cat","embeddable":true,"href":"https:\/\/axkid.com\/hu\/wp-json\/wp\/v2\/product_cat?post=4104"},{"taxonomy":"product_tag","embeddable":true,"href":"https:\/\/axkid.com\/hu\/wp-json\/wp\/v2\/product_tag?post=4104"}],"curies":[{"name":"wp","href":"https:\/\/api.w.org\/{rel}","templated":true}]}}