{"id":571,"date":"2023-07-04T08:14:50","date_gmt":"2023-07-04T07:14:50","guid":{"rendered":"\/?post_type=product&#038;p=571"},"modified":"2026-03-26T14:19:21","modified_gmt":"2026-03-26T13:19:21","slug":"seat-protection-premium","status":"publish","type":"product","link":"https:\/\/axkid.com\/hu\/product\/seat-protection-premium\/","title":{"rendered":"Pr\u00e9mium \u00fcl\u00e9sv\u00e9d\u0151"},"content":{"rendered":"<p>Az Axkid \u00fcl\u00e9sv\u00e9d\u0151 megv\u00e9di aut\u00f3d k\u00e1rpitj\u00e1t a kop\u00e1st\u00f3l \u00e9s a szennyez\u0151d\u00e9sekt\u0151l. Az egyedi kialak\u00edt\u00e1snak k\u00f6sz\u00f6nhet\u0151en ez az \u00fcl\u00e9sv\u00e9d\u0151 egyar\u00e1nt t\u00f6k\u00e9letesen kompatibilis az ISOFIX rendszerrel ell\u00e1tott \u00e9s az ISOFIX rendszerrel nem rendelkez\u0151 \u00fcl\u00e9sekkel. Els\u0151 \u00e9s h\u00e1ts\u00f3 \u00fcl\u00e9sekre is felhelyezhet\u0151. Az \u00fcl\u00e9sv\u00e9d\u0151 k\u00e9t t\u00e1rol\u00f3rekesszel rendelkezik, amelyekbe t\u00e1rgyakat helyezhetsz el, valamint egy iPad tart\u00f3val is kieg\u00e9sz\u00fcl.<\/p>\n","protected":false},"excerpt":{"rendered":"<p>Axkid \u00fcl\u00e9sv\u00e9d\u0151, hogy megv\u00e9dje aut\u00f3d k\u00e1rpitj\u00e1t a kop\u00e1st\u00f3l \u00e9s a szennyez\u0151d\u00e9sekt\u0151l. Az egyedi kialak\u00edt\u00e1snak k\u00f6sz\u00f6nhet\u0151en ez az \u00fcl\u00e9sv\u00e9d\u0151 ISOFIX rendszerrel ell\u00e1tott \u00e9s ISOFIX n\u00e9lk\u00fcli \u00fcl\u00e9sekhez egyar\u00e1nt illeszkedik.<\/p>\n","protected":false},"featured_media":16134,"comment_status":"open","ping_status":"closed","template":"","meta":{"_acf_changed":false,"_seopress_robots_primary_cat":"none","_seopress_titles_title":"Axkid Pr\u00e9mium \u00fcl\u00e9sv\u00e9d\u0151 | Gyerek\u00fcl\u00e9s Kieg\u00e9sz\u00edt\u0151k | Axkid","_seopress_titles_desc":"Megv\u00e9di aut\u00f3d k\u00e1rpitj\u00e1t a kop\u00e1st\u00f3l \u00e9s a szennyez\u0151d\u00e9sekt\u0151l. Minden gyerek\u00fcl\u00e9ssel kompatibilis. T\u00e1rol\u00f3 zsebekkel \u00e9s iPad tart\u00f3val.","_seopress_robots_index":"","content-type":"","_relevanssi_hide_post":"","_relevanssi_hide_content":"","_relevanssi_pin_for_all":"","_relevanssi_pin_keywords":"","_relevanssi_unpin_keywords":"","_relevanssi_related_keywords":"","_relevanssi_related_include_ids":"","_relevanssi_related_exclude_ids":"","_relevanssi_related_no_append":"","_relevanssi_related_not_related":"","_relevanssi_related_posts":"","_relevanssi_noindex_reason":"","editor_notices":[]},"product_brand":[],"product_cat":[17,412,436],"product_tag":[94],"class_list":{"0":"post-571","1":"product","2":"type-product","3":"status-publish","4":"has-post-thumbnail","6":"product_cat-kiegeszitok","7":"product_cat-outlet","8":"product_cat-ulesvedo-es-tarolok","9":"product_tag-accessories-comfort-and-protection","11":"first","12":"instock","13":"taxable","14":"shipping-taxable","15":"purchasable","16":"product-type-simple"},"bundled_by":[],"bundle_stock_status":"instock","bundle_stock_quantity":5,"bundle_virtual":false,"bundle_layout":"","bundle_add_to_cart_form_location":"","bundle_editable_in_cart":false,"bundle_sold_individually_context":"","bundle_item_grouping":"","bundle_min_size":"","bundle_max_size":"","bundle_price":[],"bundled_items":[],"bundle_sell_ids":[],"acf":[],"_links":{"self":[{"href":"https:\/\/axkid.com\/hu\/wp-json\/wp\/v2\/product\/571","targetHints":{"allow":["GET"]}}],"collection":[{"href":"https:\/\/axkid.com\/hu\/wp-json\/wp\/v2\/product"}],"about":[{"href":"https:\/\/axkid.com\/hu\/wp-json\/wp\/v2\/types\/product"}],"replies":[{"embeddable":true,"href":"https:\/\/axkid.com\/hu\/wp-json\/wp\/v2\/comments?post=571"}],"wp:featuredmedia":[{"embeddable":true,"href":"https:\/\/axkid.com\/hu\/wp-json\/wp\/v2\/media\/16134"}],"wp:attachment":[{"href":"https:\/\/axkid.com\/hu\/wp-json\/wp\/v2\/media?parent=571"}],"wp:term":[{"taxonomy":"product_brand","embeddable":true,"href":"https:\/\/axkid.com\/hu\/wp-json\/wp\/v2\/product_brand?post=571"},{"taxonomy":"product_cat","embeddable":true,"href":"https:\/\/axkid.com\/hu\/wp-json\/wp\/v2\/product_cat?post=571"},{"taxonomy":"product_tag","embeddable":true,"href":"https:\/\/axkid.com\/hu\/wp-json\/wp\/v2\/product_tag?post=571"}],"curies":[{"name":"wp","href":"https:\/\/api.w.org\/{rel}","templated":true}]}}