{"id":826,"date":"2019-09-24T14:26:27","date_gmt":"2019-09-24T13:26:27","guid":{"rendered":"\/?post_type=product&#038;p=826"},"modified":"2026-02-26T13:46:05","modified_gmt":"2026-02-26T12:46:05","slug":"ipad-holder","status":"publish","type":"product","link":"https:\/\/axkid.com\/hu\/product\/ipad-holder\/","title":{"rendered":"iPad tart\u00f3"},"content":{"rendered":"<p>iPad vagy m\u00e1s t\u00e1blag\u00e9p sz\u00e1m\u00e1ra. A vezet\u0151i- vagy az any\u00f3s\u00fcl\u00e9s fejt\u00e1ml\u00e1j\u00e1nak h\u00e1tulj\u00e1ra r\u00f6gz\u00edthet\u0151.<\/p>\n","protected":false},"excerpt":{"rendered":"<p>Tart\u00f3 iPad vagy m\u00e1s t\u00e1blag\u00e9p sz\u00e1m\u00e1ra. A vezet\u0151- vagy utas\u00fcl\u00e9s fejt\u00e1ml\u00e1j\u00e1nak h\u00e1tulj\u00e1ra szerelhet\u0151.<\/p>\n","protected":false},"featured_media":831,"comment_status":"open","ping_status":"closed","template":"","meta":{"_acf_changed":false,"_seopress_robots_primary_cat":"none","_seopress_titles_title":"Axkid iPad Tart\u00f3 | Gyerek\u00fcl\u00e9s Kieg\u00e9sz\u00edt\u0151k | Axkid","_seopress_titles_desc":"iPad vagy m\u00e1s t\u00e1blag\u00e9p sz\u00e1m\u00e1ra. A vezet\u0151i- vagy az any\u00f3s\u00fcl\u00e9s fejt\u00e1ml\u00e1j\u00e1nak h\u00e1tulj\u00e1ra r\u00f6gz\u00edthet\u0151.","_seopress_robots_index":"","content-type":"","_relevanssi_hide_post":"","_relevanssi_hide_content":"","_relevanssi_pin_for_all":"","_relevanssi_pin_keywords":"","_relevanssi_unpin_keywords":"","_relevanssi_related_keywords":"","_relevanssi_related_include_ids":"","_relevanssi_related_exclude_ids":"","_relevanssi_related_no_append":"","_relevanssi_related_not_related":"","_relevanssi_related_posts":"","_relevanssi_noindex_reason":"","editor_notices":[]},"product_brand":[],"product_cat":[17],"product_tag":[94],"class_list":{"0":"post-826","1":"product","2":"type-product","3":"status-publish","4":"has-post-thumbnail","6":"product_cat-kiegeszitok","7":"product_tag-accessories-comfort-and-protection","9":"first","10":"instock","11":"taxable","12":"shipping-taxable","13":"purchasable","14":"product-type-simple"},"bundled_by":[],"bundle_stock_status":"instock","bundle_stock_quantity":5,"bundle_virtual":false,"bundle_layout":"","bundle_add_to_cart_form_location":"","bundle_editable_in_cart":false,"bundle_sold_individually_context":"","bundle_item_grouping":"","bundle_min_size":"","bundle_max_size":"","bundle_price":[],"bundled_items":[],"bundle_sell_ids":[],"acf":[],"_links":{"self":[{"href":"https:\/\/axkid.com\/hu\/wp-json\/wp\/v2\/product\/826","targetHints":{"allow":["GET"]}}],"collection":[{"href":"https:\/\/axkid.com\/hu\/wp-json\/wp\/v2\/product"}],"about":[{"href":"https:\/\/axkid.com\/hu\/wp-json\/wp\/v2\/types\/product"}],"replies":[{"embeddable":true,"href":"https:\/\/axkid.com\/hu\/wp-json\/wp\/v2\/comments?post=826"}],"wp:featuredmedia":[{"embeddable":true,"href":"https:\/\/axkid.com\/hu\/wp-json\/wp\/v2\/media\/831"}],"wp:attachment":[{"href":"https:\/\/axkid.com\/hu\/wp-json\/wp\/v2\/media?parent=826"}],"wp:term":[{"taxonomy":"product_brand","embeddable":true,"href":"https:\/\/axkid.com\/hu\/wp-json\/wp\/v2\/product_brand?post=826"},{"taxonomy":"product_cat","embeddable":true,"href":"https:\/\/axkid.com\/hu\/wp-json\/wp\/v2\/product_cat?post=826"},{"taxonomy":"product_tag","embeddable":true,"href":"https:\/\/axkid.com\/hu\/wp-json\/wp\/v2\/product_tag?post=826"}],"curies":[{"name":"wp","href":"https:\/\/api.w.org\/{rel}","templated":true}]}}