{"id":847753,"date":"2025-10-26T23:44:05","date_gmt":"2025-10-26T22:44:05","guid":{"rendered":"https:\/\/axkid.com\/hu-2-0\/?post_type=product&#038;p=847753"},"modified":"2026-05-06T14:27:16","modified_gmt":"2026-05-06T13:27:16","slug":"up","status":"publish","type":"product","link":"https:\/\/axkid.com\/hu\/product\/up\/","title":{"rendered":"Up"},"content":{"rendered":"","protected":false},"excerpt":{"rendered":"<p>Az Axkid Up\u2122 a legfejlettebb magas h\u00e1tt\u00e1ml\u00e1s \u00fcl\u00e9smagas\u00edt\u00f3 gyerek\u00fcl\u00e9s\u00fcnk. 4\u201312 \u00e9ves (100\u2013150 cm\/50 kg) gyermekek sz\u00e1m\u00e1ra alkalmas, \u00e9s emelhet\u0151 \u00fcl\u00e9s\u00e9vel alkalmazkodik a gyermekedhez, hogy biztos\u00edtsa a biztons\u00e1gi \u00f6v t\u00f6k\u00e9letes helyzet\u00e9t. Szil\u00e1rd ac\u00e9lv\u00e1zzal \u00e9s be\u00e9p\u00edtett t\u00e1maszt\u00f3l\u00e1bbal rendelkezik a nagyobb stabilit\u00e1s \u00e9rdek\u00e9ben.<\/p>\n","protected":false},"featured_media":3700000853093,"comment_status":"open","ping_status":"closed","template":"","meta":{"_acf_changed":false,"_seopress_robots_primary_cat":"none","_seopress_titles_title":"Up - H\u00e1tt\u00e1ml\u00e1s \u00dcl\u00e9smagas\u00edt\u00f3 | Axkid","_seopress_titles_desc":"Axkid Up\u2122 \u2013 h\u00e1tt\u00e1ml\u00e1s \u00fcl\u00e9smagas\u00edt\u00f3 4\u201312 \u00e9ves (100\u2013150 cm) gyermekek sz\u00e1m\u00e1ra. Szabadalmaztatott emelhet\u0151 \u00fcl\u00e9s, massz\u00edv ac\u00e9lv\u00e1z \u00e9s ISOFIX.","_seopress_robots_index":"","_seopress_analysis_target_kw":"","content-type":"","_relevanssi_hide_post":"","_relevanssi_hide_content":"","_relevanssi_pin_for_all":"","_relevanssi_pin_keywords":"","_relevanssi_unpin_keywords":"","_relevanssi_related_keywords":"","_relevanssi_related_include_ids":"","_relevanssi_related_exclude_ids":"","_relevanssi_related_no_append":"","_relevanssi_related_not_related":"","_relevanssi_related_posts":"","_relevanssi_noindex_reason":"","editor_notices":[]},"product_brand":[],"product_cat":[18,81],"product_tag":[],"class_list":{"0":"post-847753","1":"product","2":"type-product","3":"status-publish","4":"has-post-thumbnail","6":"product_cat-gyerekules","7":"product_cat-ulesmagasitok","9":"first","10":"instock","11":"taxable","12":"shipping-taxable","13":"purchasable","14":"product-type-variable","15":"has-default-attributes"},"bundled_by":[],"bundle_stock_status":"instock","bundle_stock_quantity":null,"bundle_virtual":false,"bundle_layout":"","bundle_add_to_cart_form_location":"","bundle_editable_in_cart":false,"bundle_sold_individually_context":"","bundle_item_grouping":"","bundle_min_size":"","bundle_max_size":"","bundle_price":[],"bundled_items":[],"bundle_sell_ids":[],"acf":[],"_links":{"self":[{"href":"https:\/\/axkid.com\/hu\/wp-json\/wp\/v2\/product\/847753","targetHints":{"allow":["GET"]}}],"collection":[{"href":"https:\/\/axkid.com\/hu\/wp-json\/wp\/v2\/product"}],"about":[{"href":"https:\/\/axkid.com\/hu\/wp-json\/wp\/v2\/types\/product"}],"replies":[{"embeddable":true,"href":"https:\/\/axkid.com\/hu\/wp-json\/wp\/v2\/comments?post=847753"}],"wp:featuredmedia":[{"embeddable":true,"href":"https:\/\/axkid.com\/hu\/wp-json\/"}],"wp:attachment":[{"href":"https:\/\/axkid.com\/hu\/wp-json\/wp\/v2\/media?parent=847753"}],"wp:term":[{"taxonomy":"product_brand","embeddable":true,"href":"https:\/\/axkid.com\/hu\/wp-json\/wp\/v2\/product_brand?post=847753"},{"taxonomy":"product_cat","embeddable":true,"href":"https:\/\/axkid.com\/hu\/wp-json\/wp\/v2\/product_cat?post=847753"},{"taxonomy":"product_tag","embeddable":true,"href":"https:\/\/axkid.com\/hu\/wp-json\/wp\/v2\/product_tag?post=847753"}],"curies":[{"name":"wp","href":"https:\/\/api.w.org\/{rel}","templated":true}]}}