{"id":15267,"date":"2024-09-25T06:00:24","date_gmt":"2024-09-25T05:00:24","guid":{"rendered":"https:\/\/axkid.com\/?post_type=product&#038;p=15267"},"modified":"2026-04-16T08:30:06","modified_gmt":"2026-04-16T07:30:06","slug":"spinkid","status":"publish","type":"product","link":"https:\/\/axkid.com\/it\/product\/spinkid\/","title":{"rendered":"Spinkid"},"content":{"rendered":"<p>Axkid Spinkid \u00e8 un seggiolino auto girevole che semplifica la vita quotidiana per te come genitore. La comoda funzione di rotazione a 180\u00b0 lo rende facile da usare, pur offrendo i grandi vantaggi in termini di sicurezza del viaggio in senso contrario di marcia.<\/p>\n<p><strong>Seggiolino auto girevole a 180\u00b0<\/strong> \u2013 Con la semplice pressione di un pulsante puoi ruotare il seggiolino verso la portiera per accedere facilmente al tuo bambino quando entra o esce dall\u2019auto.<\/p>\n<p><strong>Cuscino di supporto per neonati<\/strong> \u2013 Con il cuscino di supporto per neonati incluso e adattabile, anche il bambino pi\u00f9 piccolo viagger\u00e0 in modo sicuro e confortevole nell\u2019Axkid Spinkid.<\/p>\n<p><strong>Barra anti-rimbalzo regolabile<\/strong> \u2013 L\u2019esclusiva flessibilit\u00e0 della barra anti-rimbalzo consente un\u2019installazione pi\u00f9 semplice nell\u2019auto e pu\u00f2 offrire spazio extra per le gambe del bambino.<\/p>\n<p><strong>Sistema avanzato Sleep Well<\/strong> \u2013 Posizioni di reclinazione multiple, regolabili durante il viaggio, che permettono di trovare facilmente la posizione perfetta per il tuo bambino e per le tue esigenze.<\/p>\n<h3>Gestione quotidiana facilitata con Axkid Spinkid<\/h3>\n<p>Il seggiolino auto girevole Axkid Spinkid rende facile mettere in sicurezza il tuo bambino nel seggiolino. Con la semplice pressione di un pulsante, puoi ruotare il seggiolino verso la portiera e accedere facilmente al bambino. La flessibilit\u00e0 del seggiolino girevole non solo rende pi\u00f9 comodo far salire e scendere il bambino dal seggiolino, ma offre anche a te, come genitore, una posizione pi\u00f9 confortevole durante l\u2019allacciamento delle cinture. Un ulteriore supporto \u00e8 fornito dai supporti magnetici presenti su ciascun lato del seggiolino, che tengono le cinture lontane mentre si posiziona il bambino nel seggiolino.<\/p>\n<p><strong>A che et\u00e0 si pu\u00f2 usare un seggiolino girevole?<\/strong> Naturalmente varia da bambino a bambino, ma con l\u2019Axkid Spinkid puoi usare il seggiolino auto girevole fin dalla nascita (40 cm) fino a circa 4 anni di et\u00e0. Il seggiolino girevole, grazie alle sue caratteristiche adattabili, rende facile accogliere bambini di et\u00e0 e dimensioni diverse.<\/p>\n<p><span style=\"text-decoration: underline;\"><a href=\"https:\/\/axkid.com\/it\/safety\/a-new-era-at-axkid-with-a-swivel-car-seat\/\"><em>Scopri di pi\u00f9 sui seggiolini girevoli e le domande pi\u00f9 frequenti sui seggiolini auto rotanti in questo articolo.<\/em><\/a><\/span><\/p>\n<h3>Il seggiolino auto girevole e adattabile<\/h3>\n<p>Ogni bambino cresce con ritmi diversi, ed \u00e8 per questo che un seggiolino adattabile, come l\u2019Axkid Spinkid, si adatta alle esigenze specifiche del tuo bambino.<\/p>\n<p>Il poggiatesta \u00e8 dotato di 12 diverse regolazioni che permettono di adattarlo facilmente alla lunghezza e alla corporatura del tuo bambino. E con una sola mano, passo dopo passo, puoi sollevarlo mentre il bambino cresce. Questo, insieme al sistema avanzato Sleep Well, permette di inclinare il seggiolino fino a 42 gradi durante il viaggio. Tutto ci\u00f2 rende l\u2019Axkid Spinkid un eccellente seggiolino auto in senso contrario di marcia, utilizzabile dal bambino pi\u00f9 piccolo fino a quello pi\u00f9 grande.<\/p>\n<p>Lo spazio aggiuntivo per le gambe \u00e8 garantito anche dal design scavato della barra anti-rimbalzo e dalla sua flessibilit\u00e0 grazie a un\u2019inclinazione aggiuntiva di 7\u00b0. Questo offre al tuo bambino fino a 14 cm di spazio per le gambe e, allo stesso tempo, una maggiore adattabilit\u00e0 al tuo veicolo.<\/p>\n<h3>Comfort massimo per una sicurezza maggiore<\/h3>\n<p>Una parte fondamentale della sicurezza \u00e8 garantire il comfort nel seggiolino. L\u2019Axkid Spinkid \u00e8 dotato di un morbido tessuto premium per il massimo comfort del tuo bambino. I cuscini di supporto per neonati sono inserti aggiuntivi e adattabili che consentono di posizionare il tuo bambino nella posizione pi\u00f9 comoda e proteggerlo nella posizione pi\u00f9 sicura all\u2019interno del seggiolino auto.<\/p>\n<h3>Sistema di installazione facile<\/h3>\n<p>Una corretta installazione \u00e8 fondamentale per la sicurezza del tuo bambino in caso di incidente. Per questo l\u2019installazione avviene in soli cinque semplici passaggi, per ottenere un\u2019installazione corretta e sicura in meno di 30 secondi. Questo \u00e8 ci\u00f2 che chiamiamo \u2013 un Sistema di Installazione Facile.<\/p>\n<p>Il Sistema di Installazione Facile dell\u2019Axkid Spinkid \u00e8 dotato anche di bracci ISOFIX di facile utilizzo. Durante l\u2019installazione, estendi i bracci ISOFIX e li agganci ai punti di ancoraggio ISOFIX del veicolo con un solo clic. Il seggiolino viene poi spinto verso lo schienale del sedile dell\u2019auto per fissare automaticamente l\u2019installazione nel tuo veicolo.<\/p>\n<h3>Sistema di sicurezza leader al mondo dalla Svezia<\/h3>\n<p>Axkid Spinkid \u00e8 dotato di un sistema di cinture e sicurezza premium fornito dal produttore svedese di tecnologie Holmbergs\u00ae. Ogni componente, dalla fibbia alla cintura, \u00e8 testato oltre gli standard normativi per garantire una qualit\u00e0 e prestazioni superiori, caratteristiche che distinguono un leader mondiale.<\/p>\n<h3>Sicurezza svedese in senso contrario di marcia<\/h3>\n<p>La sicurezza in senso contrario di marcia si \u00e8 dimostrata fino a cinque volte pi\u00f9 sicura rispetto alla posizione fronte marcia, ed \u00e8 per questo che Axkid raccomanda sempre di far viaggiare il bambino in senso contrario di marcia il pi\u00f9 a lungo possibile. Viaggiare in un seggiolino rivolto all\u2019indietro riduce significativamente le forze d\u2019urto che agiscono sul collo sensibile del bambino in caso di incidente, permettendoti di essere certo che tuo figlio viaggi nella direzione pi\u00f9 sicura \u2013 in senso contrario di marcia.<\/p>\n<p><a href=\"https:\/\/axkid.com\/it\/why-rear-facing-is-safer\/\"><em>Vuoi saperne di pi\u00f9 sulla sicurezza in senso contrario di marcia? Visita la nostra pagina dedicata alla sicurezza qui \u00bb<\/em><\/a><\/p>\n","protected":false},"excerpt":{"rendered":"<p><span class=\"ui-provider er azt axe azu azv azw azx azy azz baa bab bac bae baf bag bah bai baj bak bal bam ban bao bap baq bar bas bat bau bav baw bax bay baz bba\" dir=\"ltr\"> Spinkid offre una flessibilit\u00e0 totale e semplice. Un seggiolino girevole sicuro e confortevole che ruota di 180 gradi. Pu\u00f2 essere utilizzato dalla nascita fino a circa 4 anni. Dotato di poggiatesta regolabile in 12 posizioni, reclinazione multipla e design compatto. <\/span><\/p>\n","protected":false},"featured_media":370000015297,"comment_status":"open","ping_status":"closed","template":"","meta":{"_acf_changed":false,"_seopress_robots_primary_cat":"none","_seopress_titles_title":"","_seopress_titles_desc":"","_seopress_robots_index":"","content-type":"","_relevanssi_hide_post":"","_relevanssi_hide_content":"","_relevanssi_pin_for_all":"","_relevanssi_pin_keywords":"","_relevanssi_unpin_keywords":"","_relevanssi_related_keywords":"","_relevanssi_related_include_ids":"","_relevanssi_related_exclude_ids":"","_relevanssi_related_no_append":"","_relevanssi_related_not_related":"","_relevanssi_related_posts":"","_relevanssi_noindex_reason":"","editor_notices":[]},"product_brand":[],"product_cat":[80,412,79,18],"product_tag":[],"class_list":{"0":"post-15267","1":"product","2":"type-product","3":"status-publish","4":"has-post-thumbnail","6":"product_cat-seggiolini-contro-senso","7":"product_cat-outlet","8":"product_cat-ovetto-neonato","9":"product_cat-seggiolini-auto","11":"first","12":"instock","13":"sale","14":"taxable","15":"shipping-taxable","16":"purchasable","17":"product-type-variable","18":"has-default-attributes"},"bundled_by":[],"bundle_stock_status":"instock","bundle_stock_quantity":null,"bundle_virtual":false,"bundle_layout":"","bundle_add_to_cart_form_location":"","bundle_editable_in_cart":false,"bundle_sold_individually_context":"","bundle_item_grouping":"","bundle_min_size":"","bundle_max_size":"","bundle_price":[],"bundled_items":[],"bundle_sell_ids":[],"acf":[],"jetpack_sharing_enabled":true,"_links":{"self":[{"href":"https:\/\/axkid.com\/it\/wp-json\/wp\/v2\/product\/15267","targetHints":{"allow":["GET"]}}],"collection":[{"href":"https:\/\/axkid.com\/it\/wp-json\/wp\/v2\/product"}],"about":[{"href":"https:\/\/axkid.com\/it\/wp-json\/wp\/v2\/types\/product"}],"replies":[{"embeddable":true,"href":"https:\/\/axkid.com\/it\/wp-json\/wp\/v2\/comments?post=15267"}],"wp:featuredmedia":[{"embeddable":true,"href":"https:\/\/axkid.com\/it\/wp-json\/"}],"wp:attachment":[{"href":"https:\/\/axkid.com\/it\/wp-json\/wp\/v2\/media?parent=15267"}],"wp:term":[{"taxonomy":"product_brand","embeddable":true,"href":"https:\/\/axkid.com\/it\/wp-json\/wp\/v2\/product_brand?post=15267"},{"taxonomy":"product_cat","embeddable":true,"href":"https:\/\/axkid.com\/it\/wp-json\/wp\/v2\/product_cat?post=15267"},{"taxonomy":"product_tag","embeddable":true,"href":"https:\/\/axkid.com\/it\/wp-json\/wp\/v2\/product_tag?post=15267"}],"curies":[{"name":"wp","href":"https:\/\/api.w.org\/{rel}","templated":true}]}}