{"id":15633,"date":"2024-09-27T13:15:33","date_gmt":"2024-09-27T12:15:33","guid":{"rendered":"https:\/\/axkid.com\/?post_type=product&#038;p=15633"},"modified":"2026-04-18T19:43:17","modified_gmt":"2026-04-18T18:43:17","slug":"nextkid","status":"publish","type":"product","link":"https:\/\/axkid.com\/it\/product\/nextkid\/","title":{"rendered":"Nextkid"},"content":{"rendered":"<p>Axkid Nextkid \u00e8 un rialzo con schienale alto sicuro, adattabile e confortevole, progettato per crescere insieme al tuo bambino e adattarsi perfettamente nella tua auto. Con le sue alette laterali regolabili in quattro posizioni, il poggiatesta regolabile e il tessuto premium morbido, garantisce massimo comfort e sicurezza per bambini fino a 150 cm.<\/p>\n<h3>Questo \u00e8 Axkid Nextkid<\/h3>\n<ul>\n<li>Omologato secondo la normativa R129 \u2013 progettato per bambini in crescita.<\/li>\n<li>Design flessibile e adattabile con alette laterali indipendenti per un facile adattamento alle esigenze del tuo bambino, ad altri seggiolini o passeggeri.<\/li>\n<li>Installazione rapida: sistema ISOFIX sicuro per un montaggio veloce.<\/li>\n<li>Sistema Sleep Well: 4 posizioni di reclinazione e angolo dello schienale flessibile per la perfetta vestibilit\u00e0 per il tuo bambino e la tua auto.<\/li>\n<li>Massimo comfort: tessuto premium morbido, ventilazione nella struttura del guscio del seggiolino e tessuto che mantengono il tuo bambino fresco e comodo.<\/li>\n<\/ul>\n<p><em>Nota bene: anche se Axkid Nextkid \u00e8 omologato per bambini da 100 a 150 cm, Axkid consiglia di lasciare il bambino rivolto in senso contrario il pi\u00f9 a lungo possibile. Preferibilmente fino a 125 cm.<\/em><\/p>\n<h3>Lascia che ti raccontiamo qualcosa in pi\u00f9 su Axkid Nextkid<\/h3>\n<p><strong>Progettato in Svezia e omologato secondo le pi\u00f9 recenti normative di sicurezza<\/strong><br \/>\nAxkid Nextkid \u00e8 progettato in Svezia con la sicurezza come massima priorit\u00e0. Il design compatto permette di installare tre seggiolini in fila, rendendolo perfetto per famiglie con pi\u00f9 bambini. Inoltre, le alette laterali espandibili del seggiolino offrono spazio aggiuntivo al bambino quando necessario. Grazie all\u2019omologazione secondo la normativa R129, puoi stare tranquillo che tuo figlio viaggier\u00e0 su uno dei rialzi con schienale pi\u00f9 sicuri sul mercato.<\/p>\n<p>L\u2019Axkid Nextkid \u00e8 progettato per crescere con il tuo bambino ed \u00e8 omologato per l\u2019uso da 100 cm fino a 150 cm, corrispondenti a circa 4-12 anni di et\u00e0. Tuttavia, consigliamo sempre di mantenere il bambino rivolto in senso contrario il pi\u00f9 a lungo possibile (fino a 125 cm) prima di passare a un rialzo con schienale alto per una sicurezza ottimale.<\/p>\n<p><span style=\"text-decoration: underline\"><a href=\"https:\/\/axkid.com\/it\/safety\/when-is-my-child-ready-for-a-booster-seat\/\">Come faccio a sapere se il mio bambino \u00e8 pronto per un rialzo con schienale? Scopri di pi\u00f9 qui \u00bb<\/a><\/span><\/p>\n<h3>Sicuro e adattabile al tuo bambino e alla tua auto<\/h3>\n<p>Il rialzo con schienale Axkid Nextkid \u00e8 la combinazione perfetta di sicurezza e adattabilit\u00e0. Il suo design unico include alette laterali espandibili in quattro posizioni che offrono spazio aggiuntivo e si adattano alla crescita del tuo bambino nel tempo. L\u2019altezza dello schienale e le 8 posizioni del poggiatesta garantiscono una vestibilit\u00e0 perfetta per il tuo bambino, indipendentemente dall\u2019et\u00e0 o dalla taglia. Inoltre, il poggiatesta e le due alette laterali sono indipendenti l\u2019uno dall\u2019altro, rendendo semplice l\u2019adattamento alle esigenze del tuo bambino e la convivenza con altri passeggeri o seggiolini in auto.<\/p>\n<p>Oltre alle sue caratteristiche di sicurezza, Nextkid \u00e8 anche altamente adattabile alla tua auto. Il suo design compatto consente di installare tre seggiolini in fila, rendendolo la scelta ideale per le famiglie sempre in movimento. L\u2019angolo dello schienale flessibile e la forma adattabile lo rendono perfetto per qualsiasi tipo di auto, garantendo sicurezza e comfort al tuo bambino in ogni viaggio.<\/p>\n<h3>Installazione facile, rapida e sicura \u2013 seggiolino e bambino<\/h3>\n<p>Axkid Nextkid \u00e8 incredibilmente semplice da installare grazie al sistema ISOFIX. Questo sistema garantisce un\u2019installazione veloce e sicura, che pu\u00f2 essere completata in pochi secondi. Una volta installato, il seggiolino rimane stabile e sicuro, offrendoti tranquillit\u00e0 durante ogni viaggio. Le braccia ISOFIX di Axkid Nextkid si aprono automaticamente, rendendo l\u2019installazione ancora pi\u00f9 semplice.<\/p>\n<p>Garantire la sicurezza del tuo bambino \u00e8 facile e veloce con il rialzo con schienale Axkid Nextkid. Il passaggio della cintura \u00e8 progettato per mantenere la cintura di sicurezza nella posizione corretta, particolarmente importante per la cintura a livello delle anche, che deve essere posizionata correttamente sul bacino del bambino. La guida per la cintura presente sul rialzo aiuta inoltre a indirizzare la cintura di sicurezza, evitando che scivoli dalla spalla o che si infili fastidiosamente nel collo, garantendo massima sicurezza e comfort in ogni viaggio. Con il rialzo con schienale Axkid Nextkid, puoi stare sicuro che il tuo bambino sar\u00e0 protetto e comodo ogni volta che siete in viaggio.<\/p>\n<h3>Massimo comfort per tutti i viaggi in auto<\/h3>\n<p>Axkid Nextkid non \u00e8 solo uno dei rialzi pi\u00f9 sicuri sul mercato, ma \u00e8 anche molto confortevole per il tuo bambino. Il tessuto premium utilizzato nel seggiolino \u00e8 morbido al tatto, e i dettagli di ventilazione nel tessuto e nella struttura del guscio assicurano che il tuo bambino rimanga fresco e comodo anche durante i viaggi pi\u00f9 lunghi.<\/p>\n<p>Infine, grazie al Sistema Sleep Well, puoi regolare il seggiolino all\u2019angolazione perfetta per garantire il massimo comfort al tuo bambino, sia che stia facendo un pisolino sia che stia godendosi il viaggio.<\/p>\n","protected":false},"excerpt":{"rendered":"<p><span class=\"ui-provider er azt axe azu azv azw azx azy azz baa bab bac bae baf bag bah bai baj bak bal bam ban bao bap baq bar bas bat bau bav baw bax bay baz bba\" dir=\"ltr\"> Nextkid offre un rialzo con schienale sicuro e confortevole che cresce insieme al tuo bambino. Dotato di alette laterali regolabili, poggiatesta e tessuti premium morbidi per garantire comfort e sicurezza ottimali. Installazione semplice e certificato fino a 150 cm. <\/span><\/p>\n","protected":false},"featured_media":370000022475,"comment_status":"open","ping_status":"closed","template":"","meta":{"_acf_changed":false,"_seopress_robots_primary_cat":"none","_seopress_titles_title":"","_seopress_titles_desc":"","_seopress_robots_index":"","content-type":"","_relevanssi_hide_post":"","_relevanssi_hide_content":"","_relevanssi_pin_for_all":"","_relevanssi_pin_keywords":"","_relevanssi_unpin_keywords":"","_relevanssi_related_keywords":"","_relevanssi_related_include_ids":"","_relevanssi_related_exclude_ids":"","_relevanssi_related_no_append":"","_relevanssi_related_not_related":"","_relevanssi_related_posts":"","_relevanssi_noindex_reason":"","editor_notices":[]},"product_brand":[],"product_cat":[81,18],"product_tag":[],"class_list":{"0":"post-15633","1":"product","2":"type-product","3":"status-publish","4":"has-post-thumbnail","6":"product_cat-rialzi","7":"product_cat-seggiolini-auto","9":"first","10":"instock","11":"taxable","12":"shipping-taxable","13":"purchasable","14":"product-type-variable","15":"has-default-attributes"},"bundled_by":[],"bundle_stock_status":"instock","bundle_stock_quantity":null,"bundle_virtual":false,"bundle_layout":"","bundle_add_to_cart_form_location":"","bundle_editable_in_cart":false,"bundle_sold_individually_context":"","bundle_item_grouping":"","bundle_min_size":"","bundle_max_size":"","bundle_price":[],"bundled_items":[],"bundle_sell_ids":[],"acf":[],"jetpack_sharing_enabled":true,"_links":{"self":[{"href":"https:\/\/axkid.com\/it\/wp-json\/wp\/v2\/product\/15633","targetHints":{"allow":["GET"]}}],"collection":[{"href":"https:\/\/axkid.com\/it\/wp-json\/wp\/v2\/product"}],"about":[{"href":"https:\/\/axkid.com\/it\/wp-json\/wp\/v2\/types\/product"}],"replies":[{"embeddable":true,"href":"https:\/\/axkid.com\/it\/wp-json\/wp\/v2\/comments?post=15633"}],"wp:featuredmedia":[{"embeddable":true,"href":"https:\/\/axkid.com\/it\/wp-json\/"}],"wp:attachment":[{"href":"https:\/\/axkid.com\/it\/wp-json\/wp\/v2\/media?parent=15633"}],"wp:term":[{"taxonomy":"product_brand","embeddable":true,"href":"https:\/\/axkid.com\/it\/wp-json\/wp\/v2\/product_brand?post=15633"},{"taxonomy":"product_cat","embeddable":true,"href":"https:\/\/axkid.com\/it\/wp-json\/wp\/v2\/product_cat?post=15633"},{"taxonomy":"product_tag","embeddable":true,"href":"https:\/\/axkid.com\/it\/wp-json\/wp\/v2\/product_tag?post=15633"}],"curies":[{"name":"wp","href":"https:\/\/api.w.org\/{rel}","templated":true}]}}