{"id":16019,"date":"2023-07-03T10:36:03","date_gmt":"2023-07-03T09:36:03","guid":{"rendered":"https:\/\/axkid.com\/?post_type=product&#038;p=16019"},"modified":"2026-04-18T19:58:27","modified_gmt":"2026-04-18T18:58:27","slug":"adattatore-bici-grand-tour","status":"publish","type":"product","link":"https:\/\/axkid.com\/it\/product\/adattatore-bici-grand-tour\/","title":{"rendered":"Adattatore bici \u2013 Grand Tour"},"content":{"rendered":"<p>Scopri la comodit\u00e0 di cambiare facilmente bicicletta con l\u2019Adattatore Bici Axkid Grand Tour. Questo accessorio essenziale ti permette di collegare il rimorchio a pi\u00f9 biciclette in modo semplice.<\/p>\n<p>Aumenta la versatilit\u00e0 del tuo <a href=\"https:\/\/axkid.com\/it\/product\/axkid-grand-tour\/\">Axkid Grand Tour<\/a> con l\u2019Adattatore Bici. Questo adattatore standard \u00e8 progettato per adattarsi alla maggior parte delle biciclette, permettendoti di attaccare e staccare il rimorchio con facilit\u00e0. Che tu sia un pendolare urbano o un ciclista avventuroso, questo accessorio garantisce una connessione senza problemi tra la tua bici e l\u2019Axkid Grand Tour.<\/p>\n<p>L\u2019adattatore standardizzato ti consente di passare il rimorchio da una bicicletta all\u2019altra senza sforzo, ideale per famiglie con biciclette diverse. Goditi la flessibilit\u00e0 e la praticit\u00e0 di collegare il rimorchio a qualsiasi bici e parti per emozionanti avventure insieme.<\/p>\n<p><em>Nota: L\u2019Adattatore Bici \u00e8 compatibile con un\u2019ampia gamma di modelli di biciclette, offrendo compatibilit\u00e0 universale per un\u2019esperienza di guida senza problemi.<\/em><\/p>\n<p><em>Un adattatore bici \u00e8 incluso nel pacchetto Standard Axkid Grand Tour.<\/em><\/p>\n","protected":false},"excerpt":{"rendered":"<p>Scopri la comodit\u00e0 di passare facilmente da una bici all\u2019altra con l\u2019adattatore per bici Axkid Grand Tour. Questo accessorio essenziale ti permette di collegare il rimorchio a pi\u00f9 biciclette con facilit\u00e0. Un adattatore per bici \u00e8 incluso.<\/p>\n","protected":false},"featured_media":16049,"comment_status":"open","ping_status":"closed","template":"","meta":{"_acf_changed":false,"_seopress_robots_primary_cat":"none","_seopress_titles_title":"","_seopress_titles_desc":"","_seopress_robots_index":"","content-type":"","_relevanssi_hide_post":"","_relevanssi_hide_content":"","_relevanssi_pin_for_all":"","_relevanssi_pin_keywords":"","_relevanssi_unpin_keywords":"","_relevanssi_related_keywords":"","_relevanssi_related_include_ids":"","_relevanssi_related_exclude_ids":"","_relevanssi_related_no_append":"","_relevanssi_related_not_related":"","_relevanssi_related_posts":"","_relevanssi_noindex_reason":"","editor_notices":[]},"product_brand":[],"product_cat":[15],"product_tag":[],"class_list":{"0":"post-16019","1":"product","2":"type-product","3":"status-publish","4":"has-post-thumbnail","6":"product_cat-uncategorized","8":"first","9":"instock","10":"taxable","11":"shipping-taxable","12":"purchasable","13":"product-type-simple"},"bundled_by":[],"bundle_stock_status":"instock","bundle_stock_quantity":15,"bundle_virtual":false,"bundle_layout":"","bundle_add_to_cart_form_location":"","bundle_editable_in_cart":false,"bundle_sold_individually_context":"","bundle_item_grouping":"","bundle_min_size":"","bundle_max_size":"","bundle_price":[],"bundled_items":[],"bundle_sell_ids":[],"acf":[],"jetpack_sharing_enabled":true,"_links":{"self":[{"href":"https:\/\/axkid.com\/it\/wp-json\/wp\/v2\/product\/16019","targetHints":{"allow":["GET"]}}],"collection":[{"href":"https:\/\/axkid.com\/it\/wp-json\/wp\/v2\/product"}],"about":[{"href":"https:\/\/axkid.com\/it\/wp-json\/wp\/v2\/types\/product"}],"replies":[{"embeddable":true,"href":"https:\/\/axkid.com\/it\/wp-json\/wp\/v2\/comments?post=16019"}],"wp:featuredmedia":[{"embeddable":true,"href":"https:\/\/axkid.com\/it\/wp-json\/wp\/v2\/media\/16049"}],"wp:attachment":[{"href":"https:\/\/axkid.com\/it\/wp-json\/wp\/v2\/media?parent=16019"}],"wp:term":[{"taxonomy":"product_brand","embeddable":true,"href":"https:\/\/axkid.com\/it\/wp-json\/wp\/v2\/product_brand?post=16019"},{"taxonomy":"product_cat","embeddable":true,"href":"https:\/\/axkid.com\/it\/wp-json\/wp\/v2\/product_cat?post=16019"},{"taxonomy":"product_tag","embeddable":true,"href":"https:\/\/axkid.com\/it\/wp-json\/wp\/v2\/product_tag?post=16019"}],"curies":[{"name":"wp","href":"https:\/\/api.w.org\/{rel}","templated":true}]}}