{"id":17353,"date":"2023-12-12T14:41:46","date_gmt":"2023-12-12T13:41:46","guid":{"rendered":"https:\/\/axkid.com\/?post_type=product&#038;p=17353"},"modified":"2025-09-30T14:48:08","modified_gmt":"2025-09-30T13:48:08","slug":"gift-card","status":"publish","type":"product","link":"https:\/\/axkid.com\/it\/product\/gift-card\/","title":{"rendered":"Gift Card"},"content":{"rendered":"<p><strong>Regala un viaggio sicuro e confortevole con una gift card Axkid.<\/strong><br \/>\nScegli l\u2019importo che preferisci e lascia che il destinatario scelga il seggiolino auto o altri prodotti Axkid.<\/p>\n<p>Condividi il dono della sicurezza e del comfort con una gift card Axkid! \u00c8 l\u2019idea perfetta per ogni occasione, da un baby shower a un compleanno. Con la nostra gift card, i tuoi cari potranno scegliere tra la nostra gamma di prodotti per la sicurezza dei bambini. Che si tratti di un seggiolino auto, un rialzo o accessori, avranno la libert\u00e0 di scegliere ci\u00f2 che fa al caso loro. Regala la tranquillit\u00e0 che deriva da soluzioni di sicurezza di alta qualit\u00e0 per i pi\u00f9 piccoli. Acquista ora e lascia che facciano shopping in tutta serenit\u00e0!<\/p>\n","protected":false},"excerpt":{"rendered":"<p><strong>Regala un viaggio sicuro e confortevole con una gift card Axkid.<\/strong><br \/>\nScegli l\u2019importo che preferisci e lascia che il destinatario scelga il seggiolino auto o altri prodotti Axkid.<\/p>\n","protected":false},"featured_media":846498,"comment_status":"closed","ping_status":"closed","template":"","meta":{"_acf_changed":false,"_seopress_robots_primary_cat":"none","_seopress_titles_title":"","_seopress_titles_desc":"","_seopress_robots_index":"","content-type":"","_relevanssi_hide_post":"","_relevanssi_hide_content":"","_relevanssi_pin_for_all":"","_relevanssi_pin_keywords":"","_relevanssi_unpin_keywords":"","_relevanssi_related_keywords":"","_relevanssi_related_include_ids":"","_relevanssi_related_exclude_ids":"","_relevanssi_related_no_append":"","_relevanssi_related_not_related":"","_relevanssi_related_posts":"","_relevanssi_noindex_reason":"","editor_notices":[]},"product_brand":[],"product_cat":[409],"product_tag":[],"class_list":{"0":"post-17353","1":"product","2":"type-product","3":"status-publish","4":"has-post-thumbnail","6":"product_cat-buono-regalo","8":"first","9":"onbackorder","10":"purchasable","11":"product-type-variable","12":"has-default-attributes"},"bundled_by":[],"bundle_stock_status":"onbackorder","bundle_stock_quantity":-6,"bundle_virtual":false,"bundle_layout":"","bundle_add_to_cart_form_location":"","bundle_editable_in_cart":false,"bundle_sold_individually_context":"","bundle_item_grouping":"","bundle_min_size":"","bundle_max_size":"","bundle_price":[],"bundled_items":[],"bundle_sell_ids":[],"acf":[],"jetpack_sharing_enabled":true,"_links":{"self":[{"href":"https:\/\/axkid.com\/it\/wp-json\/wp\/v2\/product\/17353","targetHints":{"allow":["GET"]}}],"collection":[{"href":"https:\/\/axkid.com\/it\/wp-json\/wp\/v2\/product"}],"about":[{"href":"https:\/\/axkid.com\/it\/wp-json\/wp\/v2\/types\/product"}],"replies":[{"embeddable":true,"href":"https:\/\/axkid.com\/it\/wp-json\/wp\/v2\/comments?post=17353"}],"wp:featuredmedia":[{"embeddable":true,"href":"https:\/\/axkid.com\/it\/wp-json\/wp\/v2\/media\/846498"}],"wp:attachment":[{"href":"https:\/\/axkid.com\/it\/wp-json\/wp\/v2\/media?parent=17353"}],"wp:term":[{"taxonomy":"product_brand","embeddable":true,"href":"https:\/\/axkid.com\/it\/wp-json\/wp\/v2\/product_brand?post=17353"},{"taxonomy":"product_cat","embeddable":true,"href":"https:\/\/axkid.com\/it\/wp-json\/wp\/v2\/product_cat?post=17353"},{"taxonomy":"product_tag","embeddable":true,"href":"https:\/\/axkid.com\/it\/wp-json\/wp\/v2\/product_tag?post=17353"}],"curies":[{"name":"wp","href":"https:\/\/api.w.org\/{rel}","templated":true}]}}