{"id":4264,"date":"2022-06-27T08:09:15","date_gmt":"2022-06-27T07:09:15","guid":{"rendered":"https:\/\/axkid.com\/?post_type=product&#038;p=4264"},"modified":"2026-04-17T13:13:56","modified_gmt":"2026-04-17T12:13:56","slug":"car-seat-cover-bigkid","status":"publish","type":"product","link":"https:\/\/axkid.com\/it\/product\/car-seat-cover-bigkid\/","title":{"rendered":"Copertura per seggiolino auto \u2013 Bigkid &#038; Nextkid"},"content":{"rendered":"<p>La Axkid Summer Cover Bamboo aiuta il tuo bambino a rimanere fresco durante le calde giornate estive. Il fresco tessuto in bamb\u00f9 riduce l\u2019assorbimento del calore dal sole e allo stesso tempo protegge il seggiolino auto da sporco e macchie.<\/p>\n<p>La copertura pu\u00f2 essere facilmente applicata sopra il seggiolino esistente per creare una sensazione morbida e pi\u00f9 confortevole durante le giornate estive pi\u00f9 calde.<\/p>\n<p>Le fibre di bamb\u00f9 delle coperture sono sia ecologiche sia, naturalmente, atossiche.<\/p>\n<h3>Consigli per l\u2019uso<\/h3>\n<ul>\n<li>Per ottenere i migliori risultati \u2013 lavare le coperture estive prima dell\u2019uso.<\/li>\n<li>La copertura del seggiolino pu\u00f2 ovviamente essere tinta in un colore che si adatti alla fantasia del tuo bambino.<\/li>\n<\/ul>\n<h3>Compatibilit\u00e0:<\/h3>\n<ul>\n<li><a href=\"https:\/\/axkid.com\/it\/product\/axkid-bigkid-2\/\">Axkid Bigkid 2<\/a><\/li>\n<li>Axkid Bigkid 2 Premium<\/li>\n<li><a href=\"https:\/\/axkid.com\/it\/product\/axkid-nextkid\/\">Axkid Nextkid<\/a><\/li>\n<\/ul>\n<h3>Specifiche del prodotto:<\/h3>\n<ul>\n<li>Protegge da sporco e macchie sul seggiolino auto e riduce l\u2019assorbimento del calore dal sole.<\/li>\n<li>Materiale: 70% viscosa di bamb\u00f9, 25% cotone, 5% elastan.<\/li>\n<li>Compatibile con: Axkid Bigkid 2, Axkid Bigkid 2 Premium<\/li>\n<\/ul>\n","protected":false},"excerpt":{"rendered":"<p>Protective cover that is fitted over your Bigkid 2 car seat. The environmentally friendly Bamboo fabric helps your child to stay cool during hot summer days.<\/p>\n","protected":false},"featured_media":4267,"comment_status":"open","ping_status":"closed","template":"","meta":{"_acf_changed":false,"_seopress_robots_primary_cat":"434","_seopress_titles_title":"","_seopress_titles_desc":"","_seopress_robots_index":"","content-type":"","_relevanssi_hide_post":"","_relevanssi_hide_content":"","_relevanssi_pin_for_all":"","_relevanssi_pin_keywords":"","_relevanssi_unpin_keywords":"","_relevanssi_related_keywords":"","_relevanssi_related_include_ids":"","_relevanssi_related_exclude_ids":"","_relevanssi_related_no_append":"","_relevanssi_related_not_related":"","_relevanssi_related_posts":"","_relevanssi_noindex_reason":"","editor_notices":[]},"product_brand":[],"product_cat":[17,434,412],"product_tag":[],"class_list":{"0":"post-4264","1":"product","2":"type-product","3":"status-publish","4":"has-post-thumbnail","6":"product_cat-accessori","7":"product_cat-coperture-seggiolini","8":"product_cat-outlet","10":"first","11":"instock","12":"sale","13":"taxable","14":"shipping-taxable","15":"purchasable","16":"product-type-simple"},"bundled_by":[],"bundle_stock_status":"instock","bundle_stock_quantity":42,"bundle_virtual":false,"bundle_layout":"","bundle_add_to_cart_form_location":"","bundle_editable_in_cart":false,"bundle_sold_individually_context":"","bundle_item_grouping":"","bundle_min_size":"","bundle_max_size":"","bundle_price":[],"bundled_items":[],"bundle_sell_ids":[],"acf":[],"jetpack_sharing_enabled":true,"_links":{"self":[{"href":"https:\/\/axkid.com\/it\/wp-json\/wp\/v2\/product\/4264","targetHints":{"allow":["GET"]}}],"collection":[{"href":"https:\/\/axkid.com\/it\/wp-json\/wp\/v2\/product"}],"about":[{"href":"https:\/\/axkid.com\/it\/wp-json\/wp\/v2\/types\/product"}],"replies":[{"embeddable":true,"href":"https:\/\/axkid.com\/it\/wp-json\/wp\/v2\/comments?post=4264"}],"wp:featuredmedia":[{"embeddable":true,"href":"https:\/\/axkid.com\/it\/wp-json\/wp\/v2\/media\/4267"}],"wp:attachment":[{"href":"https:\/\/axkid.com\/it\/wp-json\/wp\/v2\/media?parent=4264"}],"wp:term":[{"taxonomy":"product_brand","embeddable":true,"href":"https:\/\/axkid.com\/it\/wp-json\/wp\/v2\/product_brand?post=4264"},{"taxonomy":"product_cat","embeddable":true,"href":"https:\/\/axkid.com\/it\/wp-json\/wp\/v2\/product_cat?post=4264"},{"taxonomy":"product_tag","embeddable":true,"href":"https:\/\/axkid.com\/it\/wp-json\/wp\/v2\/product_tag?post=4264"}],"curies":[{"name":"wp","href":"https:\/\/api.w.org\/{rel}","templated":true}]}}