{"id":848636,"date":"2020-03-30T09:14:42","date_gmt":"2020-03-30T08:14:42","guid":{"rendered":"https:\/\/axkid.com\/it\/?post_type=product&#038;p=848636"},"modified":"2026-04-21T07:28:45","modified_gmt":"2026-04-21T06:28:45","slug":"eps-sedile-sinistro-nextkid","status":"publish","type":"product","link":"https:\/\/axkid.com\/it\/product\/eps-sedile-sinistro-nextkid\/","title":{"rendered":"EPS SEDILE SINISTRO &#8211; Nextkid"},"content":{"rendered":"<p>Polystyr\u00e8ne gauche pour si\u00e8ge Axkid Nextkid . C\u00f4t\u00e9 gauche du point de vue de l&#8217;enfant, lorsqu&#8217;il est assis dans le si\u00e8ge.<\/p>\n","protected":false},"excerpt":{"rendered":"<p>Polistirene sinistro per il seggiolino Axkid Nextkid. Lato sinistro dal punto di vista del bambino quando \u00e8 seduto nel seggiolino.<\/p>\n","protected":false},"featured_media":848637,"comment_status":"closed","ping_status":"closed","template":"","meta":{"_acf_changed":false,"_seopress_robots_primary_cat":"none","_seopress_titles_title":"","_seopress_titles_desc":"","_seopress_robots_index":"","content-type":"","_relevanssi_hide_post":"","_relevanssi_hide_content":"","_relevanssi_pin_for_all":"","_relevanssi_pin_keywords":"","_relevanssi_unpin_keywords":"","_relevanssi_related_keywords":"","_relevanssi_related_include_ids":"","_relevanssi_related_exclude_ids":"","_relevanssi_related_no_append":"","_relevanssi_related_not_related":"","_relevanssi_related_posts":"","_relevanssi_noindex_reason":"","editor_notices":[]},"product_brand":[],"product_cat":[17,375],"product_tag":[],"class_list":{"0":"post-848636","1":"product","2":"type-product","3":"status-publish","4":"has-post-thumbnail","6":"product_cat-accessori","7":"product_cat-ricambi","9":"first","10":"instock","11":"taxable","12":"shipping-taxable","13":"purchasable","14":"product-type-simple"},"bundled_by":[],"bundle_stock_status":"instock","bundle_stock_quantity":12,"bundle_virtual":false,"bundle_layout":"","bundle_add_to_cart_form_location":"","bundle_editable_in_cart":false,"bundle_sold_individually_context":"","bundle_item_grouping":"","bundle_min_size":"","bundle_max_size":"","bundle_price":[],"bundled_items":[],"bundle_sell_ids":[],"acf":[],"jetpack_sharing_enabled":true,"_links":{"self":[{"href":"https:\/\/axkid.com\/it\/wp-json\/wp\/v2\/product\/848636","targetHints":{"allow":["GET"]}}],"collection":[{"href":"https:\/\/axkid.com\/it\/wp-json\/wp\/v2\/product"}],"about":[{"href":"https:\/\/axkid.com\/it\/wp-json\/wp\/v2\/types\/product"}],"replies":[{"embeddable":true,"href":"https:\/\/axkid.com\/it\/wp-json\/wp\/v2\/comments?post=848636"}],"wp:featuredmedia":[{"embeddable":true,"href":"https:\/\/axkid.com\/it\/wp-json\/wp\/v2\/media\/848637"}],"wp:attachment":[{"href":"https:\/\/axkid.com\/it\/wp-json\/wp\/v2\/media?parent=848636"}],"wp:term":[{"taxonomy":"product_brand","embeddable":true,"href":"https:\/\/axkid.com\/it\/wp-json\/wp\/v2\/product_brand?post=848636"},{"taxonomy":"product_cat","embeddable":true,"href":"https:\/\/axkid.com\/it\/wp-json\/wp\/v2\/product_cat?post=848636"},{"taxonomy":"product_tag","embeddable":true,"href":"https:\/\/axkid.com\/it\/wp-json\/wp\/v2\/product_tag?post=848636"}],"curies":[{"name":"wp","href":"https:\/\/api.w.org\/{rel}","templated":true}]}}