{"id":16027,"date":"2023-07-03T10:43:58","date_gmt":"2023-07-03T09:43:58","guid":{"rendered":"https:\/\/axkid.com\/?post_type=product&#038;p=16027"},"modified":"2026-04-18T10:13:31","modified_gmt":"2026-04-18T09:13:31","slug":"oppbevaringstrekk-grand-tour","status":"publish","type":"product","link":"https:\/\/axkid.com\/nb\/product\/oppbevaringstrekk-grand-tour\/","title":{"rendered":"Oppbevaringstrekk \u2013 Grand Tour"},"content":{"rendered":"<p>Protect and preserve your Axkid Grand Tour trailer with the Storage Cover. Keep it shielded from the elements and extend its lifespan with this durable accessory.<\/p>\n<p>Protect and extend the lifespan of your <a href=\"https:\/\/axkid.com\/product\/axkid-grand-tour\/\">Axkid Grand Tour<\/a> trailer with the Storage Cover. This practical accessory is specifically designed to safeguard your trailer from the elements, dust, dirt, and wear and tear, keeping it in optimal condition for years to come. The durable and weather-resistant material ensures reliable protection, whilst the custom fit provides a secure coverage.<\/p>\n<p>When the trailer is not in use, simply place it under the Storage Cover to shield it from environmental factors and maintain its pristine condition. Enhance the longevity of your Grand Tour and enjoy peace of mind knowing that it is well-protected and ready for your next adventure with the convenient Storage Cover accessory.<\/p>\n<p><em>Note: The Axkid Storage Cover is compatible only with the Axkid Grand Tour model.<\/em><\/p>\n","protected":false},"excerpt":{"rendered":"<p>Forleng levetiden til din Grand Tour sykkelvogn med et beskyttende oppbevaringstrekk. Dette tilbeh\u00f8ret holder sykkelvognen skjermet mot v\u00e6r og vind n\u00e5r den ikke er i bruk, noe som bidrar til \u00e5 opprettholde sin optimale tilstand over tid.<\/p>\n","protected":false},"featured_media":16012,"comment_status":"open","ping_status":"closed","template":"","meta":{"_acf_changed":false,"_seopress_robots_primary_cat":"none","_seopress_titles_title":"Grand Tour | Oppbevaringstrekk | Tilbeh\u00f8r | Axkid","_seopress_titles_desc":"Forleng levetiden til din Grand Tour sykkelvogn med et beskyttende oppbevaringstrekk. Dette tilbeh\u00f8ret holder sykkelvognen skjermet mot v\u00e6r og vind n\u00e5r den ikke er i bruk, noe som bidrar til \u00e5 opprettholde sin optimale tilstand over tid.","_seopress_robots_index":"","content-type":"","_relevanssi_hide_post":"","_relevanssi_hide_content":"","_relevanssi_pin_for_all":"","_relevanssi_pin_keywords":"","_relevanssi_unpin_keywords":"","_relevanssi_related_keywords":"","_relevanssi_related_include_ids":"","_relevanssi_related_exclude_ids":"","_relevanssi_related_no_append":"","_relevanssi_related_not_related":"","_relevanssi_related_posts":"","_relevanssi_noindex_reason":"","editor_notices":[]},"product_brand":[],"product_cat":[378],"product_tag":[],"class_list":{"0":"post-16027","1":"product","2":"type-product","3":"status-publish","4":"has-post-thumbnail","6":"product_cat-sykkelvogn-og-tilbehor","8":"first","9":"instock","10":"sale","11":"taxable","12":"shipping-taxable","13":"purchasable","14":"product-type-simple"},"bundled_by":[],"bundle_stock_status":"instock","bundle_stock_quantity":5,"bundle_virtual":false,"bundle_layout":"","bundle_add_to_cart_form_location":"","bundle_editable_in_cart":false,"bundle_sold_individually_context":"","bundle_item_grouping":"","bundle_min_size":"","bundle_max_size":"","bundle_price":[],"bundled_items":[],"bundle_sell_ids":[],"acf":[],"jetpack_sharing_enabled":true,"_links":{"self":[{"href":"https:\/\/axkid.com\/nb\/wp-json\/wp\/v2\/product\/16027","targetHints":{"allow":["GET"]}}],"collection":[{"href":"https:\/\/axkid.com\/nb\/wp-json\/wp\/v2\/product"}],"about":[{"href":"https:\/\/axkid.com\/nb\/wp-json\/wp\/v2\/types\/product"}],"replies":[{"embeddable":true,"href":"https:\/\/axkid.com\/nb\/wp-json\/wp\/v2\/comments?post=16027"}],"wp:featuredmedia":[{"embeddable":true,"href":"https:\/\/axkid.com\/nb\/wp-json\/wp\/v2\/media\/16012"}],"wp:attachment":[{"href":"https:\/\/axkid.com\/nb\/wp-json\/wp\/v2\/media?parent=16027"}],"wp:term":[{"taxonomy":"product_brand","embeddable":true,"href":"https:\/\/axkid.com\/nb\/wp-json\/wp\/v2\/product_brand?post=16027"},{"taxonomy":"product_cat","embeddable":true,"href":"https:\/\/axkid.com\/nb\/wp-json\/wp\/v2\/product_cat?post=16027"},{"taxonomy":"product_tag","embeddable":true,"href":"https:\/\/axkid.com\/nb\/wp-json\/wp\/v2\/product_tag?post=16027"}],"curies":[{"name":"wp","href":"https:\/\/api.w.org\/{rel}","templated":true}]}}