{"id":17353,"date":"2023-12-12T14:41:46","date_gmt":"2023-12-12T13:41:46","guid":{"rendered":"https:\/\/axkid.com\/?post_type=product&#038;p=17353"},"modified":"2025-08-18T14:35:18","modified_gmt":"2025-08-18T13:35:18","slug":"gavekort","status":"publish","type":"product","link":"https:\/\/axkid.com\/nb\/product\/gavekort\/","title":{"rendered":"Gavekort"},"content":{"rendered":"<p><strong>Give a safe and comfortable trip with an Axkid gift card.<\/strong><br \/>\nChoose any amount and let the recipient choose their own car seat or other products from Axkid.<\/p>\n<p>Share the gift of safety and comfort with an Axkid Gift Card! It&#8217;s ideal for any occasion, from baby showers to birthdays. With our gift card, your loved ones can pick from our range of child safety products. Whether it&#8217;s a car seat, booster seat, or accessories, they&#8217;ll have the freedom to choose what works best for them. Give the peace of mind that comes with top-quality safety solutions for their little ones. Buy now and let them shop with confidence!<\/p>\n","protected":false},"excerpt":{"rendered":"<p><strong>Gi en trygg og komfortabel reise med et gavekort fra Axkid.<\/strong><\/p>\n<p>Velg hvilket som helst bel\u00f8p og la mottakeren velge sitt eget bilsete eller andre produkter fra Axkid.<\/p>\n<p>Axkid brenner for barns sikkerhet i trafikken. Vi er fast overbevist om at bakovervendt kj\u00f8ring er den sikreste l\u00f8sningen for barn under sju \u00e5r. Med et gavekort fra Axkid kan mottakeren velge det produktet som passer best for deres barn og deres behov. Dette er en verdsatt gave som gir trygghet og komfort p\u00e5 turen.<\/p>\n","protected":false},"featured_media":17361,"comment_status":"closed","ping_status":"closed","template":"","meta":{"_acf_changed":false,"_seopress_robots_primary_cat":"none","_seopress_titles_title":"Gavekort | Bakovervendt bilsete | i-Size | Axkid","_seopress_titles_desc":"Velg hvilket som helst bel\u00f8p og la mottakeren velge sitt eget bilsete eller andre produkter fra Axkid. Dette er en verdsatt gave som gir trygghet og komfort p\u00e5 turen.","_seopress_robots_index":"","content-type":"","_relevanssi_hide_post":"","_relevanssi_hide_content":"","_relevanssi_pin_for_all":"","_relevanssi_pin_keywords":"","_relevanssi_unpin_keywords":"","_relevanssi_related_keywords":"","_relevanssi_related_include_ids":"","_relevanssi_related_exclude_ids":"","_relevanssi_related_no_append":"","_relevanssi_related_not_related":"","_relevanssi_related_posts":"","_relevanssi_noindex_reason":"","editor_notices":[]},"product_brand":[],"product_cat":[409],"product_tag":[],"class_list":{"0":"post-17353","1":"product","2":"type-product","3":"status-publish","4":"has-post-thumbnail","6":"product_cat-gavekort","8":"first","9":"instock","10":"purchasable","11":"product-type-variable","12":"has-default-attributes"},"bundled_by":[],"bundle_stock_status":"instock","bundle_stock_quantity":null,"bundle_virtual":false,"bundle_layout":"","bundle_add_to_cart_form_location":"","bundle_editable_in_cart":false,"bundle_sold_individually_context":"","bundle_item_grouping":"","bundle_min_size":"","bundle_max_size":"","bundle_price":[],"bundled_items":[],"bundle_sell_ids":[],"acf":[],"jetpack_sharing_enabled":true,"_links":{"self":[{"href":"https:\/\/axkid.com\/nb\/wp-json\/wp\/v2\/product\/17353","targetHints":{"allow":["GET"]}}],"collection":[{"href":"https:\/\/axkid.com\/nb\/wp-json\/wp\/v2\/product"}],"about":[{"href":"https:\/\/axkid.com\/nb\/wp-json\/wp\/v2\/types\/product"}],"replies":[{"embeddable":true,"href":"https:\/\/axkid.com\/nb\/wp-json\/wp\/v2\/comments?post=17353"}],"wp:featuredmedia":[{"embeddable":true,"href":"https:\/\/axkid.com\/nb\/wp-json\/wp\/v2\/media\/17361"}],"wp:attachment":[{"href":"https:\/\/axkid.com\/nb\/wp-json\/wp\/v2\/media?parent=17353"}],"wp:term":[{"taxonomy":"product_brand","embeddable":true,"href":"https:\/\/axkid.com\/nb\/wp-json\/wp\/v2\/product_brand?post=17353"},{"taxonomy":"product_cat","embeddable":true,"href":"https:\/\/axkid.com\/nb\/wp-json\/wp\/v2\/product_cat?post=17353"},{"taxonomy":"product_tag","embeddable":true,"href":"https:\/\/axkid.com\/nb\/wp-json\/wp\/v2\/product_tag?post=17353"}],"curies":[{"name":"wp","href":"https:\/\/api.w.org\/{rel}","templated":true}]}}