{"id":262173,"date":"2026-02-11T13:49:26","date_gmt":"2026-02-11T12:49:26","guid":{"rendered":"https:\/\/axkid.com\/nb\/?post_type=product&#038;p=262173"},"modified":"2026-04-18T12:58:43","modified_gmt":"2026-04-18T11:58:43","slug":"one-3","status":"publish","type":"product","link":"https:\/\/axkid.com\/nb\/product\/one-3\/","title":{"rendered":"ONE 3"},"content":{"rendered":"","protected":false},"excerpt":{"rendered":"<p>Den eneste ISOFIX-stolen p\u00e5 markedet som gj\u00f8r det mulig \u00e5 sitte bakovervendt opp til 7 \u00e5rs alder (61-125 cm\/23 kg). Sikker installasjon p\u00e5 mindre enn 30 sekunder. Justerbar benplass etter montering opp til 30 cm.<\/p>\n","protected":false},"featured_media":3700000853083,"comment_status":"open","ping_status":"closed","template":"","meta":{"_acf_changed":false,"_seopress_robots_primary_cat":"80","_seopress_titles_title":"Axkid ONE 3 | Sikkerhet og komfort opp til 7 \u00e5r | Axkid","_seopress_titles_desc":"Oppdag Axkid ONE 3! Bakovervendt sikkerhet fra f\u00f8dsel til 7 \u00e5r. Perfekt kombinasjon av komfort, design og trygghet.","_seopress_robots_index":"","content-type":"","_relevanssi_hide_post":"","_relevanssi_hide_content":"","_relevanssi_pin_for_all":"","_relevanssi_pin_keywords":"","_relevanssi_unpin_keywords":"","_relevanssi_related_keywords":"","_relevanssi_related_include_ids":"","_relevanssi_related_exclude_ids":"","_relevanssi_related_no_append":"","_relevanssi_related_not_related":"","_relevanssi_related_posts":"","_relevanssi_noindex_reason":"","editor_notices":[]},"product_brand":[],"product_cat":[18,80,431],"product_tag":[],"class_list":{"0":"post-262173","1":"product","2":"type-product","3":"status-publish","4":"has-post-thumbnail","6":"product_cat-bilseter","7":"product_cat-bakovervendt-bilsete","8":"product_cat-smabarnsstol","10":"first","11":"instock","12":"taxable","13":"shipping-taxable","14":"purchasable","15":"product-type-variable","16":"has-default-attributes"},"bundled_by":["575150"],"bundle_stock_status":"instock","bundle_stock_quantity":null,"bundle_virtual":false,"bundle_layout":"","bundle_add_to_cart_form_location":"","bundle_editable_in_cart":false,"bundle_sold_individually_context":"","bundle_item_grouping":"","bundle_min_size":"","bundle_max_size":"","bundle_price":[],"bundled_items":[],"bundle_sell_ids":[],"acf":[],"jetpack_sharing_enabled":true,"_links":{"self":[{"href":"https:\/\/axkid.com\/nb\/wp-json\/wp\/v2\/product\/262173","targetHints":{"allow":["GET"]}}],"collection":[{"href":"https:\/\/axkid.com\/nb\/wp-json\/wp\/v2\/product"}],"about":[{"href":"https:\/\/axkid.com\/nb\/wp-json\/wp\/v2\/types\/product"}],"replies":[{"embeddable":true,"href":"https:\/\/axkid.com\/nb\/wp-json\/wp\/v2\/comments?post=262173"}],"wp:featuredmedia":[{"embeddable":true,"href":"https:\/\/axkid.com\/nb\/wp-json\/"}],"wp:attachment":[{"href":"https:\/\/axkid.com\/nb\/wp-json\/wp\/v2\/media?parent=262173"}],"wp:term":[{"taxonomy":"product_brand","embeddable":true,"href":"https:\/\/axkid.com\/nb\/wp-json\/wp\/v2\/product_brand?post=262173"},{"taxonomy":"product_cat","embeddable":true,"href":"https:\/\/axkid.com\/nb\/wp-json\/wp\/v2\/product_cat?post=262173"},{"taxonomy":"product_tag","embeddable":true,"href":"https:\/\/axkid.com\/nb\/wp-json\/wp\/v2\/product_tag?post=262173"}],"curies":[{"name":"wp","href":"https:\/\/api.w.org\/{rel}","templated":true}]}}