{"id":4264,"date":"2022-06-27T08:09:15","date_gmt":"2022-06-27T07:09:15","guid":{"rendered":"https:\/\/axkid.com\/?post_type=product&#038;p=4264"},"modified":"2026-04-17T13:14:27","modified_gmt":"2026-04-17T12:14:27","slug":"car-seat-cover-bigkid","status":"publish","type":"product","link":"https:\/\/axkid.com\/nb\/product\/car-seat-cover-bigkid\/","title":{"rendered":"Car Seat Cover &#8211; Bigkid &amp; Nextid"},"content":{"rendered":"<p>The Axkid\u00a0 Summer Cover Bamboo helps your child stay cool during hot summer days. The cool bamboo fabric reduces heat absorption from the sun, and at the same time protects the car seat against dirt and stains.<\/p>\n<p>The cover can easily be pulled over your existing car seat to create a soft and more comfortable feeling during the hottest summer days for your child.<\/p>\n<p>The bamboo fibres in the covers are both environmentally friendly as well as, of course, non-toxic.<\/p>\n<h3>User Advice<\/h3>\n<ul>\n<li>For best results \u2013 pre-wash the summer covers before use<\/li>\n<li>The seat cover can of course be dyed into a colour that suits your child\u2019s playful mind.<\/li>\n<\/ul>\n<h3>Fits:<\/h3>\n<ul>\n<li><a href=\"https:\/\/axkid.com\/product\/axkid-bigkid-2\/\">Axkid Bigkid 2<\/a><\/li>\n<li>Axkid Bigkid 2 Premium<\/li>\n<li><a href=\"https:\/\/axkid.com\/product\/axkid-nextkid\/\">Axkid Nextkid<\/a><\/li>\n<\/ul>\n<h3>Product specifications:<\/h3>\n<ul>\n<li>Protects against dirt and stains on the car seat and reduces heat absorption from the sun.<\/li>\n<li>Made from: 70% <span class=\"TextRun SCXW67937596 BCX8\" lang=\"EN-AU\" xml:lang=\"EN-AU\" data-contrast=\"auto\"><span class=\"NormalTextRun SCXW67937596 BCX8\">bamboo viscose<\/span><\/span><span class=\"EOP SCXW67937596 BCX8\" data-ccp-props=\"{&quot;201341983&quot;:0,&quot;335559740&quot;:259}\">\u00a0<\/span><span class=\"EOP SCXW168042700 BCX8\" data-ccp-props=\"{&quot;201341983&quot;:0,&quot;335559740&quot;:259}\">\u00a0<\/span>, 25% Cotton, 5% Spandex.<\/li>\n<li>Fits: Axkid Bigkid 2, Axkid Bigkid 2 Premium<\/li>\n<\/ul>\n","protected":false},"excerpt":{"rendered":"<p>Axkid Sommerovertrekk i bambus hjelper barnet ditt \u00e5 holde seg kj\u00f8lig under varme sommerdager. Det kj\u00f8lige bambusstoffet reduserer varmeabsorpsjonen fra solen samtidig som det beskytter bilsetet mot skitt og flekker.<\/p>\n","protected":false},"featured_media":4267,"comment_status":"open","ping_status":"closed","template":"","meta":{"_acf_changed":false,"_seopress_robots_primary_cat":"none","_seopress_titles_title":"Bilsetetrekk Bigkid Nextid | Hold setet rent og sikkert | Axkid","_seopress_titles_desc":"Axkid Sommerovertrekk i bambus hjelper barnet ditt \u00e5 holde seg kj\u00f8lig under varme sommerdager. Det kj\u00f8lige bambusstoffet reduserer varmeabsorpsjonen fra solen samtidig som det beskytter bilsetet mot skitt og flekker.","_seopress_robots_index":"","content-type":"","_relevanssi_hide_post":"","_relevanssi_hide_content":"","_relevanssi_pin_for_all":"","_relevanssi_pin_keywords":"","_relevanssi_unpin_keywords":"","_relevanssi_related_keywords":"","_relevanssi_related_include_ids":"","_relevanssi_related_exclude_ids":"","_relevanssi_related_no_append":"","_relevanssi_related_not_related":"","_relevanssi_related_posts":"","_relevanssi_noindex_reason":"","editor_notices":[]},"product_brand":[],"product_cat":[412,434,17],"product_tag":[],"class_list":{"0":"post-4264","1":"product","2":"type-product","3":"status-publish","4":"has-post-thumbnail","6":"product_cat-outlet","7":"product_cat-setetrekk-til-barnebilstoler","8":"product_cat-tilbehor","10":"first","11":"instock","12":"sale","13":"taxable","14":"shipping-taxable","15":"purchasable","16":"product-type-simple"},"bundled_by":["575812"],"bundle_stock_status":"instock","bundle_stock_quantity":42,"bundle_virtual":false,"bundle_layout":"","bundle_add_to_cart_form_location":"","bundle_editable_in_cart":false,"bundle_sold_individually_context":"","bundle_item_grouping":"","bundle_min_size":"","bundle_max_size":"","bundle_price":[],"bundled_items":[],"bundle_sell_ids":[],"acf":[],"jetpack_sharing_enabled":true,"_links":{"self":[{"href":"https:\/\/axkid.com\/nb\/wp-json\/wp\/v2\/product\/4264","targetHints":{"allow":["GET"]}}],"collection":[{"href":"https:\/\/axkid.com\/nb\/wp-json\/wp\/v2\/product"}],"about":[{"href":"https:\/\/axkid.com\/nb\/wp-json\/wp\/v2\/types\/product"}],"replies":[{"embeddable":true,"href":"https:\/\/axkid.com\/nb\/wp-json\/wp\/v2\/comments?post=4264"}],"wp:featuredmedia":[{"embeddable":true,"href":"https:\/\/axkid.com\/nb\/wp-json\/wp\/v2\/media\/4267"}],"wp:attachment":[{"href":"https:\/\/axkid.com\/nb\/wp-json\/wp\/v2\/media?parent=4264"}],"wp:term":[{"taxonomy":"product_brand","embeddable":true,"href":"https:\/\/axkid.com\/nb\/wp-json\/wp\/v2\/product_brand?post=4264"},{"taxonomy":"product_cat","embeddable":true,"href":"https:\/\/axkid.com\/nb\/wp-json\/wp\/v2\/product_cat?post=4264"},{"taxonomy":"product_tag","embeddable":true,"href":"https:\/\/axkid.com\/nb\/wp-json\/wp\/v2\/product_tag?post=4264"}],"curies":[{"name":"wp","href":"https:\/\/api.w.org\/{rel}","templated":true}]}}