{"id":514180,"date":"2025-04-22T09:00:23","date_gmt":"2025-04-22T08:00:23","guid":{"rendered":"https:\/\/axkid.com\/nb\/?post_type=product&#038;p=514180"},"modified":"2026-04-15T23:04:01","modified_gmt":"2026-04-15T22:04:01","slug":"premium-3-i-1-setebeskytter","status":"publish","type":"product","link":"https:\/\/axkid.com\/nb\/product\/premium-3-i-1-setebeskytter\/","title":{"rendered":"Premium 3-i-1 Setebeskytter for Bakovervendte Bilseter"},"content":{"rendered":"","protected":false},"excerpt":{"rendered":"<p>Kollisjonstestet setebeskyttelse<\/p>\n<p>Den ultimate l\u00f8sningen for \u00e5 beskytte bilens interi\u00f8r samtidig som den \u00f8ker sikkerheten med anti-skli teknologi. Bygget for \u00e5 vare gjennom hele barndommen og krasjtestet med nettbrett for \u00e5 sikre barnets sikkerhet p\u00e5 alle eventyr.<\/p>\n","protected":false},"featured_media":3700000779444,"comment_status":"open","ping_status":"closed","template":"","meta":{"_acf_changed":false,"_seopress_robots_primary_cat":"none","_seopress_titles_title":"Setebeskytter | Premium | 3-i-1 | Bakovervendt | AXKID","_seopress_titles_desc":"Setebeskyttelse som kan brukes med bak- og forovervendte bilbarnestoler. Krasjtestet med nettbrett for \u00e5 sikre barnets sikkerhet p\u00e5 alle eventyr","_seopress_robots_index":"","content-type":"","_relevanssi_hide_post":"","_relevanssi_hide_content":"","_relevanssi_pin_for_all":"","_relevanssi_pin_keywords":"","_relevanssi_unpin_keywords":"","_relevanssi_related_keywords":"","_relevanssi_related_include_ids":"","_relevanssi_related_exclude_ids":"","_relevanssi_related_no_append":"","_relevanssi_related_not_related":"","_relevanssi_related_posts":"","_relevanssi_noindex_reason":"","editor_notices":[]},"product_brand":[],"product_cat":[436,17],"product_tag":[],"class_list":{"0":"post-514180","1":"product","2":"type-product","3":"status-publish","4":"has-post-thumbnail","6":"product_cat-setebeskytter-og-oppbevaring","7":"product_cat-tilbehor","9":"first","10":"instock","11":"taxable","12":"shipping-taxable","13":"purchasable","14":"product-type-simple"},"bundled_by":[],"bundle_stock_status":"instock","bundle_stock_quantity":38,"bundle_virtual":false,"bundle_layout":"","bundle_add_to_cart_form_location":"","bundle_editable_in_cart":false,"bundle_sold_individually_context":"","bundle_item_grouping":"","bundle_min_size":"","bundle_max_size":"","bundle_price":[],"bundled_items":[],"bundle_sell_ids":[],"acf":[],"jetpack_sharing_enabled":true,"_links":{"self":[{"href":"https:\/\/axkid.com\/nb\/wp-json\/wp\/v2\/product\/514180","targetHints":{"allow":["GET"]}}],"collection":[{"href":"https:\/\/axkid.com\/nb\/wp-json\/wp\/v2\/product"}],"about":[{"href":"https:\/\/axkid.com\/nb\/wp-json\/wp\/v2\/types\/product"}],"replies":[{"embeddable":true,"href":"https:\/\/axkid.com\/nb\/wp-json\/wp\/v2\/comments?post=514180"}],"wp:featuredmedia":[{"embeddable":true,"href":"https:\/\/axkid.com\/nb\/wp-json\/"}],"wp:attachment":[{"href":"https:\/\/axkid.com\/nb\/wp-json\/wp\/v2\/media?parent=514180"}],"wp:term":[{"taxonomy":"product_brand","embeddable":true,"href":"https:\/\/axkid.com\/nb\/wp-json\/wp\/v2\/product_brand?post=514180"},{"taxonomy":"product_cat","embeddable":true,"href":"https:\/\/axkid.com\/nb\/wp-json\/wp\/v2\/product_cat?post=514180"},{"taxonomy":"product_tag","embeddable":true,"href":"https:\/\/axkid.com\/nb\/wp-json\/wp\/v2\/product_tag?post=514180"}],"curies":[{"name":"wp","href":"https:\/\/api.w.org\/{rel}","templated":true}]}}