{"id":525761,"date":"2024-09-25T16:55:38","date_gmt":"2024-09-25T15:55:38","guid":{"rendered":"https:\/\/axkid.com\/nb\/?post_type=product&#038;p=525761"},"modified":"2026-04-21T18:44:40","modified_gmt":"2026-04-21T17:44:40","slug":"bilspeil","status":"publish","type":"product","link":"https:\/\/axkid.com\/nb\/product\/bilspeil\/","title":{"rendered":"Axkid Bilspeil"},"content":{"rendered":"","protected":false},"excerpt":{"rendered":"<p>Kollisjonstestet bilsetespeil som lar deg overv\u00e5ke barnet ditt uten at det g\u00e5r p\u00e5 bekostning av sikkerheten. Dobbelt stroppfeste som sikrer en sikker passform p\u00e5 enhver hodest\u00f8tte. Designet med presis justerbarhet for optimale visningsvinkler<\/p>\n","protected":false},"featured_media":3700000779431,"comment_status":"open","ping_status":"closed","template":"","meta":{"_acf_changed":false,"_seopress_robots_primary_cat":"none","_seopress_titles_title":"Bilspeil | Kollisjonstestet | AXKID","_seopress_titles_desc":"Kollisjonstestet bilsetespeil som lar deg overv\u00e5ke barnet ditt uten at det g\u00e5r p\u00e5 bekostning av sikkerheten. Dobbelt stroppfeste som sikrer en sikker passform p\u00e5 enhver hodest\u00f8tte.","_seopress_robots_index":"","content-type":"","_relevanssi_hide_post":"","_relevanssi_hide_content":"","_relevanssi_pin_for_all":"","_relevanssi_pin_keywords":"","_relevanssi_unpin_keywords":"","_relevanssi_related_keywords":"","_relevanssi_related_include_ids":"","_relevanssi_related_exclude_ids":"","_relevanssi_related_no_append":"","_relevanssi_related_not_related":"","_relevanssi_related_posts":"","_relevanssi_noindex_reason":"","editor_notices":[]},"product_brand":[],"product_cat":[375,17],"product_tag":[],"class_list":{"0":"post-525761","1":"product","2":"type-product","3":"status-publish","4":"has-post-thumbnail","6":"product_cat-reservedeler","7":"product_cat-tilbehor","9":"first","10":"instock","11":"taxable","12":"shipping-taxable","13":"purchasable","14":"product-type-simple"},"bundled_by":[],"bundle_stock_status":"instock","bundle_stock_quantity":18,"bundle_virtual":false,"bundle_layout":"","bundle_add_to_cart_form_location":"","bundle_editable_in_cart":false,"bundle_sold_individually_context":"","bundle_item_grouping":"","bundle_min_size":"","bundle_max_size":"","bundle_price":[],"bundled_items":[],"bundle_sell_ids":[],"acf":[],"jetpack_sharing_enabled":true,"_links":{"self":[{"href":"https:\/\/axkid.com\/nb\/wp-json\/wp\/v2\/product\/525761","targetHints":{"allow":["GET"]}}],"collection":[{"href":"https:\/\/axkid.com\/nb\/wp-json\/wp\/v2\/product"}],"about":[{"href":"https:\/\/axkid.com\/nb\/wp-json\/wp\/v2\/types\/product"}],"replies":[{"embeddable":true,"href":"https:\/\/axkid.com\/nb\/wp-json\/wp\/v2\/comments?post=525761"}],"wp:featuredmedia":[{"embeddable":true,"href":"https:\/\/axkid.com\/nb\/wp-json\/"}],"wp:attachment":[{"href":"https:\/\/axkid.com\/nb\/wp-json\/wp\/v2\/media?parent=525761"}],"wp:term":[{"taxonomy":"product_brand","embeddable":true,"href":"https:\/\/axkid.com\/nb\/wp-json\/wp\/v2\/product_brand?post=525761"},{"taxonomy":"product_cat","embeddable":true,"href":"https:\/\/axkid.com\/nb\/wp-json\/wp\/v2\/product_cat?post=525761"},{"taxonomy":"product_tag","embeddable":true,"href":"https:\/\/axkid.com\/nb\/wp-json\/wp\/v2\/product_tag?post=525761"}],"curies":[{"name":"wp","href":"https:\/\/api.w.org\/{rel}","templated":true}]}}