{"id":526127,"date":"2024-09-25T14:08:50","date_gmt":"2024-09-25T13:08:50","guid":{"rendered":"https:\/\/axkid.com\/nb\/?post_type=product&#038;p=526127"},"modified":"2026-05-11T08:13:42","modified_gmt":"2026-05-11T07:13:42","slug":"setebeskytter-anti-sub","status":"publish","type":"product","link":"https:\/\/axkid.com\/nb\/product\/setebeskytter-anti-sub\/","title":{"rendered":"Setebeskytter Forover Anti-sub"},"content":{"rendered":"","protected":false},"excerpt":{"rendered":"<p>Konstruert for \u00e5 sikre at bilsetet forblir sikkert p\u00e5 setet, noe som \u00f8ker sikkerheten og komforten til barnet ditt samtidig som det gir beskyttelse for bilens interi\u00f8r. Kompatibel med b\u00e5de bak- og forovervendte barneseter, noe som gj\u00f8r det til et allsidig tillegg til bilsikkerhetsutstyret ditt.<\/p>\n","protected":false},"featured_media":3700000779441,"comment_status":"open","ping_status":"closed","template":"","meta":{"_acf_changed":false,"_seopress_robots_primary_cat":"none","_seopress_titles_title":"Setebeskytter | Anti-sub | AXKID","_seopress_titles_desc":"Konstruert for \u00e5 sikre at bilsetet forblir sikkert p\u00e5 setet, noe som \u00f8ker sikkerheten og komforten til barnet ditt samtidig som det gir beskyttelse for bilens interi\u00f8r. Kompatibel med b\u00e5de bak- og forovervendte barneseter.","_seopress_robots_index":"","_seopress_analysis_target_kw":"","content-type":"","_relevanssi_hide_post":"","_relevanssi_hide_content":"","_relevanssi_pin_for_all":"","_relevanssi_pin_keywords":"","_relevanssi_unpin_keywords":"","_relevanssi_related_keywords":"","_relevanssi_related_include_ids":"","_relevanssi_related_exclude_ids":"","_relevanssi_related_no_append":"","_relevanssi_related_not_related":"","_relevanssi_related_posts":"","_relevanssi_noindex_reason":"","editor_notices":[]},"product_brand":[],"product_cat":[436,17],"product_tag":[],"class_list":{"0":"post-526127","1":"product","2":"type-product","3":"status-publish","4":"has-post-thumbnail","6":"product_cat-setebeskytter-og-oppbevaring","7":"product_cat-tilbehor","9":"first","10":"instock","11":"taxable","12":"shipping-taxable","13":"purchasable","14":"product-type-simple"},"bundled_by":[],"bundle_stock_status":"instock","bundle_stock_quantity":23,"bundle_virtual":false,"bundle_layout":"","bundle_add_to_cart_form_location":"","bundle_editable_in_cart":false,"bundle_sold_individually_context":"","bundle_item_grouping":"","bundle_min_size":"","bundle_max_size":"","bundle_price":[],"bundled_items":[],"bundle_sell_ids":[],"acf":[],"jetpack_sharing_enabled":true,"_links":{"self":[{"href":"https:\/\/axkid.com\/nb\/wp-json\/wp\/v2\/product\/526127","targetHints":{"allow":["GET"]}}],"collection":[{"href":"https:\/\/axkid.com\/nb\/wp-json\/wp\/v2\/product"}],"about":[{"href":"https:\/\/axkid.com\/nb\/wp-json\/wp\/v2\/types\/product"}],"replies":[{"embeddable":true,"href":"https:\/\/axkid.com\/nb\/wp-json\/wp\/v2\/comments?post=526127"}],"wp:featuredmedia":[{"embeddable":true,"href":"https:\/\/axkid.com\/nb\/wp-json\/"}],"wp:attachment":[{"href":"https:\/\/axkid.com\/nb\/wp-json\/wp\/v2\/media?parent=526127"}],"wp:term":[{"taxonomy":"product_brand","embeddable":true,"href":"https:\/\/axkid.com\/nb\/wp-json\/wp\/v2\/product_brand?post=526127"},{"taxonomy":"product_cat","embeddable":true,"href":"https:\/\/axkid.com\/nb\/wp-json\/wp\/v2\/product_cat?post=526127"},{"taxonomy":"product_tag","embeddable":true,"href":"https:\/\/axkid.com\/nb\/wp-json\/wp\/v2\/product_tag?post=526127"}],"curies":[{"name":"wp","href":"https:\/\/api.w.org\/{rel}","templated":true}]}}