{"id":526169,"date":"2024-09-25T13:14:14","date_gmt":"2024-09-25T12:14:14","guid":{"rendered":"https:\/\/axkid.com\/nb\/?post_type=product&#038;p=526169"},"modified":"2026-03-04T09:44:10","modified_gmt":"2026-03-04T08:44:10","slug":"nappy-change-duo","status":"publish","type":"product","link":"https:\/\/axkid.com\/nb\/product\/nappy-change-duo\/","title":{"rendered":"Axkid Nappy-Change Duo"},"content":{"rendered":"","protected":false},"excerpt":{"rendered":"<p>Setebeskytter og Stellematte<\/p>\n<p>Fungerer b\u00e5de som en setebeskytter under kj\u00f8returen og gir en ren, praktisk overflate for bleieskift n\u00e5r du er p\u00e5 farten. Beskytter bilsetene mot s\u00f8l, lekkasjer og flekker, og gir en enkel og praktisk l\u00f8sning for travle foreldre.<\/p>\n","protected":false},"featured_media":3700000779357,"comment_status":"open","ping_status":"closed","template":"","meta":{"_acf_changed":false,"_seopress_robots_primary_cat":"none","_seopress_titles_title":"Setebeskytter | Duo | Stellematte | AXKID","_seopress_titles_desc":"Fungerer b\u00e5de som en setebeskytter under kj\u00f8returen og gir en ren, praktisk overflate for bleieskift n\u00e5r du er p\u00e5 farten. Beskytter bilsetene mot s\u00f8l, lekkasjer og flekker, og gir en enkel og praktisk l\u00f8sning for travle foreldre.","_seopress_robots_index":"","_seopress_analysis_target_kw":"","content-type":"","_relevanssi_hide_post":"","_relevanssi_hide_content":"","_relevanssi_pin_for_all":"","_relevanssi_pin_keywords":"","_relevanssi_unpin_keywords":"","_relevanssi_related_keywords":"","_relevanssi_related_include_ids":"","_relevanssi_related_exclude_ids":"","_relevanssi_related_no_append":"","_relevanssi_related_not_related":"","_relevanssi_related_posts":"","_relevanssi_noindex_reason":"","editor_notices":[]},"product_brand":[],"product_cat":[436,17],"product_tag":[],"class_list":{"0":"post-526169","1":"product","2":"type-product","3":"status-publish","4":"has-post-thumbnail","6":"product_cat-setebeskytter-og-oppbevaring","7":"product_cat-tilbehor","9":"first","10":"instock","11":"taxable","12":"shipping-taxable","13":"purchasable","14":"product-type-simple"},"bundled_by":[],"bundle_stock_status":"instock","bundle_stock_quantity":3,"bundle_virtual":false,"bundle_layout":"","bundle_add_to_cart_form_location":"","bundle_editable_in_cart":false,"bundle_sold_individually_context":"","bundle_item_grouping":"","bundle_min_size":"","bundle_max_size":"","bundle_price":[],"bundled_items":[],"bundle_sell_ids":[],"acf":[],"jetpack_sharing_enabled":true,"_links":{"self":[{"href":"https:\/\/axkid.com\/nb\/wp-json\/wp\/v2\/product\/526169","targetHints":{"allow":["GET"]}}],"collection":[{"href":"https:\/\/axkid.com\/nb\/wp-json\/wp\/v2\/product"}],"about":[{"href":"https:\/\/axkid.com\/nb\/wp-json\/wp\/v2\/types\/product"}],"replies":[{"embeddable":true,"href":"https:\/\/axkid.com\/nb\/wp-json\/wp\/v2\/comments?post=526169"}],"wp:featuredmedia":[{"embeddable":true,"href":"https:\/\/axkid.com\/nb\/wp-json\/"}],"wp:attachment":[{"href":"https:\/\/axkid.com\/nb\/wp-json\/wp\/v2\/media?parent=526169"}],"wp:term":[{"taxonomy":"product_brand","embeddable":true,"href":"https:\/\/axkid.com\/nb\/wp-json\/wp\/v2\/product_brand?post=526169"},{"taxonomy":"product_cat","embeddable":true,"href":"https:\/\/axkid.com\/nb\/wp-json\/wp\/v2\/product_cat?post=526169"},{"taxonomy":"product_tag","embeddable":true,"href":"https:\/\/axkid.com\/nb\/wp-json\/wp\/v2\/product_tag?post=526169"}],"curies":[{"name":"wp","href":"https:\/\/api.w.org\/{rel}","templated":true}]}}