{"id":526712,"date":"2024-09-25T11:47:45","date_gmt":"2024-09-25T10:47:45","guid":{"rendered":"https:\/\/axkid.com\/nb\/?post_type=product&#038;p=526712"},"modified":"2026-03-08T08:13:47","modified_gmt":"2026-03-08T07:13:47","slug":"solskjerm-2","status":"publish","type":"product","link":"https:\/\/axkid.com\/nb\/product\/solskjerm-2\/","title":{"rendered":"Solskjerm for bilvindu"},"content":{"rendered":"","protected":false},"excerpt":{"rendered":"<p>Beskytter barnet ditt mot solens str\u00e5ler under bilturer og bidrar til \u00e5 skape et kj\u00f8ligere og mer behagelig milj\u00f8 i bilen. Designet med en selvklebende overflate for \u00e5 holde solskjermingen p\u00e5 plass under hele reisen, uten \u00e5 etterlate rester.<\/p>\n<p>Hver pakke inkluderer to solskjermer<\/p>\n","protected":false},"featured_media":3700000779333,"comment_status":"open","ping_status":"closed","template":"","meta":{"_acf_changed":false,"_seopress_robots_primary_cat":"none","_seopress_titles_title":"Solskjerm for bilvindu | Axkid","_seopress_titles_desc":"Beskytter barnet ditt mot solens str\u00e5ler under bilturer og bidrar til \u00e5 skape et kj\u00f8ligere og mer behagelig milj\u00f8 i bilen. Designet med en selvklebende overflate for \u00e5 holde solskjermingen p\u00e5 plass under hele reisen!","_seopress_robots_index":"","content-type":"","_relevanssi_hide_post":"","_relevanssi_hide_content":"","_relevanssi_pin_for_all":"","_relevanssi_pin_keywords":"","_relevanssi_unpin_keywords":"","_relevanssi_related_keywords":"","_relevanssi_related_include_ids":"","_relevanssi_related_exclude_ids":"","_relevanssi_related_no_append":"","_relevanssi_related_not_related":"","_relevanssi_related_posts":"","_relevanssi_noindex_reason":"","editor_notices":[]},"product_brand":[],"product_cat":[437,17],"product_tag":[],"class_list":{"0":"post-526712","1":"product","2":"type-product","3":"status-publish","4":"has-post-thumbnail","6":"product_cat-solskjerm","7":"product_cat-tilbehor","9":"first","10":"instock","11":"taxable","12":"shipping-taxable","13":"purchasable","14":"product-type-simple"},"bundled_by":[],"bundle_stock_status":"instock","bundle_stock_quantity":37,"bundle_virtual":false,"bundle_layout":"","bundle_add_to_cart_form_location":"","bundle_editable_in_cart":false,"bundle_sold_individually_context":"","bundle_item_grouping":"","bundle_min_size":"","bundle_max_size":"","bundle_price":[],"bundled_items":[],"bundle_sell_ids":[],"acf":[],"jetpack_sharing_enabled":true,"_links":{"self":[{"href":"https:\/\/axkid.com\/nb\/wp-json\/wp\/v2\/product\/526712","targetHints":{"allow":["GET"]}}],"collection":[{"href":"https:\/\/axkid.com\/nb\/wp-json\/wp\/v2\/product"}],"about":[{"href":"https:\/\/axkid.com\/nb\/wp-json\/wp\/v2\/types\/product"}],"replies":[{"embeddable":true,"href":"https:\/\/axkid.com\/nb\/wp-json\/wp\/v2\/comments?post=526712"}],"wp:featuredmedia":[{"embeddable":true,"href":"https:\/\/axkid.com\/nb\/wp-json\/"}],"wp:attachment":[{"href":"https:\/\/axkid.com\/nb\/wp-json\/wp\/v2\/media?parent=526712"}],"wp:term":[{"taxonomy":"product_brand","embeddable":true,"href":"https:\/\/axkid.com\/nb\/wp-json\/wp\/v2\/product_brand?post=526712"},{"taxonomy":"product_cat","embeddable":true,"href":"https:\/\/axkid.com\/nb\/wp-json\/wp\/v2\/product_cat?post=526712"},{"taxonomy":"product_tag","embeddable":true,"href":"https:\/\/axkid.com\/nb\/wp-json\/wp\/v2\/product_tag?post=526712"}],"curies":[{"name":"wp","href":"https:\/\/api.w.org\/{rel}","templated":true}]}}