{"id":573056,"date":"2024-10-03T07:54:51","date_gmt":"2024-10-03T06:54:51","guid":{"rendered":"https:\/\/axkid.com\/nb\/?post_type=product&#038;p=573056"},"modified":"2026-04-27T11:14:59","modified_gmt":"2026-04-27T10:14:59","slug":"boostkid","status":"publish","type":"product","link":"https:\/\/axkid.com\/nb\/product\/boostkid\/","title":{"rendered":"Boostkid"},"content":{"rendered":"","protected":false},"excerpt":{"rendered":"<p>Boostkid er et sikkert og ergonomisk fremovervendt beltesete, spesialdesignet for voksende barn. Setet har justerbar hodest\u00f8tte, polstret rygg og beskyttende sidevinger. Den slanke, lette designen gj\u00f8r det enkelt \u00e5 h\u00e5ndtere, mens f\u00f8rsteklasses tekstiler gir optimal komfort.<\/p>\n","protected":false},"featured_media":573057,"comment_status":"open","ping_status":"closed","template":"","meta":{"_acf_changed":false,"_seopress_robots_primary_cat":"none","_seopress_titles_title":"Boostkid | 4-12 \u00e5r | UN R129 (iSize) | ISOFIX| AXKID","_seopress_titles_desc":"Boostkid er et sikkert og ergonomisk fremovervendt beltesete, spesialdesignet for voksende barn. Med f\u00f8rsteklasses tekstiler som gir optimal komfort.","_seopress_robots_index":"","content-type":"","_relevanssi_hide_post":"","_relevanssi_hide_content":"","_relevanssi_pin_for_all":"","_relevanssi_pin_keywords":"","_relevanssi_unpin_keywords":"","_relevanssi_related_keywords":"","_relevanssi_related_include_ids":"","_relevanssi_related_exclude_ids":"","_relevanssi_related_no_append":"","_relevanssi_related_not_related":"","_relevanssi_related_posts":"","_relevanssi_noindex_reason":"","editor_notices":[]},"product_brand":[],"product_cat":[18,432],"product_tag":[],"class_list":{"0":"post-573056","1":"product","2":"type-product","3":"status-publish","4":"has-post-thumbnail","6":"product_cat-bilseter","7":"product_cat-beltestol","9":"first","10":"instock","11":"taxable","12":"shipping-taxable","13":"purchasable","14":"product-type-variable","15":"has-default-attributes"},"bundled_by":[],"bundle_stock_status":"instock","bundle_stock_quantity":null,"bundle_virtual":false,"bundle_layout":"","bundle_add_to_cart_form_location":"","bundle_editable_in_cart":false,"bundle_sold_individually_context":"","bundle_item_grouping":"","bundle_min_size":"","bundle_max_size":"","bundle_price":[],"bundled_items":[],"bundle_sell_ids":[],"acf":[],"jetpack_sharing_enabled":true,"_links":{"self":[{"href":"https:\/\/axkid.com\/nb\/wp-json\/wp\/v2\/product\/573056","targetHints":{"allow":["GET"]}}],"collection":[{"href":"https:\/\/axkid.com\/nb\/wp-json\/wp\/v2\/product"}],"about":[{"href":"https:\/\/axkid.com\/nb\/wp-json\/wp\/v2\/types\/product"}],"replies":[{"embeddable":true,"href":"https:\/\/axkid.com\/nb\/wp-json\/wp\/v2\/comments?post=573056"}],"wp:featuredmedia":[{"embeddable":true,"href":"https:\/\/axkid.com\/nb\/wp-json\/wp\/v2\/media\/573057"}],"wp:attachment":[{"href":"https:\/\/axkid.com\/nb\/wp-json\/wp\/v2\/media?parent=573056"}],"wp:term":[{"taxonomy":"product_brand","embeddable":true,"href":"https:\/\/axkid.com\/nb\/wp-json\/wp\/v2\/product_brand?post=573056"},{"taxonomy":"product_cat","embeddable":true,"href":"https:\/\/axkid.com\/nb\/wp-json\/wp\/v2\/product_cat?post=573056"},{"taxonomy":"product_tag","embeddable":true,"href":"https:\/\/axkid.com\/nb\/wp-json\/wp\/v2\/product_tag?post=573056"}],"curies":[{"name":"wp","href":"https:\/\/api.w.org\/{rel}","templated":true}]}}