{"id":573126,"date":"2026-02-13T13:51:41","date_gmt":"2026-02-13T12:51:41","guid":{"rendered":"https:\/\/axkid.com\/nb\/?post_type=product&#038;p=573126"},"modified":"2026-05-07T12:29:09","modified_gmt":"2026-05-07T11:29:09","slug":"swedish-safety-kit-classic","status":"publish","type":"product","link":"https:\/\/axkid.com\/nb\/product\/swedish-safety-kit-classic\/","title":{"rendered":"Swedish Safety Kit Classic"},"content":{"rendered":"","protected":false},"excerpt":{"rendered":"<p>Swedish Safety Kit fra Axkid tilbyr kollisjonstestet tilbeh\u00f8r som sikrer barnets trygghet i bilen. Settet inkluderer en antiskli-setebeskytter, et justerbart bilsetespeil for klar sikt, og solskjermer for \u00f8kt komfort. Perfekt for et trygt og komfortabelt bilmilj\u00f8!<\/p>\n","protected":false},"featured_media":3700000845196,"comment_status":"open","ping_status":"closed","template":"","meta":{"_acf_changed":false,"_seopress_robots_primary_cat":"none","_seopress_titles_title":"Swedish Safety Kit Classic | Kollisjonstestet tilbeh\u00f8r | AXKID","_seopress_titles_desc":"Kollisjonstestet tilbeh\u00f8r som sikrer barnets trygghet i bilen. Perfekt for et trygt og komfortabelt bilmilj\u00f8!","_seopress_robots_index":"","content-type":"","_relevanssi_hide_post":"","_relevanssi_hide_content":"","_relevanssi_pin_for_all":"","_relevanssi_pin_keywords":"","_relevanssi_unpin_keywords":"","_relevanssi_related_keywords":"","_relevanssi_related_include_ids":"","_relevanssi_related_exclude_ids":"","_relevanssi_related_no_append":"","_relevanssi_related_not_related":"","_relevanssi_related_posts":"","_relevanssi_noindex_reason":"","editor_notices":[]},"product_brand":[],"product_cat":[436],"product_tag":[],"class_list":{"0":"post-573126","1":"product","2":"type-product","3":"status-publish","4":"has-post-thumbnail","6":"product_cat-setebeskytter-og-oppbevaring","8":"first","9":"instock","10":"taxable","11":"shipping-taxable","12":"purchasable","13":"product-type-simple"},"bundled_by":[],"bundle_stock_status":"instock","bundle_stock_quantity":14,"bundle_virtual":false,"bundle_layout":"","bundle_add_to_cart_form_location":"","bundle_editable_in_cart":false,"bundle_sold_individually_context":"","bundle_item_grouping":"","bundle_min_size":"","bundle_max_size":"","bundle_price":[],"bundled_items":[],"bundle_sell_ids":[],"acf":[],"jetpack_sharing_enabled":true,"_links":{"self":[{"href":"https:\/\/axkid.com\/nb\/wp-json\/wp\/v2\/product\/573126","targetHints":{"allow":["GET"]}}],"collection":[{"href":"https:\/\/axkid.com\/nb\/wp-json\/wp\/v2\/product"}],"about":[{"href":"https:\/\/axkid.com\/nb\/wp-json\/wp\/v2\/types\/product"}],"replies":[{"embeddable":true,"href":"https:\/\/axkid.com\/nb\/wp-json\/wp\/v2\/comments?post=573126"}],"wp:featuredmedia":[{"embeddable":true,"href":"https:\/\/axkid.com\/nb\/wp-json\/"}],"wp:attachment":[{"href":"https:\/\/axkid.com\/nb\/wp-json\/wp\/v2\/media?parent=573126"}],"wp:term":[{"taxonomy":"product_brand","embeddable":true,"href":"https:\/\/axkid.com\/nb\/wp-json\/wp\/v2\/product_brand?post=573126"},{"taxonomy":"product_cat","embeddable":true,"href":"https:\/\/axkid.com\/nb\/wp-json\/wp\/v2\/product_cat?post=573126"},{"taxonomy":"product_tag","embeddable":true,"href":"https:\/\/axkid.com\/nb\/wp-json\/wp\/v2\/product_tag?post=573126"}],"curies":[{"name":"wp","href":"https:\/\/api.w.org\/{rel}","templated":true}]}}