{"id":573617,"date":"2026-01-21T05:42:05","date_gmt":"2026-01-21T04:42:05","guid":{"rendered":"https:\/\/axkid.com\/nb\/?post_type=product&#038;p=573617"},"modified":"2026-04-27T14:59:55","modified_gmt":"2026-04-27T13:59:55","slug":"minikid-4-pro","status":"publish","type":"product","link":"https:\/\/axkid.com\/nb\/product\/minikid-4-pro\/","title":{"rendered":"Minikid 4 Pro"},"content":{"rendered":"","protected":false},"excerpt":{"rendered":"<p>Opplev Axkid Minikid 4 Pro, et smart og prisgunstig bakovervendte bilsete som kombinerer lang brukstid med enkel montering og kompakt passform. Formet av 15 \u00e5rs innovasjon og erfaring, er det designet for ultimat plassbesparelse for foreldre som \u00f8nsker maksimal sikkerhet i en stol som passer like godt i sm\u00e5 som store biler. Den muliggj\u00f8r bakovervendt kj\u00f8ring opp til 125 cm\/36 kg, og takket v\u00e6re sin smale compactfit-design kan du enkelt installere tre stoler i rad.<\/p>\n","protected":false},"featured_media":3700000853065,"comment_status":"open","ping_status":"closed","template":"","meta":{"_acf_changed":false,"_seopress_robots_primary_cat":"80","_seopress_titles_title":"Minikid 4 Pro | Bakovervendt opptil 7 \u00e5r | Axkid","_seopress_titles_desc":"Opplev en ti\u00e5rig evolusjon med Minikid 4 Pro \u2013 den smale, overtestede bilbarnestolen som sikrer trygg bakovervendt bruk opptil 7 \u00e5r (36 kg).","_seopress_robots_index":"","content-type":"","_relevanssi_hide_post":"","_relevanssi_hide_content":"","_relevanssi_pin_for_all":"","_relevanssi_pin_keywords":"","_relevanssi_unpin_keywords":"","_relevanssi_related_keywords":"","_relevanssi_related_include_ids":"","_relevanssi_related_exclude_ids":"","_relevanssi_related_no_append":"","_relevanssi_related_not_related":"","_relevanssi_related_posts":"","_relevanssi_noindex_reason":"","editor_notices":[]},"product_brand":[],"product_cat":[18,80,431],"product_tag":[],"class_list":{"0":"post-573617","1":"product","2":"type-product","3":"status-publish","4":"has-post-thumbnail","6":"product_cat-bilseter","7":"product_cat-bakovervendt-bilsete","8":"product_cat-smabarnsstol","10":"first","11":"instock","12":"sale","13":"taxable","14":"shipping-taxable","15":"purchasable","16":"product-type-variable","17":"has-default-attributes"},"bundled_by":[],"bundle_stock_status":"instock","bundle_stock_quantity":null,"bundle_virtual":false,"bundle_layout":"","bundle_add_to_cart_form_location":"","bundle_editable_in_cart":false,"bundle_sold_individually_context":"","bundle_item_grouping":"","bundle_min_size":"","bundle_max_size":"","bundle_price":[],"bundled_items":[],"bundle_sell_ids":[],"acf":[],"jetpack_sharing_enabled":true,"_links":{"self":[{"href":"https:\/\/axkid.com\/nb\/wp-json\/wp\/v2\/product\/573617","targetHints":{"allow":["GET"]}}],"collection":[{"href":"https:\/\/axkid.com\/nb\/wp-json\/wp\/v2\/product"}],"about":[{"href":"https:\/\/axkid.com\/nb\/wp-json\/wp\/v2\/types\/product"}],"replies":[{"embeddable":true,"href":"https:\/\/axkid.com\/nb\/wp-json\/wp\/v2\/comments?post=573617"}],"wp:featuredmedia":[{"embeddable":true,"href":"https:\/\/axkid.com\/nb\/wp-json\/"}],"wp:attachment":[{"href":"https:\/\/axkid.com\/nb\/wp-json\/wp\/v2\/media?parent=573617"}],"wp:term":[{"taxonomy":"product_brand","embeddable":true,"href":"https:\/\/axkid.com\/nb\/wp-json\/wp\/v2\/product_brand?post=573617"},{"taxonomy":"product_cat","embeddable":true,"href":"https:\/\/axkid.com\/nb\/wp-json\/wp\/v2\/product_cat?post=573617"},{"taxonomy":"product_tag","embeddable":true,"href":"https:\/\/axkid.com\/nb\/wp-json\/wp\/v2\/product_tag?post=573617"}],"curies":[{"name":"wp","href":"https:\/\/api.w.org\/{rel}","templated":true}]}}