{"id":574193,"date":"2026-01-30T08:47:17","date_gmt":"2026-01-30T07:47:17","guid":{"rendered":"https:\/\/axkid.com\/nb\/?post_type=product&#038;p=574193"},"modified":"2026-04-14T06:14:17","modified_gmt":"2026-04-14T05:14:17","slug":"up-fotstotte","status":"publish","type":"product","link":"https:\/\/axkid.com\/nb\/product\/up-fotstotte\/","title":{"rendered":"Up Fotst\u00f8tte"},"content":{"rendered":"","protected":false},"excerpt":{"rendered":"<p>Hev barnets reiseopplevelse med den justerbare fotst\u00f8tten for Axkid Up\u2122. Den ekstra benst\u00f8tten gir en mer komfortabel og ergonomisk sittestilling for barnet ditt.<\/p>\n","protected":false},"featured_media":3700000849447,"comment_status":"open","ping_status":"closed","template":"","meta":{"_acf_changed":false,"_seopress_robots_primary_cat":"17","_seopress_titles_title":"Axkid Up\u2122 Fotst\u00f8tte | Justerbar og Ergonomisk Komfort | Axkid","_seopress_titles_desc":"Hev barnets reiseopplevelse med den justerbare fotst\u00f8tten for Axkid Up\u2122. Den ekstra benst\u00f8tten gir en ergonomisk sittestilling og \u00f8kt komfort, med justerbar h\u00f8yde som vokser med barnet ditt.","_seopress_robots_index":"","content-type":"","_relevanssi_hide_post":"","_relevanssi_hide_content":"","_relevanssi_pin_for_all":"","_relevanssi_pin_keywords":"","_relevanssi_unpin_keywords":"","_relevanssi_related_keywords":"","_relevanssi_related_include_ids":"","_relevanssi_related_exclude_ids":"","_relevanssi_related_no_append":"","_relevanssi_related_not_related":"","_relevanssi_related_posts":"","_relevanssi_noindex_reason":"","editor_notices":[]},"product_brand":[],"product_cat":[17],"product_tag":[],"class_list":{"0":"post-574193","1":"product","2":"type-product","3":"status-publish","4":"has-post-thumbnail","6":"product_cat-tilbehor","8":"first","9":"instock","10":"taxable","11":"shipping-taxable","12":"purchasable","13":"product-type-simple"},"bundled_by":["574207","575462","575509","575839"],"bundle_stock_status":"instock","bundle_stock_quantity":43,"bundle_virtual":false,"bundle_layout":"","bundle_add_to_cart_form_location":"","bundle_editable_in_cart":false,"bundle_sold_individually_context":"","bundle_item_grouping":"","bundle_min_size":"","bundle_max_size":"","bundle_price":[],"bundled_items":[],"bundle_sell_ids":[],"acf":[],"jetpack_sharing_enabled":true,"_links":{"self":[{"href":"https:\/\/axkid.com\/nb\/wp-json\/wp\/v2\/product\/574193","targetHints":{"allow":["GET"]}}],"collection":[{"href":"https:\/\/axkid.com\/nb\/wp-json\/wp\/v2\/product"}],"about":[{"href":"https:\/\/axkid.com\/nb\/wp-json\/wp\/v2\/types\/product"}],"replies":[{"embeddable":true,"href":"https:\/\/axkid.com\/nb\/wp-json\/wp\/v2\/comments?post=574193"}],"wp:featuredmedia":[{"embeddable":true,"href":"https:\/\/axkid.com\/nb\/wp-json\/"}],"wp:attachment":[{"href":"https:\/\/axkid.com\/nb\/wp-json\/wp\/v2\/media?parent=574193"}],"wp:term":[{"taxonomy":"product_brand","embeddable":true,"href":"https:\/\/axkid.com\/nb\/wp-json\/wp\/v2\/product_brand?post=574193"},{"taxonomy":"product_cat","embeddable":true,"href":"https:\/\/axkid.com\/nb\/wp-json\/wp\/v2\/product_cat?post=574193"},{"taxonomy":"product_tag","embeddable":true,"href":"https:\/\/axkid.com\/nb\/wp-json\/wp\/v2\/product_tag?post=574193"}],"curies":[{"name":"wp","href":"https:\/\/api.w.org\/{rel}","templated":true}]}}