{"id":574831,"date":"2023-11-07T13:15:53","date_gmt":"2023-11-07T12:15:53","guid":{"rendered":"https:\/\/axkid.com\/nb\/?post_type=product&#038;p=574831"},"modified":"2026-05-08T10:03:23","modified_gmt":"2026-05-08T09:03:23","slug":"head-support-unit","status":"publish","type":"product","link":"https:\/\/axkid.com\/nb\/product\/head-support-unit\/","title":{"rendered":"HEAD SUPPORT UNIT"},"content":{"rendered":"<p data-start=\"71\" data-end=\"359\">S\u00f8rg for en tryggere og mer komfortabel tur for barnet ditt med Axkid Head Support Unit. Myk, st\u00f8ttende og enkel \u00e5 feste, denne hodest\u00f8tten er spesielt utviklet for Minikid 4-serien for \u00e5 gi ekstra stabilitet n\u00e5r det trengs som mest, enten det er p\u00e5 hverdagsturer eller lengre kj\u00f8returer.<\/p>\n<p data-start=\"361\" data-end=\"663\">Det sk\u00e5nsomme designet gir ekstra st\u00f8tte for yngre barn, og hjelper med \u00e5 holde hodet i en sikker posisjon, spesielt n\u00e5r de sover. Laget av barnevennlige materialer og perfekt formet for \u00e5 f\u00f8lge stolens konturer, smelter Head Support Unit s\u00f8ml\u00f8st inn i oppsettet ditt for en tett og behagelig passform.<\/p>\n<p data-start=\"665\" data-end=\"676\">Passer til:<\/p>\n<p data-start=\"678\" data-end=\"729\" data-is-last-node=\"\" data-is-only-node=\"\">Minikid 4<br data-start=\"687\" data-end=\"690\" \/>Minikid 4 Max<br data-start=\"703\" data-end=\"706\" \/>Minikid 4 Pro<br data-start=\"719\" data-end=\"722\" \/>Movekid<\/p>\n","protected":false},"excerpt":{"rendered":"<p data-start=\"71\" data-end=\"359\">S\u00f8rg for en tryggere og mer komfortabel tur for barnet ditt med Axkid Head Support Unit. Myk, st\u00f8ttende og enkel \u00e5 feste, denne hodest\u00f8tten er spesielt utviklet for Minikid 4-serien for \u00e5 gi ekstra stabilitet n\u00e5r det trengs som mest, enten det er p\u00e5 hverdagsturer eller lengre kj\u00f8returer.<\/p>\n<p data-start=\"361\" data-end=\"663\">Det sk\u00e5nsomme designet gir ekstra st\u00f8tte for yngre barn, og hjelper med \u00e5 holde hodet i en sikker posisjon, spesielt n\u00e5r de sover. Laget av barnevennlige materialer og perfekt formet for \u00e5 f\u00f8lge stolens konturer, smelter Head Support Unit s\u00f8ml\u00f8st inn i oppsettet ditt for en tett og behagelig passform.<\/p>\n<p data-start=\"665\" data-end=\"676\">Passer til:<\/p>\n<p data-start=\"678\" data-end=\"729\" data-is-last-node=\"\" data-is-only-node=\"\">Minikid 4<br data-start=\"687\" data-end=\"690\" \/>Minikid 4 Max<br data-start=\"703\" data-end=\"706\" \/>Minikid 4 Pro<br data-start=\"719\" data-end=\"722\" \/>Movekid<\/p>\n","protected":false},"featured_media":3700000851228,"comment_status":"open","ping_status":"closed","template":"","meta":{"_acf_changed":false,"_seopress_robots_primary_cat":"none","_seopress_titles_title":"","_seopress_titles_desc":"","_seopress_robots_index":"","_seopress_analysis_target_kw":"","content-type":"","_relevanssi_hide_post":"","_relevanssi_hide_content":"","_relevanssi_pin_for_all":"","_relevanssi_pin_keywords":"","_relevanssi_unpin_keywords":"","_relevanssi_related_keywords":"","_relevanssi_related_include_ids":"","_relevanssi_related_exclude_ids":"","_relevanssi_related_no_append":"","_relevanssi_related_not_related":"","_relevanssi_related_posts":"","_relevanssi_noindex_reason":"","editor_notices":[]},"product_brand":[],"product_cat":[375,17],"product_tag":[],"class_list":{"0":"post-574831","1":"product","2":"type-product","3":"status-publish","4":"has-post-thumbnail","6":"product_cat-reservedeler","7":"product_cat-tilbehor","9":"first","10":"instock","11":"taxable","12":"shipping-taxable","13":"purchasable","14":"product-type-simple"},"bundled_by":[],"bundle_stock_status":"instock","bundle_stock_quantity":9,"bundle_virtual":false,"bundle_layout":"","bundle_add_to_cart_form_location":"","bundle_editable_in_cart":false,"bundle_sold_individually_context":"","bundle_item_grouping":"","bundle_min_size":"","bundle_max_size":"","bundle_price":[],"bundled_items":[],"bundle_sell_ids":[],"acf":[],"jetpack_sharing_enabled":true,"_links":{"self":[{"href":"https:\/\/axkid.com\/nb\/wp-json\/wp\/v2\/product\/574831","targetHints":{"allow":["GET"]}}],"collection":[{"href":"https:\/\/axkid.com\/nb\/wp-json\/wp\/v2\/product"}],"about":[{"href":"https:\/\/axkid.com\/nb\/wp-json\/wp\/v2\/types\/product"}],"replies":[{"embeddable":true,"href":"https:\/\/axkid.com\/nb\/wp-json\/wp\/v2\/comments?post=574831"}],"wp:featuredmedia":[{"embeddable":true,"href":"https:\/\/axkid.com\/nb\/wp-json\/"}],"wp:attachment":[{"href":"https:\/\/axkid.com\/nb\/wp-json\/wp\/v2\/media?parent=574831"}],"wp:term":[{"taxonomy":"product_brand","embeddable":true,"href":"https:\/\/axkid.com\/nb\/wp-json\/wp\/v2\/product_brand?post=574831"},{"taxonomy":"product_cat","embeddable":true,"href":"https:\/\/axkid.com\/nb\/wp-json\/wp\/v2\/product_cat?post=574831"},{"taxonomy":"product_tag","embeddable":true,"href":"https:\/\/axkid.com\/nb\/wp-json\/wp\/v2\/product_tag?post=574831"}],"curies":[{"name":"wp","href":"https:\/\/api.w.org\/{rel}","templated":true}]}}