{"id":575267,"date":"2023-11-07T13:33:27","date_gmt":"2023-11-07T12:33:27","guid":{"rendered":"https:\/\/axkid.com\/nb\/?post_type=product&#038;p=575267"},"modified":"2026-04-15T12:29:08","modified_gmt":"2026-04-15T11:29:08","slug":"minikid-4-max-pro-textile-shoulder-pads","status":"publish","type":"product","link":"https:\/\/axkid.com\/nb\/product\/minikid-4-max-pro-textile-shoulder-pads\/","title":{"rendered":"Minikid 4 Max &#038; Pro Textile Shoulder Pads"},"content":{"rendered":"<p>These shoulder pads provide extra comfort and protection for your child by ensuring the harness rests softly against their shoulders and chest. Designed to minimize irritation during travel, they enhance the overall experience for both short trips and long journeys.<\/p>\n<p>Included with the purchase of the Minikid 4 Max, the shoulder pads are also compatible with Minikid 4 Pro and Minikid 4. To make use of the integrated magnets, the Minikid 4 Max headrest cover must be purchased separately.<\/p>\n","protected":false},"excerpt":{"rendered":"<p data-start=\"75\" data-end=\"330\">Disse skulderputene gir ekstra komfort og beskyttelse for barnet ditt ved \u00e5 s\u00f8rge for at selen hviler mykt mot skuldrene og brystet. Utformet for \u00e5 minimere irritasjon under kj\u00f8ring, forbedrer de den totale opplevelsen b\u00e5de p\u00e5 korte turer og lange reiser.<\/p>\n<p data-start=\"332\" data-end=\"535\" data-is-last-node=\"\" data-is-only-node=\"\">Skulderputene f\u00f8lger med ved kj\u00f8p av Minikid 4 Max, og er ogs\u00e5 kompatible med Minikid 4 Pro og Minikid 4. For \u00e5 kunne bruke de integrerte magnetene, m\u00e5 hodest\u00f8ttetrekket til Minikid 4 Max kj\u00f8pes separat.<\/p>\n","protected":false},"featured_media":3700000851386,"comment_status":"open","ping_status":"closed","template":"","meta":{"_acf_changed":false,"_seopress_robots_primary_cat":"none","_seopress_titles_title":"","_seopress_titles_desc":"","_seopress_robots_index":"","content-type":"","_relevanssi_hide_post":"","_relevanssi_hide_content":"","_relevanssi_pin_for_all":"","_relevanssi_pin_keywords":"","_relevanssi_unpin_keywords":"","_relevanssi_related_keywords":"","_relevanssi_related_include_ids":"","_relevanssi_related_exclude_ids":"","_relevanssi_related_no_append":"","_relevanssi_related_not_related":"","_relevanssi_related_posts":"","_relevanssi_noindex_reason":"","editor_notices":[]},"product_brand":[],"product_cat":[435,17],"product_tag":[],"class_list":{"0":"post-575267","1":"product","2":"type-product","3":"status-publish","4":"has-post-thumbnail","6":"product_cat-bilseteinnsatser-og-puter","7":"product_cat-tilbehor","9":"first","10":"instock","11":"taxable","12":"shipping-taxable","13":"purchasable","14":"product-type-variable","15":"has-default-attributes"},"bundled_by":[],"bundle_stock_status":"instock","bundle_stock_quantity":null,"bundle_virtual":false,"bundle_layout":"","bundle_add_to_cart_form_location":"","bundle_editable_in_cart":false,"bundle_sold_individually_context":"","bundle_item_grouping":"","bundle_min_size":"","bundle_max_size":"","bundle_price":[],"bundled_items":[],"bundle_sell_ids":[],"acf":[],"jetpack_sharing_enabled":true,"_links":{"self":[{"href":"https:\/\/axkid.com\/nb\/wp-json\/wp\/v2\/product\/575267","targetHints":{"allow":["GET"]}}],"collection":[{"href":"https:\/\/axkid.com\/nb\/wp-json\/wp\/v2\/product"}],"about":[{"href":"https:\/\/axkid.com\/nb\/wp-json\/wp\/v2\/types\/product"}],"replies":[{"embeddable":true,"href":"https:\/\/axkid.com\/nb\/wp-json\/wp\/v2\/comments?post=575267"}],"wp:featuredmedia":[{"embeddable":true,"href":"https:\/\/axkid.com\/nb\/wp-json\/"}],"wp:attachment":[{"href":"https:\/\/axkid.com\/nb\/wp-json\/wp\/v2\/media?parent=575267"}],"wp:term":[{"taxonomy":"product_brand","embeddable":true,"href":"https:\/\/axkid.com\/nb\/wp-json\/wp\/v2\/product_brand?post=575267"},{"taxonomy":"product_cat","embeddable":true,"href":"https:\/\/axkid.com\/nb\/wp-json\/wp\/v2\/product_cat?post=575267"},{"taxonomy":"product_tag","embeddable":true,"href":"https:\/\/axkid.com\/nb\/wp-json\/wp\/v2\/product_tag?post=575267"}],"curies":[{"name":"wp","href":"https:\/\/api.w.org\/{rel}","templated":true}]}}