{"id":575765,"date":"2026-03-06T11:14:06","date_gmt":"2026-03-06T10:14:06","guid":{"rendered":"https:\/\/axkid.com\/nb\/?post_type=product&#038;p=575765"},"modified":"2026-04-24T08:59:48","modified_gmt":"2026-04-24T07:59:48","slug":"minikid-core","status":"publish","type":"product","link":"https:\/\/axkid.com\/nb\/product\/minikid-core\/","title":{"rendered":"Minikid Core"},"content":{"rendered":"","protected":false},"excerpt":{"rendered":"<p>Minikid Core er et beltemontert, bakovervendt bilbarnesete utviklet for barn fra nyf\u00f8dt og opp til ca. 7 \u00e5r, tilsvarende 40\u2013125 cm og opptil 28 kg. Det tilbyr bakovervendt sikkerhet fra f\u00f8rste dag, en forenklet belteinstallasjon uten forankringsstropper og et Compact Fit-design som passer i alle typer kj\u00f8ret\u00f8y. Godkjent i Svensk Plus Test og sertifisert etter UN R129 og R170, gir dette bilbarnesetet familier en trygg og enkel start p\u00e5 hver reise.<\/p>\n","protected":false},"featured_media":575738,"comment_status":"open","ping_status":"closed","template":"","meta":{"_acf_changed":false,"_seopress_robots_primary_cat":"18","_seopress_titles_title":"","_seopress_titles_desc":"","_seopress_robots_index":"","content-type":"","_relevanssi_hide_post":"","_relevanssi_hide_content":"","_relevanssi_pin_for_all":"","_relevanssi_pin_keywords":"","_relevanssi_unpin_keywords":"","_relevanssi_related_keywords":"","_relevanssi_related_include_ids":"","_relevanssi_related_exclude_ids":"","_relevanssi_related_no_append":"","_relevanssi_related_not_related":"","_relevanssi_related_posts":"","_relevanssi_noindex_reason":"","editor_notices":[]},"product_brand":[],"product_cat":[18,80,79,431],"product_tag":[],"class_list":{"0":"post-575765","1":"product","2":"type-product","3":"status-publish","4":"has-post-thumbnail","6":"product_cat-bilseter","7":"product_cat-bakovervendt-bilsete","8":"product_cat-nyfodt-og-babystoler","9":"product_cat-smabarnsstol","11":"first","12":"onbackorder","13":"taxable","14":"shipping-taxable","15":"purchasable","16":"product-type-variable","17":"has-default-attributes"},"bundled_by":[],"bundle_stock_status":"onbackorder","bundle_stock_quantity":null,"bundle_virtual":false,"bundle_layout":"","bundle_add_to_cart_form_location":"","bundle_editable_in_cart":false,"bundle_sold_individually_context":"","bundle_item_grouping":"","bundle_min_size":"","bundle_max_size":"","bundle_price":[],"bundled_items":[],"bundle_sell_ids":[],"acf":[],"jetpack_sharing_enabled":true,"_links":{"self":[{"href":"https:\/\/axkid.com\/nb\/wp-json\/wp\/v2\/product\/575765","targetHints":{"allow":["GET"]}}],"collection":[{"href":"https:\/\/axkid.com\/nb\/wp-json\/wp\/v2\/product"}],"about":[{"href":"https:\/\/axkid.com\/nb\/wp-json\/wp\/v2\/types\/product"}],"replies":[{"embeddable":true,"href":"https:\/\/axkid.com\/nb\/wp-json\/wp\/v2\/comments?post=575765"}],"wp:featuredmedia":[{"embeddable":true,"href":"https:\/\/axkid.com\/nb\/wp-json\/wp\/v2\/media\/575738"}],"wp:attachment":[{"href":"https:\/\/axkid.com\/nb\/wp-json\/wp\/v2\/media?parent=575765"}],"wp:term":[{"taxonomy":"product_brand","embeddable":true,"href":"https:\/\/axkid.com\/nb\/wp-json\/wp\/v2\/product_brand?post=575765"},{"taxonomy":"product_cat","embeddable":true,"href":"https:\/\/axkid.com\/nb\/wp-json\/wp\/v2\/product_cat?post=575765"},{"taxonomy":"product_tag","embeddable":true,"href":"https:\/\/axkid.com\/nb\/wp-json\/wp\/v2\/product_tag?post=575765"}],"curies":[{"name":"wp","href":"https:\/\/api.w.org\/{rel}","templated":true}]}}