{"id":575812,"date":"2026-03-27T09:28:26","date_gmt":"2026-03-27T08:28:26","guid":{"rendered":"https:\/\/axkid.com\/nb\/?post_type=product&#038;p=575812"},"modified":"2026-04-29T13:34:34","modified_gmt":"2026-04-29T12:34:34","slug":"bundle-nextkid-essentials","status":"publish","type":"product","link":"https:\/\/axkid.com\/nb\/product\/bundle-nextkid-essentials\/","title":{"rendered":"Bundle: Nextkid Essentials"},"content":{"rendered":"","protected":false},"excerpt":{"rendered":"<p>Et praktisk hverdagssett for renere og svalere bilturer.<br \/>\nDenne pakken inneholder Axkid Nextkid beltestol sammen med Nextkid koppholder og trekk til beltestol. Den kombinerer sikkerhet og komfort med praktisk tilbeh\u00f8r som bidrar til \u00e5 beskytte setet, gi en mykere f\u00f8lelse og holde drikke lett tilgjengelig p\u00e5 hver tur.<\/p>\n","protected":false},"featured_media":575814,"comment_status":"open","ping_status":"closed","template":"","meta":{"_acf_changed":false,"_seopress_robots_primary_cat":"18","_seopress_titles_title":"","_seopress_titles_desc":"","_seopress_robots_index":"","_seopress_analysis_target_kw":"","content-type":"","_relevanssi_hide_post":"","_relevanssi_hide_content":"","_relevanssi_pin_for_all":"","_relevanssi_pin_keywords":"","_relevanssi_unpin_keywords":"","_relevanssi_related_keywords":"","_relevanssi_related_include_ids":"","_relevanssi_related_exclude_ids":"","_relevanssi_related_no_append":"","_relevanssi_related_not_related":"","_relevanssi_related_posts":"","_relevanssi_noindex_reason":"","editor_notices":[]},"product_brand":[],"product_cat":[18,432,175],"product_tag":[],"class_list":{"0":"post-575812","1":"product","2":"type-product","3":"status-publish","4":"has-post-thumbnail","6":"product_cat-bilseter","7":"product_cat-beltestol","8":"product_cat-bilstolspakke","10":"first","11":"instock","12":"sale","13":"taxable","14":"shipping-taxable","15":"purchasable","16":"product-type-bundle"},"bundled_by":[],"bundle_stock_status":"instock","bundle_stock_quantity":24,"bundle_virtual":false,"bundle_layout":"default","bundle_add_to_cart_form_location":"default","bundle_editable_in_cart":false,"bundle_sold_individually_context":"product","bundle_item_grouping":"parent","bundle_min_size":"","bundle_max_size":"","bundle_price":{"price":{"min":{"incl_tax":"1599","excl_tax":"1599"},"max":{"incl_tax":"1599","excl_tax":"1599"}},"regular_price":{"min":{"incl_tax":"3347","excl_tax":"3347"},"max":{"incl_tax":"3347","excl_tax":"3347"}}},"bundled_items":[{"bundled_item_id":32,"product_id":15633,"menu_order":0,"quantity_min":1,"quantity_max":1,"quantity_default":1,"priced_individually":true,"shipped_individually":false,"override_title":false,"title":"Nextkid","override_description":true,"description":"","optional":false,"hide_thumbnail":false,"discount":"45.741497","override_variations":false,"allowed_variations":[],"override_default_variation_attributes":false,"default_variation_attributes":[],"single_product_visibility":"visible","cart_visibility":"visible","order_visibility":"visible","single_product_price_visibility":"visible","cart_price_visibility":"visible","order_price_visibility":"visible","stock_status":"in_stock"},{"bundled_item_id":33,"product_id":20239,"menu_order":1,"quantity_min":1,"quantity_max":1,"quantity_default":1,"priced_individually":true,"shipped_individually":false,"override_title":false,"title":"Nextkid Koppholder","override_description":true,"description":"","optional":false,"hide_thumbnail":false,"discount":"45.738956","override_variations":false,"allowed_variations":[],"override_default_variation_attributes":false,"default_variation_attributes":[],"single_product_visibility":"visible","cart_visibility":"visible","order_visibility":"visible","single_product_price_visibility":"visible","cart_price_visibility":"visible","order_price_visibility":"visible","stock_status":"in_stock"},{"bundled_item_id":34,"product_id":4264,"menu_order":2,"quantity_min":1,"quantity_max":1,"quantity_default":1,"priced_individually":true,"shipped_individually":false,"override_title":false,"title":"Car Seat Cover - Bigkid &amp; Nextid","override_description":true,"description":"","optional":false,"hide_thumbnail":false,"discount":"45.743719","override_variations":false,"allowed_variations":[],"override_default_variation_attributes":false,"default_variation_attributes":[],"single_product_visibility":"visible","cart_visibility":"visible","order_visibility":"visible","single_product_price_visibility":"visible","cart_price_visibility":"visible","order_price_visibility":"visible","stock_status":"in_stock"}],"bundle_sell_ids":[],"acf":[],"jetpack_sharing_enabled":true,"_links":{"self":[{"href":"https:\/\/axkid.com\/nb\/wp-json\/wp\/v2\/product\/575812","targetHints":{"allow":["GET"]}}],"collection":[{"href":"https:\/\/axkid.com\/nb\/wp-json\/wp\/v2\/product"}],"about":[{"href":"https:\/\/axkid.com\/nb\/wp-json\/wp\/v2\/types\/product"}],"replies":[{"embeddable":true,"href":"https:\/\/axkid.com\/nb\/wp-json\/wp\/v2\/comments?post=575812"}],"wp:featuredmedia":[{"embeddable":true,"href":"https:\/\/axkid.com\/nb\/wp-json\/wp\/v2\/media\/575814"}],"wp:attachment":[{"href":"https:\/\/axkid.com\/nb\/wp-json\/wp\/v2\/media?parent=575812"}],"wp:term":[{"taxonomy":"product_brand","embeddable":true,"href":"https:\/\/axkid.com\/nb\/wp-json\/wp\/v2\/product_brand?post=575812"},{"taxonomy":"product_cat","embeddable":true,"href":"https:\/\/axkid.com\/nb\/wp-json\/wp\/v2\/product_cat?post=575812"},{"taxonomy":"product_tag","embeddable":true,"href":"https:\/\/axkid.com\/nb\/wp-json\/wp\/v2\/product_tag?post=575812"}],"curies":[{"name":"wp","href":"https:\/\/api.w.org\/{rel}","templated":true}]}}