{"id":575839,"date":"2026-03-30T14:33:34","date_gmt":"2026-03-30T13:33:34","guid":{"rendered":"https:\/\/axkid.com\/nb\/?post_type=product&#038;p=575839"},"modified":"2026-04-01T07:35:29","modified_gmt":"2026-04-01T06:35:29","slug":"axkid-up-x-jon-olsson","status":"publish","type":"product","link":"https:\/\/axkid.com\/nb\/product\/axkid-up-x-jon-olsson\/","title":{"rendered":"Axkid Up x Jon Olsson"},"content":{"rendered":"","protected":false},"excerpt":{"rendered":"<p>Axkid Up\u2122 is our most advanced high-back booster seat ever, now available in a limited edition created in collaboration with Jon Olsson. Suitable for children from 4 to 12 years old (100\u2013150 cm \/ 50 kg), it adapts to your child with the raisable seat to help ensure optimal belt positioning. Equipped with a built-in support leg for added stability.<\/p>\n","protected":false},"featured_media":3700000853832,"comment_status":"open","ping_status":"closed","template":"","meta":{"_acf_changed":false,"_seopress_robots_primary_cat":"18","_seopress_titles_title":"Axkid Up x Jon Olsson | Limited edition | Axkid","_seopress_titles_desc":"Axkid Up\u2122 er v\u00e5rt mest avanserte h\u00f8yryggede beltesetet noensinne, n\u00e5 tilgjengelig i en limited edition utviklet i samarbeid med Jon Olsson.","_seopress_robots_index":"","_seopress_analysis_target_kw":"","content-type":"","_relevanssi_hide_post":"","_relevanssi_hide_content":"","_relevanssi_pin_for_all":"","_relevanssi_pin_keywords":"","_relevanssi_unpin_keywords":"","_relevanssi_related_keywords":"","_relevanssi_related_include_ids":"","_relevanssi_related_exclude_ids":"","_relevanssi_related_no_append":"","_relevanssi_related_not_related":"","_relevanssi_related_posts":"","_relevanssi_noindex_reason":"","editor_notices":[]},"product_brand":[],"product_cat":[18,432,175],"product_tag":[],"class_list":{"0":"post-575839","1":"product","2":"type-product","3":"status-publish","4":"has-post-thumbnail","6":"product_cat-bilseter","7":"product_cat-beltestol","8":"product_cat-bilstolspakke","10":"first","11":"onbackorder","12":"sale","13":"taxable","14":"shipping-taxable","15":"purchasable","16":"product-type-bundle"},"bundled_by":[],"bundle_stock_status":"instock","bundle_stock_quantity":"","bundle_virtual":false,"bundle_layout":"default","bundle_add_to_cart_form_location":"default","bundle_editable_in_cart":false,"bundle_sold_individually_context":"product","bundle_item_grouping":"parent","bundle_min_size":"","bundle_max_size":"","bundle_price":{"price":{"min":{"incl_tax":"7499","excl_tax":"7499"},"max":{"incl_tax":"7499","excl_tax":"7499"}},"regular_price":{"min":{"incl_tax":"9246","excl_tax":"9246"},"max":{"incl_tax":"9246","excl_tax":"9246"}}},"bundled_items":[{"bundled_item_id":42,"product_id":575834,"menu_order":0,"quantity_min":1,"quantity_max":1,"quantity_default":1,"priced_individually":true,"shipped_individually":false,"override_title":false,"title":"Axkid Up x Jon Olsson","override_description":false,"description":"","optional":false,"hide_thumbnail":false,"discount":"18.894657","override_variations":false,"allowed_variations":[],"override_default_variation_attributes":false,"default_variation_attributes":[],"single_product_visibility":"visible","cart_visibility":"visible","order_visibility":"visible","single_product_price_visibility":"visible","cart_price_visibility":"visible","order_price_visibility":"visible","stock_status":"on_backorder"},{"bundled_item_id":41,"product_id":574193,"menu_order":1,"quantity_min":1,"quantity_max":1,"quantity_default":1,"priced_individually":true,"shipped_individually":false,"override_title":false,"title":"Up Fotst\u00f8tte","override_description":true,"description":"","optional":false,"hide_thumbnail":false,"discount":"18.894657","override_variations":false,"allowed_variations":[],"override_default_variation_attributes":false,"default_variation_attributes":[],"single_product_visibility":"visible","cart_visibility":"visible","order_visibility":"visible","single_product_price_visibility":"visible","cart_price_visibility":"visible","order_price_visibility":"visible","stock_status":"in_stock"},{"bundled_item_id":40,"product_id":574192,"menu_order":2,"quantity_min":1,"quantity_max":1,"quantity_default":1,"priced_individually":true,"shipped_individually":false,"override_title":false,"title":"Up Koppholder","override_description":true,"description":"","optional":false,"hide_thumbnail":false,"discount":"18.894657","override_variations":false,"allowed_variations":[],"override_default_variation_attributes":false,"default_variation_attributes":[],"single_product_visibility":"visible","cart_visibility":"visible","order_visibility":"visible","single_product_price_visibility":"visible","cart_price_visibility":"visible","order_price_visibility":"visible","stock_status":"in_stock"},{"bundled_item_id":39,"product_id":574195,"menu_order":3,"quantity_min":1,"quantity_max":1,"quantity_default":1,"priced_individually":true,"shipped_individually":false,"override_title":false,"title":"Up Reisebag","override_description":true,"description":"","optional":false,"hide_thumbnail":false,"discount":"18.894657","override_variations":false,"allowed_variations":[],"override_default_variation_attributes":false,"default_variation_attributes":[],"single_product_visibility":"visible","cart_visibility":"visible","order_visibility":"visible","single_product_price_visibility":"visible","cart_price_visibility":"visible","order_price_visibility":"visible","stock_status":"in_stock"}],"bundle_sell_ids":[],"acf":[],"jetpack_sharing_enabled":true,"_links":{"self":[{"href":"https:\/\/axkid.com\/nb\/wp-json\/wp\/v2\/product\/575839","targetHints":{"allow":["GET"]}}],"collection":[{"href":"https:\/\/axkid.com\/nb\/wp-json\/wp\/v2\/product"}],"about":[{"href":"https:\/\/axkid.com\/nb\/wp-json\/wp\/v2\/types\/product"}],"replies":[{"embeddable":true,"href":"https:\/\/axkid.com\/nb\/wp-json\/wp\/v2\/comments?post=575839"}],"wp:featuredmedia":[{"embeddable":true,"href":"https:\/\/axkid.com\/nb\/wp-json\/"}],"wp:attachment":[{"href":"https:\/\/axkid.com\/nb\/wp-json\/wp\/v2\/media?parent=575839"}],"wp:term":[{"taxonomy":"product_brand","embeddable":true,"href":"https:\/\/axkid.com\/nb\/wp-json\/wp\/v2\/product_brand?post=575839"},{"taxonomy":"product_cat","embeddable":true,"href":"https:\/\/axkid.com\/nb\/wp-json\/wp\/v2\/product_cat?post=575839"},{"taxonomy":"product_tag","embeddable":true,"href":"https:\/\/axkid.com\/nb\/wp-json\/wp\/v2\/product_tag?post=575839"}],"curies":[{"name":"wp","href":"https:\/\/api.w.org\/{rel}","templated":true}]}}