{"id":576004,"date":"2026-04-22T11:55:33","date_gmt":"2026-04-22T10:55:33","guid":{"rendered":"https:\/\/axkid.com\/nb\/?post_type=product&#038;p=576004"},"modified":"2026-04-28T09:55:05","modified_gmt":"2026-04-28T08:55:05","slug":"bundle-zero-pro-base","status":"publish","type":"product","link":"https:\/\/axkid.com\/nb\/product\/bundle-zero-pro-base\/","title":{"rendered":"Bundle: Zero Pro + Base"},"content":{"rendered":"","protected":false},"excerpt":{"rendered":"<p>Zero Pro + Base er en kombinasjon av spedbarnssete og ISOFIX-base, utviklet for trygg og enkel bruk fra f\u00f8rste dag. Ved \u00e5 kombinere det lette Zero Pro med en roterbar ISOFIX-base, f\u00e5r du sikker installasjon, ett-klikk-feste og enklere h\u00e5ndtering i hverdagen med en nyf\u00f8dt. Passer fra 40\u201387 cm og 0\u201313 kg. Zero Pro er R129 i-Size-godkjent og utviklet for \u00e5 gi riktig st\u00f8tte til de aller minste fra f\u00f8rste tur hjem.<\/p>\n","protected":false},"featured_media":575974,"comment_status":"open","ping_status":"closed","template":"","meta":{"_acf_changed":false,"_seopress_robots_primary_cat":"none","_seopress_titles_title":"Zero Pro + Base | ISOFIX spedbarnssete | Axkid","_seopress_titles_desc":"Zero Pro + Base kombinerer et lett spedbarnssete med en ISOFIX-base for trygg og enkel bruk fra f\u00f8rste dag.","_seopress_robots_index":"","_seopress_analysis_target_kw":"","content-type":"","_relevanssi_hide_post":"","_relevanssi_hide_content":"","_relevanssi_pin_for_all":"","_relevanssi_pin_keywords":"","_relevanssi_unpin_keywords":"","_relevanssi_related_keywords":"","_relevanssi_related_include_ids":"","_relevanssi_related_exclude_ids":"","_relevanssi_related_no_append":"","_relevanssi_related_not_related":"","_relevanssi_related_posts":"","_relevanssi_noindex_reason":"","editor_notices":[]},"product_brand":[],"product_cat":[18,175],"product_tag":[],"class_list":{"0":"post-576004","1":"product","2":"type-product","3":"status-publish","4":"has-post-thumbnail","6":"product_cat-bilseter","7":"product_cat-bilstolspakke","9":"first","10":"onbackorder","11":"sale","12":"taxable","13":"shipping-taxable","14":"purchasable","15":"product-type-bundle"},"bundled_by":[],"bundle_stock_status":"instock","bundle_stock_quantity":"","bundle_virtual":false,"bundle_layout":"default","bundle_add_to_cart_form_location":"default","bundle_editable_in_cart":false,"bundle_sold_individually_context":"product","bundle_item_grouping":"parent","bundle_min_size":"","bundle_max_size":"","bundle_price":{"price":{"min":{"incl_tax":"3999","excl_tax":"3999"},"max":{"incl_tax":"3999","excl_tax":"3999"}},"regular_price":{"min":{"incl_tax":"4498","excl_tax":"4498"},"max":{"incl_tax":"4498","excl_tax":"4498"}}},"bundled_items":[{"bundled_item_id":45,"product_id":576014,"menu_order":0,"quantity_min":1,"quantity_max":1,"quantity_default":1,"priced_individually":true,"shipped_individually":false,"override_title":false,"title":"Zero Pro","override_description":false,"description":"","optional":false,"hide_thumbnail":false,"discount":"11.093819","override_variations":false,"allowed_variations":[],"override_default_variation_attributes":false,"default_variation_attributes":[],"single_product_visibility":"visible","cart_visibility":"visible","order_visibility":"visible","single_product_price_visibility":"visible","cart_price_visibility":"visible","order_price_visibility":"visible","stock_status":"on_backorder"},{"bundled_item_id":44,"product_id":575960,"menu_order":1,"quantity_min":1,"quantity_max":1,"quantity_default":1,"priced_individually":true,"shipped_individually":false,"override_title":false,"title":"Zero base","override_description":false,"description":"","optional":false,"hide_thumbnail":false,"discount":"11.093819","override_variations":false,"allowed_variations":[],"override_default_variation_attributes":false,"default_variation_attributes":[],"single_product_visibility":"visible","cart_visibility":"visible","order_visibility":"visible","single_product_price_visibility":"visible","cart_price_visibility":"visible","order_price_visibility":"visible","stock_status":"on_backorder"}],"bundle_sell_ids":[],"acf":[],"jetpack_sharing_enabled":true,"_links":{"self":[{"href":"https:\/\/axkid.com\/nb\/wp-json\/wp\/v2\/product\/576004","targetHints":{"allow":["GET"]}}],"collection":[{"href":"https:\/\/axkid.com\/nb\/wp-json\/wp\/v2\/product"}],"about":[{"href":"https:\/\/axkid.com\/nb\/wp-json\/wp\/v2\/types\/product"}],"replies":[{"embeddable":true,"href":"https:\/\/axkid.com\/nb\/wp-json\/wp\/v2\/comments?post=576004"}],"wp:featuredmedia":[{"embeddable":true,"href":"https:\/\/axkid.com\/nb\/wp-json\/wp\/v2\/media\/575974"}],"wp:attachment":[{"href":"https:\/\/axkid.com\/nb\/wp-json\/wp\/v2\/media?parent=576004"}],"wp:term":[{"taxonomy":"product_brand","embeddable":true,"href":"https:\/\/axkid.com\/nb\/wp-json\/wp\/v2\/product_brand?post=576004"},{"taxonomy":"product_cat","embeddable":true,"href":"https:\/\/axkid.com\/nb\/wp-json\/wp\/v2\/product_cat?post=576004"},{"taxonomy":"product_tag","embeddable":true,"href":"https:\/\/axkid.com\/nb\/wp-json\/wp\/v2\/product_tag?post=576004"}],"curies":[{"name":"wp","href":"https:\/\/api.w.org\/{rel}","templated":true}]}}