{"id":576014,"date":"2026-04-22T11:39:41","date_gmt":"2026-04-22T10:39:41","guid":{"rendered":"https:\/\/axkid.com\/nb\/?post_type=product&#038;p=576014"},"modified":"2026-04-24T09:44:01","modified_gmt":"2026-04-24T08:44:01","slug":"zero-pro","status":"publish","type":"product","link":"https:\/\/axkid.com\/nb\/product\/zero-pro\/","title":{"rendered":"Zero Pro"},"content":{"rendered":"","protected":false},"excerpt":{"rendered":"<p>Zero Pro er et spedbarnssete utviklet for \u00e5 holde den nyf\u00f8dte trygg fra f\u00f8rste dag. Lett i vekt og enkel \u00e5 b\u00e6re, er det utviklet for \u00e5 gi sm\u00e5 babyer den st\u00f8tten de trenger fra den aller f\u00f8rste turen hjem. Passer fra 40\u201387 cm og opp til 13 kg. Zero Pro er R129 i-Size-godkjent og kan installeres med Zero Base eller med bilens sikkerhetsbelte.<\/p>\n","protected":false},"featured_media":575951,"comment_status":"open","ping_status":"closed","template":"","meta":{"_acf_changed":false,"_seopress_robots_primary_cat":"18","_seopress_titles_title":"Zero Pro spedbarnssete | Sikkerhet fra f\u00f8rste dag | AXKID","_seopress_titles_desc":"Zero Pro er et lett spedbarnssete for nyf\u00f8dte opp til 15 m\u00e5neder (40\u201387 cm, 0\u201313 kg). R129 i-Size-godkjent og kompatibelt med reisesystem.","_seopress_robots_index":"","content-type":"","_relevanssi_hide_post":"","_relevanssi_hide_content":"","_relevanssi_pin_for_all":"","_relevanssi_pin_keywords":"","_relevanssi_unpin_keywords":"","_relevanssi_related_keywords":"","_relevanssi_related_include_ids":"","_relevanssi_related_exclude_ids":"","_relevanssi_related_no_append":"","_relevanssi_related_not_related":"","_relevanssi_related_posts":"","_relevanssi_noindex_reason":"","editor_notices":[]},"product_brand":[],"product_cat":[18,79],"product_tag":[],"class_list":{"0":"post-576014","1":"product","2":"type-product","3":"status-publish","4":"has-post-thumbnail","6":"product_cat-bilseter","7":"product_cat-nyfodt-og-babystoler","9":"first","10":"onbackorder","11":"taxable","12":"shipping-taxable","13":"purchasable","14":"product-type-variable","15":"has-default-attributes"},"bundled_by":["576004"],"bundle_stock_status":"onbackorder","bundle_stock_quantity":null,"bundle_virtual":false,"bundle_layout":"","bundle_add_to_cart_form_location":"","bundle_editable_in_cart":false,"bundle_sold_individually_context":"","bundle_item_grouping":"","bundle_min_size":"","bundle_max_size":"","bundle_price":[],"bundled_items":[],"bundle_sell_ids":[],"acf":[],"jetpack_sharing_enabled":true,"_links":{"self":[{"href":"https:\/\/axkid.com\/nb\/wp-json\/wp\/v2\/product\/576014","targetHints":{"allow":["GET"]}}],"collection":[{"href":"https:\/\/axkid.com\/nb\/wp-json\/wp\/v2\/product"}],"about":[{"href":"https:\/\/axkid.com\/nb\/wp-json\/wp\/v2\/types\/product"}],"replies":[{"embeddable":true,"href":"https:\/\/axkid.com\/nb\/wp-json\/wp\/v2\/comments?post=576014"}],"wp:featuredmedia":[{"embeddable":true,"href":"https:\/\/axkid.com\/nb\/wp-json\/wp\/v2\/media\/575951"}],"wp:attachment":[{"href":"https:\/\/axkid.com\/nb\/wp-json\/wp\/v2\/media?parent=576014"}],"wp:term":[{"taxonomy":"product_brand","embeddable":true,"href":"https:\/\/axkid.com\/nb\/wp-json\/wp\/v2\/product_brand?post=576014"},{"taxonomy":"product_cat","embeddable":true,"href":"https:\/\/axkid.com\/nb\/wp-json\/wp\/v2\/product_cat?post=576014"},{"taxonomy":"product_tag","embeddable":true,"href":"https:\/\/axkid.com\/nb\/wp-json\/wp\/v2\/product_tag?post=576014"}],"curies":[{"name":"wp","href":"https:\/\/api.w.org\/{rel}","templated":true}]}}