{"id":630,"date":"2023-12-09T08:56:55","date_gmt":"2023-12-09T07:56:55","guid":{"rendered":"\/?post_type=product&#038;p=630"},"modified":"2026-04-15T06:14:44","modified_gmt":"2026-04-15T05:14:44","slug":"minikid-forankringsstropper","status":"publish","type":"product","link":"https:\/\/axkid.com\/nb\/product\/minikid-forankringsstropper\/","title":{"rendered":"Minikid -Forankringsstropper"},"content":{"rendered":"<p>Designed for installing rear-facing car seats in vehicles lacking attachment loops or requiring extra reach. Each pack includes two straps. Compatible with Axkid Minikid models.<\/p>\n","protected":false},"excerpt":{"rendered":"<p>Forlengelsesstropp for installasjon n\u00e5r det ikke finnes festel\u00f8kker eller nor ekstra rekkevidde er n\u00f8dvendig. To i hver pakke.<\/p>\n","protected":false},"featured_media":802,"comment_status":"open","ping_status":"closed","template":"","meta":{"_acf_changed":false,"_seopress_robots_primary_cat":"none","_seopress_titles_title":"Forankringsstropper | Bilsetetilbeh\u00f8r | Axkid","_seopress_titles_desc":"Forlengelsesstropp for installasjon n\u00e5r det ikke finnes festel\u00f8kker eller nor ekstra rekkevidde er n\u00f8dvendig.","_seopress_robots_index":"","content-type":"","_relevanssi_hide_post":"","_relevanssi_hide_content":"","_relevanssi_pin_for_all":"","_relevanssi_pin_keywords":"","_relevanssi_unpin_keywords":"","_relevanssi_related_keywords":"","_relevanssi_related_include_ids":"","_relevanssi_related_exclude_ids":"","_relevanssi_related_no_append":"","_relevanssi_related_not_related":"","_relevanssi_related_posts":"","_relevanssi_noindex_reason":"","editor_notices":[]},"product_brand":[],"product_cat":[438,17],"product_tag":[63],"class_list":{"0":"post-630","1":"product","2":"type-product","3":"status-publish","4":"has-post-thumbnail","6":"product_cat-forankringsstropper-forankringsringer","7":"product_cat-tilbehor","8":"product_tag-installasjonstilbehor","10":"first","11":"instock","12":"taxable","13":"shipping-taxable","14":"purchasable","15":"product-type-simple"},"bundled_by":["2695"],"bundle_stock_status":"instock","bundle_stock_quantity":39,"bundle_virtual":false,"bundle_layout":"","bundle_add_to_cart_form_location":"","bundle_editable_in_cart":false,"bundle_sold_individually_context":"","bundle_item_grouping":"","bundle_min_size":"","bundle_max_size":"","bundle_price":[],"bundled_items":[],"bundle_sell_ids":[],"acf":[],"jetpack_sharing_enabled":true,"_links":{"self":[{"href":"https:\/\/axkid.com\/nb\/wp-json\/wp\/v2\/product\/630","targetHints":{"allow":["GET"]}}],"collection":[{"href":"https:\/\/axkid.com\/nb\/wp-json\/wp\/v2\/product"}],"about":[{"href":"https:\/\/axkid.com\/nb\/wp-json\/wp\/v2\/types\/product"}],"replies":[{"embeddable":true,"href":"https:\/\/axkid.com\/nb\/wp-json\/wp\/v2\/comments?post=630"}],"wp:featuredmedia":[{"embeddable":true,"href":"https:\/\/axkid.com\/nb\/wp-json\/wp\/v2\/media\/802"}],"wp:attachment":[{"href":"https:\/\/axkid.com\/nb\/wp-json\/wp\/v2\/media?parent=630"}],"wp:term":[{"taxonomy":"product_brand","embeddable":true,"href":"https:\/\/axkid.com\/nb\/wp-json\/wp\/v2\/product_brand?post=630"},{"taxonomy":"product_cat","embeddable":true,"href":"https:\/\/axkid.com\/nb\/wp-json\/wp\/v2\/product_cat?post=630"},{"taxonomy":"product_tag","embeddable":true,"href":"https:\/\/axkid.com\/nb\/wp-json\/wp\/v2\/product_tag?post=630"}],"curies":[{"name":"wp","href":"https:\/\/api.w.org\/{rel}","templated":true}]}}