{"id":750,"date":"2019-09-21T08:48:41","date_gmt":"2019-09-21T07:48:41","guid":{"rendered":"\/?post_type=product&#038;p=750"},"modified":"2026-05-04T19:44:20","modified_gmt":"2026-05-04T18:44:20","slug":"smart-organizer","status":"publish","type":"product","link":"https:\/\/axkid.com\/nb\/product\/smart-organizer\/","title":{"rendered":"Smart Organizer"},"content":{"rendered":"<p>Backseat organizer with Ipad holder and several storage compartments. Stores and organizes car essentials. Different sized pockets hold large and small items.\u00a0Mounted on the back of the front seat. Fits with all cars, mounted with two straps.<\/p>\n","protected":false},"excerpt":{"rendered":"<p>Bakseteorganisatoren gj\u00f8r bilturen mer praktisk. Fest den over baksetet og bruk den til \u00e5 oppbevare nettbrett og andre ting du vil ha lett tilgjengelig. Den har flere lommer der du kan oppbevare leker, drikke og snacks.<\/p>\n","protected":false},"featured_media":832,"comment_status":"open","ping_status":"closed","template":"","meta":{"_acf_changed":false,"_seopress_robots_primary_cat":"none","_seopress_titles_title":"Axkid Organizer | Bilsetetilbeh\u00f8r | Axkid","_seopress_titles_desc":"Ipad-holder og flere forskjellige st\u00f8rrelser lommer for store og sm\u00e5 gjenstander. Monteres p\u00e5 baksiden av forsetet. Passer til alle biler, montert med to stropper","_seopress_robots_index":"","content-type":"","_relevanssi_hide_post":"","_relevanssi_hide_content":"","_relevanssi_pin_for_all":"","_relevanssi_pin_keywords":"","_relevanssi_unpin_keywords":"","_relevanssi_related_keywords":"","_relevanssi_related_include_ids":"","_relevanssi_related_exclude_ids":"","_relevanssi_related_no_append":"","_relevanssi_related_not_related":"","_relevanssi_related_posts":"","_relevanssi_noindex_reason":"","editor_notices":[]},"product_brand":[],"product_cat":[412,436,17],"product_tag":[94],"class_list":{"0":"post-750","1":"product","2":"type-product","3":"status-publish","4":"has-post-thumbnail","6":"product_cat-outlet","7":"product_cat-setebeskytter-og-oppbevaring","8":"product_cat-tilbehor","9":"product_tag-tilbehor-komfort-og-beskyttelse","11":"first","12":"instock","13":"sale","14":"taxable","15":"shipping-taxable","16":"purchasable","17":"product-type-simple"},"bundled_by":[],"bundle_stock_status":"instock","bundle_stock_quantity":25,"bundle_virtual":false,"bundle_layout":"","bundle_add_to_cart_form_location":"","bundle_editable_in_cart":false,"bundle_sold_individually_context":"","bundle_item_grouping":"","bundle_min_size":"","bundle_max_size":"","bundle_price":[],"bundled_items":[],"bundle_sell_ids":[],"acf":[],"jetpack_sharing_enabled":true,"_links":{"self":[{"href":"https:\/\/axkid.com\/nb\/wp-json\/wp\/v2\/product\/750","targetHints":{"allow":["GET"]}}],"collection":[{"href":"https:\/\/axkid.com\/nb\/wp-json\/wp\/v2\/product"}],"about":[{"href":"https:\/\/axkid.com\/nb\/wp-json\/wp\/v2\/types\/product"}],"replies":[{"embeddable":true,"href":"https:\/\/axkid.com\/nb\/wp-json\/wp\/v2\/comments?post=750"}],"wp:featuredmedia":[{"embeddable":true,"href":"https:\/\/axkid.com\/nb\/wp-json\/wp\/v2\/media\/832"}],"wp:attachment":[{"href":"https:\/\/axkid.com\/nb\/wp-json\/wp\/v2\/media?parent=750"}],"wp:term":[{"taxonomy":"product_brand","embeddable":true,"href":"https:\/\/axkid.com\/nb\/wp-json\/wp\/v2\/product_brand?post=750"},{"taxonomy":"product_cat","embeddable":true,"href":"https:\/\/axkid.com\/nb\/wp-json\/wp\/v2\/product_cat?post=750"},{"taxonomy":"product_tag","embeddable":true,"href":"https:\/\/axkid.com\/nb\/wp-json\/wp\/v2\/product_tag?post=750"}],"curies":[{"name":"wp","href":"https:\/\/api.w.org\/{rel}","templated":true}]}}