{"id":848317,"date":"2022-10-21T10:49:00","date_gmt":"2022-10-21T09:49:00","guid":{"rendered":"https:\/\/axkid.com\/nl\/?post_type=product&#038;p=848317"},"modified":"2026-04-25T19:57:47","modified_gmt":"2026-04-25T18:57:47","slug":"pahoj-voor-bagagedrager","status":"publish","type":"product","link":"https:\/\/axkid.com\/nl\/product\/pahoj-voor-bagagedrager\/","title":{"rendered":"P\u00e5hoj voor bagagedrager"},"content":{"rendered":"","protected":false},"excerpt":{"rendered":"<article class=\"text-token-text-primary w-full focus:outline-none [--shadow-height:45px] has-data-writing-block:pointer-events-none has-data-writing-block:-mt-(--shadow-height) has-data-writing-block:pt-(--shadow-height) [&amp;:has([data-writing-block])&gt;*]:pointer-events-auto [content-visibility:auto] supports-[content-visibility:auto]:[contain-intrinsic-size:auto_100lvh] scroll-mt-[calc(var(--header-height)+min(200px,max(70px,20svh)))]\" dir=\"auto\" data-turn-id=\"request-WEB:76a80758-240e-42fb-8c71-6292f4737ab1-21\" data-testid=\"conversation-turn-44\" data-scroll-anchor=\"true\" data-turn=\"assistant\">\n<div class=\"text-base my-auto mx-auto pb-10 [--thread-content-margin:--spacing(4)] thread-sm:[--thread-content-margin:--spacing(6)] thread-lg:[--thread-content-margin:--spacing(16)] px-(--thread-content-margin)\">\n<div class=\"[--thread-content-max-width:40rem] thread-lg:[--thread-content-max-width:48rem] mx-auto max-w-(--thread-content-max-width) flex-1 group\/turn-messages focus-visible:outline-hidden relative flex w-full min-w-0 flex-col agent-turn\">\n<div class=\"flex max-w-full flex-col grow\">\n<div class=\"min-h-8 text-message relative flex w-full flex-col items-end gap-2 text-start break-words whitespace-normal [.text-message+&amp;]:mt-1\" dir=\"auto\" data-message-author-role=\"assistant\" data-message-id=\"203c8cd0-c034-4860-8056-85554a5ec369\" data-message-model-slug=\"gpt-5\">\n<div class=\"flex w-full flex-col gap-1 empty:hidden first:pt-[1px]\">\n<div class=\"markdown prose dark:prose-invert w-full break-words dark markdown-new-styling\">\n<p data-start=\"0\" data-end=\"348\" data-is-last-node=\"\" data-is-only-node=\"\">Geschikt voor de meeste e-bikes en standaardfietsen met een bagagedrager. P\u00e5hoj is het kinderzitje dat in slechts \u00e9\u00e9n seconde verandert in een kinderwagen. Ontworpen voor kinderen van 9 maanden tot 4 jaar, of met een maximaal gewicht van 22 kg of een lengte van 110 cm \u2013 afhankelijk van wat het eerst wordt bereikt. Bagagedrager-adapter inbegrepen.<\/p>\n<\/div>\n<\/div>\n<\/div>\n<\/div>\n<div class=\"z-0 flex min-h-[46px] justify-start\"><\/div>\n<div class=\"mt-3 w-full empty:hidden\">\n<div class=\"text-center\"><\/div>\n<\/div>\n<\/div>\n<\/div>\n<\/article>\n<div class=\"pointer-events-none h-px w-px\" aria-hidden=\"true\" data-edge=\"true\"><\/div>\n","protected":false},"featured_media":3700000852684,"comment_status":"open","ping_status":"closed","template":"","meta":{"_acf_changed":false,"_seopress_robots_primary_cat":"none","_seopress_titles_title":"","_seopress_titles_desc":"","_seopress_robots_index":"","_seopress_analysis_target_kw":"","content-type":"","_relevanssi_hide_post":"","_relevanssi_hide_content":"","_relevanssi_pin_for_all":"","_relevanssi_pin_keywords":"","_relevanssi_unpin_keywords":"","_relevanssi_related_keywords":"","_relevanssi_related_include_ids":"","_relevanssi_related_exclude_ids":"","_relevanssi_related_no_append":"","_relevanssi_related_not_related":"","_relevanssi_related_posts":"","_relevanssi_noindex_reason":"","editor_notices":[]},"product_brand":[],"product_cat":[412,583],"product_tag":[],"class_list":{"0":"post-848317","1":"product","2":"type-product","3":"status-publish","4":"has-post-thumbnail","6":"product_cat-outlet","7":"product_cat-pahoj","9":"first","10":"outofstock","11":"sale","12":"taxable","13":"shipping-taxable","14":"purchasable","15":"product-type-simple"},"bundled_by":["848343","848531"],"bundle_stock_status":"outofstock","bundle_stock_quantity":0,"bundle_virtual":false,"bundle_layout":"","bundle_add_to_cart_form_location":"","bundle_editable_in_cart":false,"bundle_sold_individually_context":"","bundle_item_grouping":"","bundle_min_size":"","bundle_max_size":"","bundle_price":[],"bundled_items":[],"bundle_sell_ids":[],"acf":[],"jetpack_sharing_enabled":true,"_links":{"self":[{"href":"https:\/\/axkid.com\/nl\/wp-json\/wp\/v2\/product\/848317","targetHints":{"allow":["GET"]}}],"collection":[{"href":"https:\/\/axkid.com\/nl\/wp-json\/wp\/v2\/product"}],"about":[{"href":"https:\/\/axkid.com\/nl\/wp-json\/wp\/v2\/types\/product"}],"replies":[{"embeddable":true,"href":"https:\/\/axkid.com\/nl\/wp-json\/wp\/v2\/comments?post=848317"}],"wp:featuredmedia":[{"embeddable":true,"href":"https:\/\/axkid.com\/nl\/wp-json\/"}],"wp:attachment":[{"href":"https:\/\/axkid.com\/nl\/wp-json\/wp\/v2\/media?parent=848317"}],"wp:term":[{"taxonomy":"product_brand","embeddable":true,"href":"https:\/\/axkid.com\/nl\/wp-json\/wp\/v2\/product_brand?post=848317"},{"taxonomy":"product_cat","embeddable":true,"href":"https:\/\/axkid.com\/nl\/wp-json\/wp\/v2\/product_cat?post=848317"},{"taxonomy":"product_tag","embeddable":true,"href":"https:\/\/axkid.com\/nl\/wp-json\/wp\/v2\/product_tag?post=848317"}],"curies":[{"name":"wp","href":"https:\/\/api.w.org\/{rel}","templated":true}]}}