{"id":15633,"date":"2023-12-03T13:15:33","date_gmt":"2023-12-03T12:15:33","guid":{"rendered":"https:\/\/axkid.com\/?post_type=product&#038;p=15633"},"modified":"2026-05-11T11:15:29","modified_gmt":"2026-05-11T10:15:29","slug":"nextkid","status":"publish","type":"product","link":"https:\/\/axkid.com\/pl\/product\/nextkid\/","title":{"rendered":"Fotelik samochodowy Nextkid"},"content":{"rendered":"<p>Axkid Nextkid to bezpieczny, elastyczny i wygodny fotelik, zaprojektowany tak, aby r\u00f3s\u0142 wraz z dzieckiem i idealnie pasowa\u0142 do samochodu. Dzi\u0119ki czterostopniowo rozszerzanym skrzyd\u0142om bocznym, regulowanemu zag\u0142\u00f3wkowi i mi\u0119kkiej tkaninie premium zapewnia maksymalny komfort i bezpiecze\u0144stwo dzieciom do 150 cm.<\/p>\n<h3>To jest Axkid Nextkid<\/h3>\n<ul>\n<li>Zatwierdzony zgodnie z przepisami R129 \u2013 i zaprojektowany dla rosn\u0105cych dzieci<\/li>\n<li>Elastyczna i dostosowuj\u0105ca si\u0119 konstrukcja z niezale\u017cnymi skrzyd\u0142ami bocznymi dla \u0142atwego dopasowania do potrzeb dziecka, dodatkowych fotelik\u00f3w samochodowych lub pasa\u017cer\u00f3w.<\/li>\n<li>Szybki monta\u017c: Bezpieczny system ISOFIX umo\u017cliwia szybk\u0105 instalacj\u0119.<\/li>\n<li>System Sleep Well: 4 pozycje odchylenia i elastyczny k\u0105t oparcia dla idealnego dopasowania do dziecka i samochodu.<\/li>\n<li>Wysoki komfort: Mi\u0119kki materia\u0142 premium, wentylacja w strukturze skorupy fotelika samochodowego i materia\u0142 zapewniaj\u0105 dziecku ch\u0142\u00f3d i wygod\u0119.<\/li>\n<\/ul>\n<p><em>Nale\u017cy pami\u0119ta\u0107, \u017ce chocia\u017c Axkid Nextkid jest zatwierdzony dla wzrostu 100-150 cm, Axkid zaleca, aby dziecko podr\u00f3\u017cowa\u0142o ty\u0142em do kierunku jazdy tak d\u0142ugo, jak to mo\u017cliwe. Najlepiej do 125 cm.<\/em><\/p>\n<h3>Pozw\u00f3l nam powiedzie\u0107 troch\u0119 wi\u0119cej o Axkid Nextkid<\/h3>\n<p><strong>Zaprojektowany w Szwecji i zatwierdzony zgodnie z najnowszymi przepisami bezpiecze\u0144stwa<\/strong><br \/>\nAxkid Nextkid zosta\u0142 zaprojektowany w Szwecji, a bezpiecze\u0144stwo jest najwy\u017cszym priorytetem. Kompaktowa konstrukcja zapewnia mo\u017cliwo\u015b\u0107 zamontowania trzech siedze\u0144 w rz\u0119dzie, dzi\u0119ki czemu jest idealny dla rodzin z wieloma dzie\u0107mi. Ponadto rozszerzalne skrzyd\u0142a boczne fotelika samochodowego zapewniaj\u0105 dodatkow\u0105 przestrze\u0144 dla dziecka, gdy jest to wymagane. Dzi\u0119ki zatwierdzeniu przepis\u00f3w R129 mo\u017cesz mie\u0107 pewno\u015b\u0107, \u017ce Twoje dziecko podr\u00f3\u017cuje w jednym z najbezpieczniejszych fotelik\u00f3w ostatnich na rynku.<\/p>\n<p>Axkid Nextkid zosta\u0142 zaprojektowany tak, aby r\u00f3s\u0142 wraz z dzieckiem i jest zatwierdzony do u\u017cytku od 100 cm do 150 cm, co odpowiada wiekowi od oko\u0142o 4 do 12 lat. Jednak zawsze zalecamy, aby dziecko podr\u00f3\u017cowa\u0142o ty\u0142em do kierunku jazdy tak d\u0142ugo, jak to mo\u017cliwe (do 125 cm), zanim przejdzie na fotelik ostatni, aby zapewni\u0107 optymalne bezpiecze\u0144stwo.<\/p>\n<p><span style=\"text-decoration: underline\"><a href=\"https:\/\/axkid.com\/pl\/safety\/when-is-my-child-ready-for-a-booster-seat\/\">Sk\u0105d mam wiedzie\u0107, czy moje dziecko jest gotowe na fotelik 100-150cm? Przeczytaj wi\u0119cej tutaj \u00bb<\/a><\/span><\/p>\n<h3>Bezpieczny i dostosowany do Twojego dziecka i samochodu<\/h3>\n<p>Axkid Nextkid to idealne po\u0142\u0105czenie bezpiecze\u0144stwa i mo\u017cliwo\u015bci dostosowania. Jego unikalna konstrukcja obejmuje czterostopniowe rozszerzaj\u0105ce si\u0119 skrzyd\u0142a boczne, kt\u00f3re zapewniaj\u0105 dodatkow\u0105 przestrze\u0144 i dostosowuj\u0105 si\u0119 do wzrostu dziecka w miar\u0119 up\u0142ywu czasu. D\u0142ugo\u015b\u0107 oparcia i 8 pozycji zag\u0142\u00f3wka zapewniaj\u0105 idealne dopasowanie do Twojego dziecka, niezale\u017cnie od jego wieku i rozmiaru. Ponadto zag\u0142\u00f3wek i dwa skrzyd\u0142a boczne s\u0105 niezale\u017cne od siebie, co u\u0142atwia dopasowanie fotelika do potrzeb dziecka, a tak\u017ce do innych pasa\u017cer\u00f3w lub fotelik\u00f3w samochodowych w samochodzie.<\/p>\n<p>Opr\u00f3cz funkcji bezpiecze\u0144stwa, Nextkid jest r\u00f3wnie\u017c bardzo dobrze dostosowany do Twojego samochodu. Jego kompaktowa konstrukcja pozwala na zamontowanie go na trzech siedzeniach w rz\u0119dzie, co czyni go idealnym wyborem dla rodzin w podr\u00f3\u017cy. Elastyczny k\u0105t oparcia i dopasowuj\u0105cy si\u0119 kszta\u0142t fotelika samochodowego sprawiaj\u0105, \u017ce idealnie pasuje do ka\u017cdego typu samochodu, zapewniaj\u0105c zar\u00f3wno bezpiecze\u0144stwo, jak i wygod\u0119 Twojemu dziecku podczas ka\u017cdej podr\u00f3\u017cy samochodem.<\/p>\n<h3>\u0141atwa, szybka i bezpieczna instalacja<\/h3>\n<p>Axkid Nextkid jest niezwykle prosty w instalacji dzi\u0119ki systemowi ISOFIX. System ten zapewnia szybk\u0105 i bezpieczn\u0105 instalacj\u0119, kt\u00f3r\u0105 mo\u017cna wykona\u0107 w ci\u0105gu kilku sekund. Po zainstalowaniu fotelik samochodowy pozostaje stabilny i bezpieczny, zapewniaj\u0105c Ci spok\u00f3j ducha podczas ka\u017cdej jazdy samochodem. Ramiona ISOFIX fotelika Axkid Nextkid s\u0105 r\u00f3wnie\u017c automatycznie rozk\u0142adane, dzi\u0119ki czemu instalacja jest jeszcze \u0142atwiejsza.<\/p>\n<p>Przebieg pasa zosta\u0142 zaprojektowany tak, aby utrzyma\u0107 pas bezpiecze\u0144stwa w prawid\u0142owej pozycji, co jest szczeg\u00f3lnie wa\u017cne dla pasa biodrowego, aby zapewni\u0107 jego prawid\u0142owe u\u0142o\u017cenie na miednicy dziecka. Prowadnica pasa w Axkid Nextkid pomaga r\u00f3wnie\u017c prowadzi\u0107 pas bezpiecze\u0144stwa, zapobiegaj\u0105c jego zsuwaniu si\u0119 z ramienia lub wbijaniu si\u0119 w szyj\u0119, zapewniaj\u0105c maksymalne bezpiecze\u0144stwo i wygod\u0119 podczas ka\u017cdej podr\u00f3\u017cy. Dzi\u0119ki fotelikowi Axkid Nextkid mo\u017cesz mie\u0107 pewno\u015b\u0107, \u017ce Twoje dziecko jest bezpieczne i wygodne za ka\u017cdym razem, gdy jeste\u015b w drodze.<\/p>\n<h3>Wysoki komfort podczas wszystkich podr\u00f3\u017cy samochodem<\/h3>\n<p>Axkid Nextkid jest nie tylko jednym z najbezpieczniejszych fotelik\u00f3w podwy\u017cszaj\u0105cych na rynku, ale jest r\u00f3wnie\u017c bardzo wygodny. Wysokiej jako\u015bci tkanina u\u017cyta w foteliku jest mi\u0119kka w dotyku, a wentylacja w tkaninie i strukturze skorupy zapewniaj\u0105, \u017ce Twoje dziecko ma komfort termiczny nawet podczas najd\u0142u\u017cszych podr\u00f3\u017cy samochodem.<\/p>\n<p>Na koniec, korzystaj\u0105c z systemu Sleep Well, mo\u017cesz ustawi\u0107 siedzisko pod idealnym k\u0105tem, aby zapewni\u0107 dziecku optymalny komfort, niezale\u017cnie od tego, czy \u015bpi, czy korzysta z jazdy.<\/p>\n","protected":false},"excerpt":{"rendered":"<p>Nextkid to bezpieczny i wygodny fotelik ostatni z wysokim oparciem, kt\u00f3ry ro\u015bnie wraz z dzieckiem. Wyposa\u017cony w regulowane skrzyd\u0142a boczne, zag\u0142\u00f3wek i mi\u0119kkie tkaniny premium dla optymalnego komfortu i bezpiecze\u0144stwa. Prosta instalacja i certyfikacja do 150 cm.<\/p>\n","protected":false},"featured_media":370000022475,"comment_status":"open","ping_status":"closed","template":"","meta":{"_acf_changed":false,"_seopress_robots_primary_cat":"none","_seopress_titles_title":"","_seopress_titles_desc":"Skrzyd\u0142a boczne, zag\u0142\u00f3wek i mi\u0119kkie tkaniny premium dla optymalnego komfortu i bezpiecze\u0144stwa. Prosta instalacja i certyfikacja do 150 cm.","_seopress_robots_index":"","_seopress_analysis_target_kw":"","content-type":"","_relevanssi_hide_post":"","_relevanssi_hide_content":"","_relevanssi_pin_for_all":"","_relevanssi_pin_keywords":"","_relevanssi_unpin_keywords":"","_relevanssi_related_keywords":"","_relevanssi_related_include_ids":"","_relevanssi_related_exclude_ids":"","_relevanssi_related_no_append":"","_relevanssi_related_not_related":"","_relevanssi_related_posts":"","_relevanssi_noindex_reason":"","editor_notices":[]},"product_brand":[],"product_cat":[81,18],"product_tag":[],"class_list":{"0":"post-15633","1":"product","2":"type-product","3":"status-publish","4":"has-post-thumbnail","6":"product_cat-foteliki-dla-starszakow","7":"product_cat-wszystkie-foteliki-samochodowe","9":"first","10":"instock","11":"taxable","12":"shipping-taxable","13":"purchasable","14":"product-type-variable","15":"has-default-attributes"},"bundled_by":[],"bundle_stock_status":"instock","bundle_stock_quantity":null,"bundle_virtual":false,"bundle_layout":"","bundle_add_to_cart_form_location":"","bundle_editable_in_cart":false,"bundle_sold_individually_context":"","bundle_item_grouping":"","bundle_min_size":"","bundle_max_size":"","bundle_price":[],"bundled_items":[],"bundle_sell_ids":[],"acf":[],"jetpack_sharing_enabled":true,"_links":{"self":[{"href":"https:\/\/axkid.com\/pl\/wp-json\/wp\/v2\/product\/15633","targetHints":{"allow":["GET"]}}],"collection":[{"href":"https:\/\/axkid.com\/pl\/wp-json\/wp\/v2\/product"}],"about":[{"href":"https:\/\/axkid.com\/pl\/wp-json\/wp\/v2\/types\/product"}],"replies":[{"embeddable":true,"href":"https:\/\/axkid.com\/pl\/wp-json\/wp\/v2\/comments?post=15633"}],"wp:featuredmedia":[{"embeddable":true,"href":"https:\/\/axkid.com\/pl\/wp-json\/"}],"wp:attachment":[{"href":"https:\/\/axkid.com\/pl\/wp-json\/wp\/v2\/media?parent=15633"}],"wp:term":[{"taxonomy":"product_brand","embeddable":true,"href":"https:\/\/axkid.com\/pl\/wp-json\/wp\/v2\/product_brand?post=15633"},{"taxonomy":"product_cat","embeddable":true,"href":"https:\/\/axkid.com\/pl\/wp-json\/wp\/v2\/product_cat?post=15633"},{"taxonomy":"product_tag","embeddable":true,"href":"https:\/\/axkid.com\/pl\/wp-json\/wp\/v2\/product_tag?post=15633"}],"curies":[{"name":"wp","href":"https:\/\/api.w.org\/{rel}","templated":true}]}}