{"id":15719,"date":"2023-06-01T09:49:55","date_gmt":"2023-06-01T08:49:55","guid":{"rendered":"https:\/\/axkid.com\/?post_type=product&#038;p=15719"},"modified":"2026-02-16T10:39:28","modified_gmt":"2026-02-16T09:39:28","slug":"petle-mocujace-120-mm","status":"publish","type":"product","link":"https:\/\/axkid.com\/pl\/product\/petle-mocujace-120-mm\/","title":{"rendered":"P\u0119tle mocuj\u0105ce 120 mm"},"content":{"rendered":"<p>P\u0119tle mocuj\u0105ce Axkid zosta\u0142y zaprojektowane tak, aby upro\u015bci\u0107 monta\u017c fotelika samochodowego w poje\u017adzie. P\u0119tle te mo\u017cna zamontowa\u0107 pod szynami przedniego siedzenia, aby umo\u017cliwi\u0107 \u0142atwe przymocowanie napinaczy Axkid Minikid bezpo\u015brednio do samochodu bez konieczno\u015bci stosowania dodatkowych pas\u00f3w mocuj\u0105cych.<\/p>\n<p>Dwie p\u0119tle mocuj\u0105ce w ka\u017cdym opakowaniu.<\/p>\n<p>D\u0142ugo\u015b\u0107 120 mm.<\/p>\n<p>Istniej\u0105 inne d\u0142ugo\u015bci: <a href=\"https:\/\/axkid.com\/pl\/product\/attachment-loops\/\">70 mm<\/a> i <a href=\"https:\/\/axkid.com\/pl\/product\/axkid-attachment-loops-160-mm\/\">160<\/a> mm<\/p>\n","protected":false},"excerpt":{"rendered":"<p>P\u0119tle mocuj\u0105ce Axkid zosta\u0142y zaprojektowane w celu uproszczenia instalacji fotelika samochodowego w poje\u017adzie.<\/p>\n","protected":false},"featured_media":15726,"comment_status":"closed","ping_status":"closed","template":"","meta":{"_acf_changed":false,"_seopress_robots_primary_cat":"none","_seopress_titles_title":"P\u0119tle mocuj\u0105ce 120 mm Axkid","_seopress_titles_desc":"P\u0119tle monta\u017cowe Axkid zosta\u0142y zaprojektowane tak, aby u\u0142atwi\u0107 monta\u017c fotelika samochodowego w poje\u017adzie.","_seopress_robots_index":"","content-type":"","_relevanssi_hide_post":"","_relevanssi_hide_content":"","_relevanssi_pin_for_all":"","_relevanssi_pin_keywords":"","_relevanssi_unpin_keywords":"","_relevanssi_related_keywords":"","_relevanssi_related_include_ids":"","_relevanssi_related_exclude_ids":"","_relevanssi_related_no_append":"","_relevanssi_related_not_related":"","_relevanssi_related_posts":"","_relevanssi_noindex_reason":"","editor_notices":[]},"product_brand":[],"product_cat":[17,438],"product_tag":[],"class_list":{"0":"post-15719","1":"product","2":"type-product","3":"status-publish","4":"has-post-thumbnail","6":"product_cat-akcesoria","7":"product_cat-pasy-mocujace-i-petle-mocujace","9":"first","10":"outofstock","11":"taxable","12":"shipping-taxable","13":"purchasable","14":"product-type-simple"},"bundled_by":[],"bundle_stock_status":"outofstock","bundle_stock_quantity":0,"bundle_virtual":false,"bundle_layout":"","bundle_add_to_cart_form_location":"","bundle_editable_in_cart":false,"bundle_sold_individually_context":"","bundle_item_grouping":"","bundle_min_size":"","bundle_max_size":"","bundle_price":[],"bundled_items":[],"bundle_sell_ids":[],"acf":[],"jetpack_sharing_enabled":true,"_links":{"self":[{"href":"https:\/\/axkid.com\/pl\/wp-json\/wp\/v2\/product\/15719","targetHints":{"allow":["GET"]}}],"collection":[{"href":"https:\/\/axkid.com\/pl\/wp-json\/wp\/v2\/product"}],"about":[{"href":"https:\/\/axkid.com\/pl\/wp-json\/wp\/v2\/types\/product"}],"replies":[{"embeddable":true,"href":"https:\/\/axkid.com\/pl\/wp-json\/wp\/v2\/comments?post=15719"}],"wp:featuredmedia":[{"embeddable":true,"href":"https:\/\/axkid.com\/pl\/wp-json\/wp\/v2\/media\/15726"}],"wp:attachment":[{"href":"https:\/\/axkid.com\/pl\/wp-json\/wp\/v2\/media?parent=15719"}],"wp:term":[{"taxonomy":"product_brand","embeddable":true,"href":"https:\/\/axkid.com\/pl\/wp-json\/wp\/v2\/product_brand?post=15719"},{"taxonomy":"product_cat","embeddable":true,"href":"https:\/\/axkid.com\/pl\/wp-json\/wp\/v2\/product_cat?post=15719"},{"taxonomy":"product_tag","embeddable":true,"href":"https:\/\/axkid.com\/pl\/wp-json\/wp\/v2\/product_tag?post=15719"}],"curies":[{"name":"wp","href":"https:\/\/api.w.org\/{rel}","templated":true}]}}