{"id":16019,"date":"2023-07-03T10:36:03","date_gmt":"2023-07-03T09:36:03","guid":{"rendered":"https:\/\/axkid.com\/?post_type=product&#038;p=16019"},"modified":"2026-04-18T19:58:37","modified_gmt":"2026-04-18T18:58:37","slug":"bike-adapter-grand-tour","status":"publish","type":"product","link":"https:\/\/axkid.com\/pl\/product\/bike-adapter-grand-tour\/","title":{"rendered":"Bike adapter \u2013 Grand Tour"},"content":{"rendered":"<p>Experience the convenience of effortless bike switching with the Axkid Grand Tour Bike Adapter. This essential accessory allows you to easily connect your trailer to multiple bikes.<\/p>\n<p>Enhance the versatility of your <a href=\"https:\/\/axkid.com\/pl\/product\/axkid-grand-tour\/\">Axkid Grand Tour<\/a> with the Bike Adapter. This standardised adapter is designed to fit most bikes, allowing you to effortlessly attach and detach the trailer as needed. Whether you&#8217;re a city commuter or an adventurous cyclist, this accessory ensures a seamless connection between your bike and the Axkid Grand Tour.<\/p>\n<p>This standardised adapter allows you to effortlessly switch your trailer between multiple bikes, making it ideal for families with different bicycles. Enjoy the flexibility and ease of attaching your trailer to any bike and embark on exciting adventures together.<\/p>\n<p><em>Note: The Bike Adapter is compatible with a wide range of bike models, providing universal compatibility for a hassle-free biking experience.<\/em><\/p>\n<p><em>One bike adapter is included in the Axkid Grand Tour Standard package.<\/em><\/p>\n","protected":false},"excerpt":{"rendered":"<p>Do\u015bwiadcz wygody \u0142atwego prze\u0142\u0105czania rower\u00f3w dzi\u0119ki adapterowi Axkid Grand Tour Bike Adapter. To niezb\u0119dne akcesorium umo\u017cliwia \u0142atwe pod\u0142\u0105czenie przyczepki do wielu rower\u00f3w. W zestawie znajduje si\u0119 jeden adapter rowerowy.<\/p>\n","protected":false},"featured_media":16049,"comment_status":"open","ping_status":"closed","template":"","meta":{"_acf_changed":false,"_seopress_robots_primary_cat":"none","_seopress_titles_title":"","_seopress_titles_desc":"","_seopress_robots_index":"","content-type":"","_relevanssi_hide_post":"","_relevanssi_hide_content":"","_relevanssi_pin_for_all":"","_relevanssi_pin_keywords":"","_relevanssi_unpin_keywords":"","_relevanssi_related_keywords":"","_relevanssi_related_include_ids":"","_relevanssi_related_exclude_ids":"","_relevanssi_related_no_append":"","_relevanssi_related_not_related":"","_relevanssi_related_posts":"","_relevanssi_noindex_reason":"WooCommerce Relevanssi index exclude","editor_notices":[]},"product_brand":[],"product_cat":[378],"product_tag":[],"class_list":{"0":"post-16019","1":"product","2":"type-product","3":"status-publish","4":"has-post-thumbnail","6":"product_cat-akcesoria-2","8":"first","9":"instock","10":"taxable","11":"shipping-taxable","12":"purchasable","13":"product-type-simple"},"bundled_by":[],"bundle_stock_status":"instock","bundle_stock_quantity":15,"bundle_virtual":false,"bundle_layout":"","bundle_add_to_cart_form_location":"","bundle_editable_in_cart":false,"bundle_sold_individually_context":"","bundle_item_grouping":"","bundle_min_size":"","bundle_max_size":"","bundle_price":[],"bundled_items":[],"bundle_sell_ids":[],"acf":[],"jetpack_sharing_enabled":true,"_links":{"self":[{"href":"https:\/\/axkid.com\/pl\/wp-json\/wp\/v2\/product\/16019","targetHints":{"allow":["GET"]}}],"collection":[{"href":"https:\/\/axkid.com\/pl\/wp-json\/wp\/v2\/product"}],"about":[{"href":"https:\/\/axkid.com\/pl\/wp-json\/wp\/v2\/types\/product"}],"replies":[{"embeddable":true,"href":"https:\/\/axkid.com\/pl\/wp-json\/wp\/v2\/comments?post=16019"}],"wp:featuredmedia":[{"embeddable":true,"href":"https:\/\/axkid.com\/pl\/wp-json\/wp\/v2\/media\/16049"}],"wp:attachment":[{"href":"https:\/\/axkid.com\/pl\/wp-json\/wp\/v2\/media?parent=16019"}],"wp:term":[{"taxonomy":"product_brand","embeddable":true,"href":"https:\/\/axkid.com\/pl\/wp-json\/wp\/v2\/product_brand?post=16019"},{"taxonomy":"product_cat","embeddable":true,"href":"https:\/\/axkid.com\/pl\/wp-json\/wp\/v2\/product_cat?post=16019"},{"taxonomy":"product_tag","embeddable":true,"href":"https:\/\/axkid.com\/pl\/wp-json\/wp\/v2\/product_tag?post=16019"}],"curies":[{"name":"wp","href":"https:\/\/api.w.org\/{rel}","templated":true}]}}