{"id":17249,"date":"2023-12-07T08:21:12","date_gmt":"2023-12-07T07:21:12","guid":{"rendered":"https:\/\/axkid.com\/?post_type=product&#038;p=17249"},"modified":"2026-02-23T09:50:42","modified_gmt":"2026-02-23T08:50:42","slug":"movekid","status":"publish","type":"product","link":"https:\/\/axkid.com\/pl\/product\/movekid\/","title":{"rendered":"Movekid"},"content":{"rendered":"<p>Axkid Movekid to po\u0142\u0105czenie innowacji i troski firmy Axkid, kt\u00f3re tworzy wygodn\u0105 przestrze\u0144 dla Twojego malucha, pe\u0142n\u0105 praktycznych funkcji. Kompaktowa konstrukcja Movekid z \u0142atwo\u015bci\u0105 wpasowuje si\u0119 w codzienn\u0105 rutyn\u0119 Twojego dziecka, dzi\u0119ki czemu jest idealnym towarzyszem wszystkich Twoich rodzicielskich przyg\u00f3d!<\/p>\n<h2>To jest Axkid Movekid<\/h2>\n<p><strong>Rozszerzona mo\u017cliwo\u015b\u0107 przewo\u017cenia ty\u0142em do kierunku jazdy do 36 kg (125 cm)<\/strong><br \/>\nChro\u0144 swojego malucha w ka\u017cdej podr\u00f3\u017cy dzi\u0119ki rozszerzonej mo\u017cliwo\u015bci przewo\u017cenia ty\u0142em do kierunku jazdy do 36 kg (125 cm) \u2014 nasze zaanga\u017cowanie w popraw\u0119 bezpiecze\u0144stwa i zawsze przestrzeganie zalecanych norm bezpiecze\u0144stwa.<\/p>\n<p><strong>Doskona\u0142o\u015b\u0107 w przyst\u0119pnej cenie<\/strong> \u2014 Movekid przekracza oczekiwania, zapewniaj\u0105c opcj\u0119, kt\u00f3ra nie narusza naszych rygorystycznych standard\u00f3w bezpiecze\u0144stwa. Skupiamy si\u0119 na dostarczaniu najwy\u017cszej jako\u015bci ochrony, dost\u0119pnej dla ka\u017cdego.<\/p>\n<p><strong>Swedish Plus Tested<\/strong> &#8211; Dzi\u0119ki szwedzkiemu certyfikatowi Plus Test, Movekid zapewnia Twojej rodzinie najwy\u017csze bezpiecze\u0144stwo. Pomy\u015blnie przeszed\u0142 jeden z najbardziej rygorystycznych test\u00f3w bezpiecze\u0144stwa, stawiaj\u0105c na pierwszym miejscu dobro Twojego dziecka.<\/p>\n<p><strong>Dodatkowa wk\u0142adka w zestawie<\/strong> &#8211; Skupiony na najmniejszych pasa\u017cerach od 61 cm (6-9 miesi\u0119cy), Axkid Movekid posiada ciasn\u0105 wk\u0142adk\u0119, kt\u00f3ra zapewnia prawid\u0142ow\u0105 pozycj\u0119 Twojego dziecka. Wk\u0142adka jest wyjmowana, co u\u0142atwia przej\u015bcie na kolejny etap rozwoju Twojego dziecka.<\/p>\n<p><strong>Zaprojektowany dla rosn\u0105cych dzieci<\/strong> &#8211; Axkid Movekid to prosty i kompaktowy, a jednocze\u015bnie wszechstronny fotelik samochodowy wyposa\u017cony w 13-pozycyjny zag\u0142\u00f3wek, zapewniaj\u0105cy wygod\u0119 na ka\u017cdym etapie rozwoju Twojego dziecka. Zaprojektowany z rozwag\u0105, zapewnia du\u017co miejsca na nogi i wygodn\u0105 pozycj\u0119 siedz\u0105c\u0105 dla Twojego dziecka.<\/p>\n<p><strong>Kompaktowy i elegancki design<\/strong> \u2013 Axkid Movekid ma wszystkie funkcje bezpiecze\u0144stwa fotelika samochodowego Axkid, a jednocze\u015bnie jest wystarczaj\u0105co kompaktowy, aby pasowa\u0107 do r\u00f3\u017cnych modeli samochod\u00f3w, stawiaj\u0105c na przestrze\u0144 i prostot\u0119.<\/p>\n<h3>Pozw\u00f3l nam powiedzie\u0107 troch\u0119 wi\u0119cej o Axkid Movekid<\/h3>\n<p>Axkid Movekid to kompaktowy fotelik samochodowy o wyj\u0105tkowym bezpiecze\u0144stwie i praktycznych potrzebach, kt\u00f3ry pomaga w codziennym \u017cyciu rodzicielskim, zaprojektowany tak, aby bezproblemowo pasowa\u0142 do ka\u017cdej podr\u00f3\u017cy, du\u017cej czy ma\u0142ej. Zosta\u0142 stworzony zgodnie ze standardem bezpiecze\u0144stwa R129 i ma zalecane u\u017cytkowanie do 125 cm lub 36 kg. Axkid Movekid przeszed\u0142 szwedzki test Plus, co czyni go kolejnym wyj\u0105tkowym fotelikiem samochodowym Axkid dla Twojego dziecka.<\/p>\n<p><strong>Elastyczny komfort dla rosn\u0105cych dzieci<\/strong><\/p>\n<p>Wyrusz w podr\u00f3\u017c pe\u0142nej troski ewolucji fotelika Axkid Movekid. Obserwuj rozw\u00f3j swojego dziecka, poniewa\u017c ten fotelik samochodowy bezproblemowo je dopasowuje, zaczynaj\u0105c od oko\u0142o 6-9 miesi\u0119cy i przed\u0142u\u017caj\u0105c si\u0119 do lat, gdy jest ju\u017c du\u017cym dzieckiem, oko\u0142o 6-7 lat. Dzi\u0119ki ciasnej wk\u0142adce i zag\u0142\u00f3wkowi z 13 regulowanymi pozycjami, wszystko w kompaktowej i przestronnej konstrukcji, redefiniuje standardowy fotelik samochodowy. Movekid oferuje trwa\u0142y komfort i bezpiecze\u0144stwo, dostosowuj\u0105c si\u0119 do ka\u017cdego nowego etapu rozwoju dziecka.<\/p>\n<p><strong>Prawdziwe rozszerzone ustawienie ty\u0142em do kierunku jazdy <\/strong><\/p>\n<p>Axkid Movekid wyr\u00f3\u017cnia si\u0119 w zapewnianiu rozszerzonego bezpiecze\u0144stwa ty\u0142em do kierunku jazdy dla dzieci do 125 cm lub 36 kg. Jazda ty\u0142em do kierunku jazdy zapewnia do pi\u0119ciu razy wi\u0119ksz\u0105 ochron\u0119 delikatnej szyi i kr\u0119gos\u0142upa dziecka podczas zderze\u0144. Dzi\u0119ki mo\u017cliwo\u015bci dostosowania do r\u00f3\u017cnych etap\u00f3w wzrostu, kompaktowy Movekid zapewnia, \u017ce \u200b\u200bwszystkie dzieci mog\u0105 cieszy\u0107 si\u0119 tym podwy\u017cszonym standardem bezpiecze\u0144stwa, zapewniaj\u0105c d\u0142u\u017csz\u0105, bezpieczn\u0105 podr\u00f3\u017c ty\u0142em do kierunku jazdy, zapewniaj\u0105c indywidualn\u0105 opiek\u0119 ka\u017cdemu cennemu pasa\u017cerowi.<\/p>\n<p><strong>Doskona\u0142o\u015b\u0107 w przyst\u0119pnej cenie i bezpiecze\u0144stwo <\/strong><\/p>\n<p>Zbudowany na solidnej i szanowanej platformie Minikid, Movekid oferuje kompaktowe rozwi\u0105zanie fotelika samochodowego, kt\u00f3re nie wp\u0142ywa na bezpiecze\u0144stwo. Pod\u0105\u017ca za nagradzanymi cechami swojego poprzednika, \u0142\u0105cz\u0105c zaufan\u0105 doskona\u0142o\u015b\u0107 Axkid z praktyczn\u0105 przyst\u0119pno\u015bci\u0105 cenow\u0105, kt\u00f3r\u0105 doceniaj\u0105 rodziny.<\/p>\n<p><em><a href=\"https:\/\/axkid.com\/pl\/safety\/what-is-the-difference-between-axkid-minikid-4-and-axkid-movekid\/\">Ciekawi Ci\u0119, jak wypada w por\u00f3wnaniu? Poznaj r\u00f3\u017cnice mi\u0119dzy Axkid Minikid 4 i Axkid Movekid w tym artykule &gt;&gt; <\/a><\/em><\/p>\n<p><strong>Rygorystyczne zapewnienie bezpiecze\u0144stwa<\/strong><\/p>\n<p>Axkid Movekid z dum\u0105 posiada certyfikat Swedish Plus Test, certyfikat przyznawany wy\u0142\u0105cznie fotelikom samochodowym skierowanym ty\u0142em do kierunku jazdy, kt\u00f3re przesz\u0142y jeden z najtrudniejszych test\u00f3w zderzeniowych. Uzupe\u0142niaj\u0105c to, kompaktowy fotelik samochodowy jest wyposa\u017cony w system ochrony przed uderzeniami bocznymi Axkid (ASIP), zaprojektowany w celu zwi\u0119kszenia bezpiecze\u0144stwa w przypadku zderze\u0144 bocznych. Razem zapewniaj\u0105 kompleksow\u0105 ochron\u0119 otoczenia podczas ka\u017cdej podr\u00f3\u017cy Twojego dziecka.<\/p>\n<p><strong>Praktyczny komfort \u2013 dla rosn\u0105cych dzieci<\/strong><\/p>\n<p>Zaprojektowany z my\u015bl\u0105 o dobrym samopoczuciu Twojego dziecka, Axkid Movekid zapewnia, \u017ce \u200b\u200bka\u017cda podr\u00f3\u017c b\u0119dzie przyjemnym i komfortowym do\u015bwiadczeniem w miar\u0119 jego wzrostu. Dzi\u0119ki wytrzyma\u0142ej i \u0142atwej w utrzymaniu tkaninie siedziska, kt\u00f3r\u0105 mo\u017cna wygodnie pra\u0107 w temperaturze 30\u00b0C, Movekid zapewnia idealn\u0105 r\u00f3wnowag\u0119 mi\u0119dzy praktyczno\u015bci\u0105 a komfortem zar\u00f3wno dla Twojego dziecka, jak i Twojej rodziny. Dla rodzic\u00f3w, kt\u00f3rzy stawiaj\u0105 na pierwszym miejscu szcz\u0119\u015bcie i dobre samopoczucie swojego dziecka, Axkid Movekid jest m\u0105drym wyborem.<\/p>\n<p><strong>\u015awiatowy lider w dziedzinie bezpiecze\u0144stwa ze Szwecji <\/strong><\/p>\n<p>Axkid Movekid jest wyposa\u017cony w najwy\u017cszej jako\u015bci uprz\u0105\u017c i system bezpiecze\u0144stwa od szwedzkiego dostawcy technologii Holmbergs\u00ae. Ka\u017cdy element, od klamry do paska, jest testowany ponad normami, aby zapewni\u0107 najwy\u017csz\u0105 jako\u015b\u0107 i wydajno\u015b\u0107, kt\u00f3ra wyr\u00f3\u017cnia \u015bwiatowego lidera.<\/p>\n","protected":false},"excerpt":{"rendered":"<p>Movekid zosta\u0142 zbudowany w oparciu o te same zasady bezpiecze\u0144stwa i projektowania, co Minikid 4, zapewniaj\u0105c wygodny i kompaktowy fotelik. Jest \u0142atwy w instalacji i posiada wygodn\u0105 wy\u015bci\u00f3\u0142k\u0119 i tekstylia dla dziecka. Dodatkowo przetestowany do 36 kg.<\/p>\n","protected":false},"featured_media":370000017253,"comment_status":"open","ping_status":"closed","template":"","meta":{"_acf_changed":false,"_seopress_robots_primary_cat":"none","_seopress_titles_title":"","_seopress_titles_desc":"","_seopress_robots_index":"","content-type":"","_relevanssi_hide_post":"","_relevanssi_hide_content":"","_relevanssi_pin_for_all":"","_relevanssi_pin_keywords":"","_relevanssi_unpin_keywords":"","_relevanssi_related_keywords":"","_relevanssi_related_include_ids":"","_relevanssi_related_exclude_ids":"","_relevanssi_related_no_append":"","_relevanssi_related_not_related":"","_relevanssi_related_posts":"","_relevanssi_noindex_reason":"","editor_notices":[]},"product_brand":[],"product_cat":[80,18],"product_tag":[],"class_list":{"0":"post-17249","1":"product","2":"type-product","3":"status-publish","4":"has-post-thumbnail","6":"product_cat-foteliki-samochodowe-tylem-do-kierunku-jazdy","7":"product_cat-wszystkie-foteliki-samochodowe","9":"first","10":"outofstock","11":"taxable","12":"shipping-taxable","13":"purchasable","14":"product-type-variable","15":"has-default-attributes"},"bundled_by":[],"bundle_stock_status":"outofstock","bundle_stock_quantity":null,"bundle_virtual":false,"bundle_layout":"","bundle_add_to_cart_form_location":"","bundle_editable_in_cart":false,"bundle_sold_individually_context":"","bundle_item_grouping":"","bundle_min_size":"","bundle_max_size":"","bundle_price":[],"bundled_items":[],"bundle_sell_ids":[],"acf":[],"jetpack_sharing_enabled":true,"_links":{"self":[{"href":"https:\/\/axkid.com\/pl\/wp-json\/wp\/v2\/product\/17249","targetHints":{"allow":["GET"]}}],"collection":[{"href":"https:\/\/axkid.com\/pl\/wp-json\/wp\/v2\/product"}],"about":[{"href":"https:\/\/axkid.com\/pl\/wp-json\/wp\/v2\/types\/product"}],"replies":[{"embeddable":true,"href":"https:\/\/axkid.com\/pl\/wp-json\/wp\/v2\/comments?post=17249"}],"wp:featuredmedia":[{"embeddable":true,"href":"https:\/\/axkid.com\/pl\/wp-json\/"}],"wp:attachment":[{"href":"https:\/\/axkid.com\/pl\/wp-json\/wp\/v2\/media?parent=17249"}],"wp:term":[{"taxonomy":"product_brand","embeddable":true,"href":"https:\/\/axkid.com\/pl\/wp-json\/wp\/v2\/product_brand?post=17249"},{"taxonomy":"product_cat","embeddable":true,"href":"https:\/\/axkid.com\/pl\/wp-json\/wp\/v2\/product_cat?post=17249"},{"taxonomy":"product_tag","embeddable":true,"href":"https:\/\/axkid.com\/pl\/wp-json\/wp\/v2\/product_tag?post=17249"}],"curies":[{"name":"wp","href":"https:\/\/api.w.org\/{rel}","templated":true}]}}