{"id":172625,"date":"2025-02-24T11:16:48","date_gmt":"2025-02-24T10:16:48","guid":{"rendered":"https:\/\/axkid.com\/pl-2-0\/?post_type=product&#038;p=172625"},"modified":"2026-04-25T09:43:40","modified_gmt":"2026-04-25T08:43:40","slug":"spinkid-2","status":"publish","type":"product","link":"https:\/\/axkid.com\/pl\/product\/spinkid-2\/","title":{"rendered":"Spinkid 2"},"content":{"rendered":"","protected":false},"excerpt":{"rendered":"<p>Spinkid 2 to obracany o 180\u00b0 fotelik samochodowy, kt\u00f3ry oferuje wszechstronn\u0105 elastyczno\u015b\u0107 od noworodka do 4 lat (40-105 cm\/18 kg). Posiada 12-stopniow\u0105 regulacj\u0119 zag\u0142\u00f3wka, wielostopniowe odchylanie, adaptowaln\u0105 wk\u0142adk\u0119 i wewn\u0119trzne pasy magnetyczn\u0105. Wyposa\u017cony w innowacyjne uchwyty EasyClimb\u2122 u\u0142atwiaj\u0105ce codzienne u\u017cytkowanie.<\/p>\n","protected":false},"featured_media":3700000853893,"comment_status":"open","ping_status":"closed","template":"","meta":{"_acf_changed":false,"_seopress_robots_primary_cat":"none","_seopress_titles_title":"Spinkid 2 | Axkid Polska 2.0","_seopress_titles_desc":"","_seopress_robots_index":"","content-type":"","_relevanssi_hide_post":"","_relevanssi_hide_content":"","_relevanssi_pin_for_all":"","_relevanssi_pin_keywords":"","_relevanssi_unpin_keywords":"","_relevanssi_related_keywords":"","_relevanssi_related_include_ids":"","_relevanssi_related_exclude_ids":"","_relevanssi_related_no_append":"","_relevanssi_related_not_related":"","_relevanssi_related_posts":"","_relevanssi_noindex_reason":"","editor_notices":[]},"product_brand":[],"product_cat":[79,80,18],"product_tag":[],"class_list":{"0":"post-172625","1":"product","2":"type-product","3":"status-publish","4":"has-post-thumbnail","6":"product_cat-foteliki-samochodowe-dla-noworodkow-i-niemowlat","7":"product_cat-foteliki-samochodowe-tylem-do-kierunku-jazdy","8":"product_cat-wszystkie-foteliki-samochodowe","10":"first","11":"instock","12":"taxable","13":"shipping-taxable","14":"purchasable","15":"product-type-variable"},"bundled_by":[],"bundle_stock_status":"instock","bundle_stock_quantity":null,"bundle_virtual":false,"bundle_layout":"","bundle_add_to_cart_form_location":"","bundle_editable_in_cart":false,"bundle_sold_individually_context":"","bundle_item_grouping":"","bundle_min_size":"","bundle_max_size":"","bundle_price":[],"bundled_items":[],"bundle_sell_ids":[],"acf":[],"jetpack_sharing_enabled":true,"_links":{"self":[{"href":"https:\/\/axkid.com\/pl\/wp-json\/wp\/v2\/product\/172625","targetHints":{"allow":["GET"]}}],"collection":[{"href":"https:\/\/axkid.com\/pl\/wp-json\/wp\/v2\/product"}],"about":[{"href":"https:\/\/axkid.com\/pl\/wp-json\/wp\/v2\/types\/product"}],"replies":[{"embeddable":true,"href":"https:\/\/axkid.com\/pl\/wp-json\/wp\/v2\/comments?post=172625"}],"wp:featuredmedia":[{"embeddable":true,"href":"https:\/\/axkid.com\/pl\/wp-json\/"}],"wp:attachment":[{"href":"https:\/\/axkid.com\/pl\/wp-json\/wp\/v2\/media?parent=172625"}],"wp:term":[{"taxonomy":"product_brand","embeddable":true,"href":"https:\/\/axkid.com\/pl\/wp-json\/wp\/v2\/product_brand?post=172625"},{"taxonomy":"product_cat","embeddable":true,"href":"https:\/\/axkid.com\/pl\/wp-json\/wp\/v2\/product_cat?post=172625"},{"taxonomy":"product_tag","embeddable":true,"href":"https:\/\/axkid.com\/pl\/wp-json\/wp\/v2\/product_tag?post=172625"}],"curies":[{"name":"wp","href":"https:\/\/api.w.org\/{rel}","templated":true}]}}