{"id":172641,"date":"2025-03-13T16:41:37","date_gmt":"2025-03-13T15:41:37","guid":{"rendered":"https:\/\/axkid.com\/pl-2-0\/?post_type=product&#038;p=172641"},"modified":"2026-05-12T17:58:43","modified_gmt":"2026-05-12T16:58:43","slug":"minikid-4-max","status":"publish","type":"product","link":"https:\/\/axkid.com\/pl\/product\/minikid-4-max\/","title":{"rendered":"Fotelik samochodowy Minikid 4 Max"},"content":{"rendered":"","protected":false},"excerpt":{"rendered":"<p>Minikid 4 Max to oryginalny fotelik samochodowy skierowany ty\u0142em do kierunku jazdy, udoskonalany przez 15 lat. Zapewnia bezpiecze\u0144stwo do 7 roku \u017cycia (61-125 cm\/36 kg). Bezproblemowa instalacja w mniej ni\u017c 60 sekund. Kompaktowa konstrukcja z du\u017c\u0105 ilo\u015bci\u0105 miejsca na nogi. Zatwierdzony przez Plus Test i przetestowany w testach zderzeniowych wykraczaj\u0105cych poza normy<\/p>\n","protected":false},"featured_media":3700000853075,"comment_status":"open","ping_status":"closed","template":"","meta":{"_acf_changed":false,"_seopress_robots_primary_cat":"none","_seopress_titles_title":"","_seopress_titles_desc":"Zatwierdzony przez Plus Test i przetestowany w testach zderzeniowych wykraczaj\u0105cych poza normy","_seopress_robots_index":"","_seopress_analysis_target_kw":"","content-type":"","_relevanssi_hide_post":"","_relevanssi_hide_content":"","_relevanssi_pin_for_all":"","_relevanssi_pin_keywords":"","_relevanssi_unpin_keywords":"","_relevanssi_related_keywords":"","_relevanssi_related_include_ids":"","_relevanssi_related_exclude_ids":"","_relevanssi_related_no_append":"","_relevanssi_related_not_related":"","_relevanssi_related_posts":"","_relevanssi_noindex_reason":"","editor_notices":[]},"product_brand":[],"product_cat":[80,18],"product_tag":[],"class_list":{"0":"post-172641","1":"product","2":"type-product","3":"status-publish","4":"has-post-thumbnail","6":"product_cat-foteliki-samochodowe-tylem-do-kierunku-jazdy","7":"product_cat-wszystkie-foteliki-samochodowe","9":"first","10":"instock","11":"taxable","12":"shipping-taxable","13":"purchasable","14":"product-type-variable","15":"has-default-attributes"},"bundled_by":[],"bundle_stock_status":"instock","bundle_stock_quantity":null,"bundle_virtual":false,"bundle_layout":"","bundle_add_to_cart_form_location":"","bundle_editable_in_cart":false,"bundle_sold_individually_context":"","bundle_item_grouping":"","bundle_min_size":"","bundle_max_size":"","bundle_price":[],"bundled_items":[],"bundle_sell_ids":[],"acf":[],"jetpack_sharing_enabled":true,"_links":{"self":[{"href":"https:\/\/axkid.com\/pl\/wp-json\/wp\/v2\/product\/172641","targetHints":{"allow":["GET"]}}],"collection":[{"href":"https:\/\/axkid.com\/pl\/wp-json\/wp\/v2\/product"}],"about":[{"href":"https:\/\/axkid.com\/pl\/wp-json\/wp\/v2\/types\/product"}],"replies":[{"embeddable":true,"href":"https:\/\/axkid.com\/pl\/wp-json\/wp\/v2\/comments?post=172641"}],"wp:featuredmedia":[{"embeddable":true,"href":"https:\/\/axkid.com\/pl\/wp-json\/"}],"wp:attachment":[{"href":"https:\/\/axkid.com\/pl\/wp-json\/wp\/v2\/media?parent=172641"}],"wp:term":[{"taxonomy":"product_brand","embeddable":true,"href":"https:\/\/axkid.com\/pl\/wp-json\/wp\/v2\/product_brand?post=172641"},{"taxonomy":"product_cat","embeddable":true,"href":"https:\/\/axkid.com\/pl\/wp-json\/wp\/v2\/product_cat?post=172641"},{"taxonomy":"product_tag","embeddable":true,"href":"https:\/\/axkid.com\/pl\/wp-json\/wp\/v2\/product_tag?post=172641"}],"curies":[{"name":"wp","href":"https:\/\/api.w.org\/{rel}","templated":true}]}}