{"id":173187,"date":"2026-03-31T08:35:22","date_gmt":"2026-03-31T07:35:22","guid":{"rendered":"https:\/\/axkid.com\/pl\/?post_type=product&#038;p=173187"},"modified":"2026-04-29T17:11:00","modified_gmt":"2026-04-29T16:11:00","slug":"axkid-up-x-jon-olsson","status":"publish","type":"product","link":"https:\/\/axkid.com\/pl\/product\/axkid-up-x-jon-olsson\/","title":{"rendered":"Fotelik samochodowy Axkid Up x Jon Olsson"},"content":{"rendered":"","protected":false},"excerpt":{"rendered":"","protected":false},"featured_media":3700000853832,"comment_status":"open","ping_status":"closed","template":"","meta":{"_acf_changed":false,"_seopress_robots_primary_cat":"81","_seopress_titles_title":"Fotelik samochodowy Axkid Up x Jon Olsson | Axkid","_seopress_titles_desc":"Fotelik samochodowy Axkid Up x Jon Olsson \u2013 bezpieczny i nowoczesny fotelik z wyj\u0105tkowym designem, zapewniaj\u0105cy komfort i ochron\u0119 w ka\u017cdej podr\u00f3\u017cy.","_seopress_robots_index":"","content-type":"","_relevanssi_hide_post":"","_relevanssi_hide_content":"","_relevanssi_pin_for_all":"","_relevanssi_pin_keywords":"","_relevanssi_unpin_keywords":"","_relevanssi_related_keywords":"","_relevanssi_related_include_ids":"","_relevanssi_related_exclude_ids":"","_relevanssi_related_no_append":"","_relevanssi_related_not_related":"","_relevanssi_related_posts":"","_relevanssi_noindex_reason":"","editor_notices":[]},"product_brand":[],"product_cat":[81,18,175],"product_tag":[],"class_list":{"0":"post-173187","1":"product","2":"type-product","3":"status-publish","4":"has-post-thumbnail","6":"product_cat-foteliki-dla-starszakow","7":"product_cat-wszystkie-foteliki-samochodowe","8":"product_cat-zestawy","10":"first","11":"onbackorder","12":"taxable","13":"shipping-taxable","14":"purchasable","15":"product-type-bundle"},"bundled_by":[],"bundle_stock_status":"instock","bundle_stock_quantity":"","bundle_virtual":false,"bundle_layout":"default","bundle_add_to_cart_form_location":"default","bundle_editable_in_cart":false,"bundle_sold_individually_context":"product","bundle_item_grouping":"parent","bundle_min_size":"","bundle_max_size":"","bundle_price":{"price":{"min":{"incl_tax":"3199","excl_tax":"3199"},"max":{"incl_tax":"3199","excl_tax":"3199"}},"regular_price":{"min":{"incl_tax":"3199","excl_tax":"3199"},"max":{"incl_tax":"3199","excl_tax":"3199"}}},"bundled_items":[{"bundled_item_id":18,"product_id":173181,"menu_order":0,"quantity_min":1,"quantity_max":1,"quantity_default":1,"priced_individually":true,"shipped_individually":false,"override_title":false,"title":"Axkid Up x Jon Olsson","override_description":false,"description":"","optional":false,"hide_thumbnail":false,"discount":"","override_variations":false,"allowed_variations":[],"override_default_variation_attributes":false,"default_variation_attributes":[],"single_product_visibility":"visible","cart_visibility":"visible","order_visibility":"visible","single_product_price_visibility":"visible","cart_price_visibility":"visible","order_price_visibility":"visible","stock_status":"on_backorder"},{"bundled_item_id":19,"product_id":173190,"menu_order":1,"quantity_min":1,"quantity_max":1,"quantity_default":1,"priced_individually":false,"shipped_individually":false,"override_title":false,"title":"Podn\u00f3\u017cek do fotelika samochodowego","override_description":true,"description":"Podn\u00f3\u017cek zapewniaj\u0105cy wi\u0119kszy komfort podczas podr\u00f3\u017cy.","optional":false,"hide_thumbnail":false,"discount":"","override_variations":false,"allowed_variations":[],"override_default_variation_attributes":false,"default_variation_attributes":[],"single_product_visibility":"visible","cart_visibility":"visible","order_visibility":"visible","single_product_price_visibility":"visible","cart_price_visibility":"visible","order_price_visibility":"visible","stock_status":"in_stock"},{"bundled_item_id":20,"product_id":173192,"menu_order":2,"quantity_min":1,"quantity_max":1,"quantity_default":1,"priced_individually":false,"shipped_individually":false,"override_title":false,"title":"Uchwyt na kubek","override_description":true,"description":"Praktyczny uchwyt na kubek lub butelk\u0119.","optional":false,"hide_thumbnail":false,"discount":"","override_variations":false,"allowed_variations":[],"override_default_variation_attributes":false,"default_variation_attributes":[],"single_product_visibility":"visible","cart_visibility":"visible","order_visibility":"visible","single_product_price_visibility":"visible","cart_price_visibility":"visible","order_price_visibility":"visible","stock_status":"in_stock"},{"bundled_item_id":21,"product_id":173193,"menu_order":3,"quantity_min":1,"quantity_max":1,"quantity_default":1,"priced_individually":false,"shipped_individually":false,"override_title":false,"title":"Torba na rami\u0119","override_description":true,"description":"Torba transportowa do fotelika Axkid Up\u2122.","optional":false,"hide_thumbnail":false,"discount":"","override_variations":false,"allowed_variations":[],"override_default_variation_attributes":false,"default_variation_attributes":[],"single_product_visibility":"visible","cart_visibility":"visible","order_visibility":"visible","single_product_price_visibility":"visible","cart_price_visibility":"visible","order_price_visibility":"visible","stock_status":"in_stock"}],"bundle_sell_ids":[],"acf":[],"jetpack_sharing_enabled":true,"_links":{"self":[{"href":"https:\/\/axkid.com\/pl\/wp-json\/wp\/v2\/product\/173187","targetHints":{"allow":["GET"]}}],"collection":[{"href":"https:\/\/axkid.com\/pl\/wp-json\/wp\/v2\/product"}],"about":[{"href":"https:\/\/axkid.com\/pl\/wp-json\/wp\/v2\/types\/product"}],"replies":[{"embeddable":true,"href":"https:\/\/axkid.com\/pl\/wp-json\/wp\/v2\/comments?post=173187"}],"wp:featuredmedia":[{"embeddable":true,"href":"https:\/\/axkid.com\/pl\/wp-json\/"}],"wp:attachment":[{"href":"https:\/\/axkid.com\/pl\/wp-json\/wp\/v2\/media?parent=173187"}],"wp:term":[{"taxonomy":"product_brand","embeddable":true,"href":"https:\/\/axkid.com\/pl\/wp-json\/wp\/v2\/product_brand?post=173187"},{"taxonomy":"product_cat","embeddable":true,"href":"https:\/\/axkid.com\/pl\/wp-json\/wp\/v2\/product_cat?post=173187"},{"taxonomy":"product_tag","embeddable":true,"href":"https:\/\/axkid.com\/pl\/wp-json\/wp\/v2\/product_tag?post=173187"}],"curies":[{"name":"wp","href":"https:\/\/api.w.org\/{rel}","templated":true}]}}