{"id":25707,"date":"2026-01-25T08:00:18","date_gmt":"2026-01-25T07:00:18","guid":{"rendered":"https:\/\/axkid.com\/?post_type=product&#038;p=25707"},"modified":"2026-05-05T12:17:29","modified_gmt":"2026-05-05T11:17:29","slug":"one-plus-3","status":"publish","type":"product","link":"https:\/\/axkid.com\/pl\/product\/one-plus-3\/","title":{"rendered":"One+ 3"},"content":{"rendered":"","protected":false},"excerpt":{"rendered":"<p>Axkid ONE+ to jedyny fotelik samochodowy ISOFIX na rynku, kt\u00f3ry umo\u017cliwia podr\u00f3\u017cowanie ty\u0142em do kierunku jazdy od urodzenia do 7 roku \u017cycia (40-125 cm). \u0141atwy i bezpieczny monta\u017c w 30 sekund. Przesuwana przestrze\u0144 na nogi zapewnia niezr\u00f3wnan\u0105 przestrze\u0144, a jednocze\u015bnie umo\u017cliwia kompaktow\u0105 konstrukcj\u0119 fotelika samochodowego skierowanego ty\u0142em do kierunku jazdy.<\/p>\n","protected":false},"featured_media":3700000853103,"comment_status":"open","ping_status":"closed","template":"","meta":{"_acf_changed":false,"_seopress_robots_primary_cat":"none","_seopress_titles_title":"ONE 3 | Axkid","_seopress_titles_desc":"Axkid ONE+ to jedyny fotelik samochodowy ISOFIX na rynku, kt\u00f3ry umo\u017cliwia podr\u00f3\u017cowanie ty\u0142em do kierunku jazdy od urodzenia do 7 roku \u017cycia (40-125 cm).","_seopress_robots_index":"","content-type":"","_relevanssi_hide_post":"","_relevanssi_hide_content":"","_relevanssi_pin_for_all":"","_relevanssi_pin_keywords":"","_relevanssi_unpin_keywords":"","_relevanssi_related_keywords":"","_relevanssi_related_include_ids":"","_relevanssi_related_exclude_ids":"","_relevanssi_related_no_append":"","_relevanssi_related_not_related":"","_relevanssi_related_posts":"","_relevanssi_noindex_reason":"","editor_notices":[]},"product_brand":[],"product_cat":[79,80,573,18],"product_tag":[],"class_list":{"0":"post-25707","1":"product","2":"type-product","3":"status-publish","4":"has-post-thumbnail","6":"product_cat-foteliki-samochodowe-dla-noworodkow-i-niemowlat","7":"product_cat-foteliki-samochodowe-tylem-do-kierunku-jazdy","8":"product_cat-campaigns","9":"product_cat-wszystkie-foteliki-samochodowe","11":"first","12":"instock","13":"taxable","14":"shipping-taxable","15":"purchasable","16":"product-type-variable","17":"has-default-attributes"},"bundled_by":[],"bundle_stock_status":"instock","bundle_stock_quantity":null,"bundle_virtual":false,"bundle_layout":"","bundle_add_to_cart_form_location":"","bundle_editable_in_cart":false,"bundle_sold_individually_context":"","bundle_item_grouping":"","bundle_min_size":"","bundle_max_size":"","bundle_price":[],"bundled_items":[],"bundle_sell_ids":[],"acf":[],"jetpack_sharing_enabled":true,"_links":{"self":[{"href":"https:\/\/axkid.com\/pl\/wp-json\/wp\/v2\/product\/25707","targetHints":{"allow":["GET"]}}],"collection":[{"href":"https:\/\/axkid.com\/pl\/wp-json\/wp\/v2\/product"}],"about":[{"href":"https:\/\/axkid.com\/pl\/wp-json\/wp\/v2\/types\/product"}],"replies":[{"embeddable":true,"href":"https:\/\/axkid.com\/pl\/wp-json\/wp\/v2\/comments?post=25707"}],"wp:featuredmedia":[{"embeddable":true,"href":"https:\/\/axkid.com\/pl\/wp-json\/"}],"wp:attachment":[{"href":"https:\/\/axkid.com\/pl\/wp-json\/wp\/v2\/media?parent=25707"}],"wp:term":[{"taxonomy":"product_brand","embeddable":true,"href":"https:\/\/axkid.com\/pl\/wp-json\/wp\/v2\/product_brand?post=25707"},{"taxonomy":"product_cat","embeddable":true,"href":"https:\/\/axkid.com\/pl\/wp-json\/wp\/v2\/product_cat?post=25707"},{"taxonomy":"product_tag","embeddable":true,"href":"https:\/\/axkid.com\/pl\/wp-json\/wp\/v2\/product_tag?post=25707"}],"curies":[{"name":"wp","href":"https:\/\/api.w.org\/{rel}","templated":true}]}}