{"id":3743,"date":"2023-12-06T08:26:52","date_gmt":"2023-12-06T07:26:52","guid":{"rendered":"https:\/\/axkid.com\/?post_type=product&#038;p=3743"},"modified":"2025-09-26T08:33:28","modified_gmt":"2025-09-26T07:33:28","slug":"minikid-2-2022-23","status":"publish","type":"product","link":"https:\/\/axkid.com\/pl\/product\/minikid-2-2022-23\/","title":{"rendered":"Minikid 2 (2022\/23)"},"content":{"rendered":"<p>Axkid Minikid 2 to wielokrotnie nagradzany fotelik samochodowy, kt\u00f3ry ro\u015bnie wraz z dzieckiem. Fotelik samochodowy, kt\u00f3ry pozwala dziecku podr\u00f3\u017cowa\u0107 ty\u0142em do kierunku jazdy do 6-7 roku \u017cycia. \u0141atwy monta\u017c, wygodne ustawienie i doskona\u0142a ochrona pod ka\u017cdym k\u0105tem to zalety, kt\u00f3re mo\u017cna znale\u017a\u0107 w Axkid Minikid 2.<\/p>\n<ul>\n<li>Jeden z najpopularniejszych i nagradzanych na \u015bwiecie przed\u0142u\u017conych fotelik\u00f3w samochodowych skierowanych ty\u0142em do kierunku jazdy<\/li>\n<li>Kompaktowa konstrukcja, kt\u00f3ra umo\u017cliwia przed\u0142u\u017cone podr\u00f3\u017cowanie ty\u0142em do kierunku jazdy do 6-7 roku \u017cycia<\/li>\n<li>Prosty i bezpieczny monta\u017c z samonapinaj\u0105cymi si\u0119 pasami mocuj\u0105cymi<\/li>\n<li>Automatyczny zag\u0142\u00f3wek, kt\u00f3ry automatycznie dostosowuje si\u0119 do wzrostu dziecka<\/li>\n<\/ul>\n<h2>Nowo\u015bci!<\/h2>\n<p>Minikid 2 jest teraz dost\u0119pny w ulepszonej wersji \u2013 kolekcja Axkid Minikid 2 (2022\/23)! Ju\u017c d\u0142uga d\u0142ugo\u015b\u0107 oparcia jest teraz jeszcze d\u0142u\u017csza dzi\u0119ki ulepszonej geometrii zag\u0142\u00f3wka. Dzi\u0119ki temu Twoje dziecko mo\u017ce wygodnie siedzie\u0107 w foteliku Minikid 2 jeszcze d\u0142u\u017cej! Materia\u0142 tekstylny zosta\u0142 ulepszony o rozci\u0105gliw\u0105 i dopasowan\u0105 tkanin\u0119, aby u\u0142atwi\u0107 dopasowanie.<\/p>\n<p><a href=\"https:\/\/axkid.com\/pl\/safety\/launching-axkid-minikid-2-2022-23\/\"><span style=\"text-decoration: underline\">Przeczytaj wi\u0119cej o r\u00f3\u017cnicach mi\u0119dzy fotelikiem Minikid 2 (2022\/23) a fotelikiem Minikid 2 Premium (2022\/23) tutaj \u00bb<\/span><\/a><\/p>\n<h3><strong>Minikid 2 \u2013 bezpieczny i przestronny fotelik z wieloma inteligentnymi funkcjami<\/strong><\/h3>\n<p>Minikid zosta\u0142 zaprojektowany z my\u015bl\u0105 o szwedzkim bezpiecze\u0144stwie, co pozwala na \u201eprawdziwe\u201d przed\u0142u\u017cone przewo\u017cenie ty\u0142em do kierunku jazdy do 6-7 roku \u017cycia, ale nadal w kompaktowej konstrukcji. <\/p>\n<h3><strong>\u0141atwa instalacja i bezpieczne u\u017cytkowanie<\/strong><\/h3>\n<p>Ponad 60% wszystkich fotelik\u00f3w samochodowych jest w pewnym stopniu zainstalowanych nieprawid\u0142owo. Unikalne samozaciskaj\u0105ce si\u0119 paski mocuj\u0105ce w foteliku Minikid 2 sprawiaj\u0105, \u017ce instalacja jest p\u0142ynna, poniewa\u017c fotelik mo\u017cna \u201ewsun\u0105\u0107\u201d na miejsce. Dzi\u0119ki pasom codzienne u\u017cytkowanie jest \u0142atwe i bezpieczne, poniewa\u017c fotelik jest ca\u0142y czas utrzymywany na miejscu i nie poluzowuje si\u0119 z czasem (foteliki przymocowane pasami nale\u017cy zawsze regularnie sprawdza\u0107).<\/p>\n<h3><strong>Wygodne i bezpieczne pozycjonowanie<\/strong><\/h3>\n<p>Axkid Minikid 2 jest wyj\u0105tkowy na rynku, poniewa\u017c zag\u0142\u00f3wek ro\u015bnie wraz z dzieckiem. Zag\u0142\u00f3wek i wewn\u0119trzne pasy bezpiecze\u0144stwa automatycznie dostosowuj\u0105 si\u0119 do wzrostu i rozmiaru dziecka. Dzi\u0119ki temu mo\u017cna \u0142atwo zapewni\u0107 dziecku bezpieczn\u0105 i wygodn\u0105 pozycj\u0119 podczas siedzenia w foteliku Minikid.<\/p>\n<h3><strong>Ochrona ze wszystkich stron<\/strong><\/h3>\n<p>25% wszystkich powa\u017cnych wypadk\u00f3w to zderzenia bezpo\u015brednio z boku lub zderzenia czo\u0142owe z k\u0105tem bocznym. Innowacyjna ochrona przed uderzeniami bocznymi Axkid (ASIP) zosta\u0142a opracowana we wsp\u00f3\u0142pracy z najbardziej presti\u017cowym instytutem badawczym na \u015bwiecie \u2013 ADAC w Niemczech. W przypadku zderzenia bocznego ASIP jest zbudowany tak, aby odkszta\u0142ci\u0107 si\u0119 i poch\u0142on\u0105\u0107 energi\u0119 zderzenia, zanim dotrze ona do Twojego dziecka.<\/p>\n<h3><strong>Komfort zar\u00f3wno dla dzieci, jak i rodzic\u00f3w<\/strong><\/h3>\n<p>Nie id\u017a na kompromis w kwestii komfortu, podr\u00f3\u017cuj\u0105c z dzieckiem. Wielokrotnie regulowana noga odchylaj\u0105ca umo\u017cliwia korzystanie z pi\u0119ciu r\u00f3\u017cnych pozycji, aby zapewni\u0107 dziecku wygodne i bezpieczne odchylenie, w zale\u017cno\u015bci od wieku, wzrostu i k\u0105ta tylnego siedzenia. Je\u015bli potrzebne jest wi\u0119ksze odchylenie, nasz klin reguluj\u0105cy k\u0105t jest dobrym dodatkiem, kt\u00f3ry zwi\u0119ksza odchylenie do 10 stopni.<\/p>\n<h3>\u015awiatowy lider w dziedzinie bezpiecze\u0144stwa ze Szwecji<\/h3>\n<p>Axkid Minikid jest wyposa\u017cony w najwy\u017cszej jako\u015bci uprz\u0105\u017c i system bezpiecze\u0144stwa od szwedzkiego dostawcy technologii Holmbergs\u00ae. Ka\u017cdy element, od klamry do pasa, jest testowany poza przepisami, aby zapewni\u0107 najwy\u017csz\u0105 jako\u015b\u0107 i wydajno\u015b\u0107, kt\u00f3ra wyr\u00f3\u017cnia \u015bwiatowego lidera<\/p>\n<h3><strong>Nagrodzony<\/strong><\/h3>\n<p>Axkid Minikid 2 przeszed\u0142 najtrudniejszy na \u015bwiecie test zderzeniowy ty\u0142em do kierunku jazdy, \u201ePlus Test\u201d i zosta\u0142 nagrodzony tytu\u0142em \u201eGood Choice\u201d przez Folksam. W 2020 r. Mother and Baby uzna\u0142 fotelik za najlepszy w kategorii fotelik\u00f3w ty\u0142em do kierunku jazdy.<\/p>\n<p>Nale\u017cy pami\u0119ta\u0107, \u017ce chocia\u017c Axkid Minikid 2 jest zatwierdzony dla dzieci o wadze od 0 do 25 kg, zawsze zalecamy rozpocz\u0119cie od fotelika samochodowego dla niemowl\u0105t, poniewa\u017c jest on najlepiej przystosowany do ma\u0142ych dzieci. Fotelik samochodowy nie ma z\u0142\u0105czy ISOFIX i zawsze powinien by\u0107 montowany ty\u0142em do kierunku jazdy z mocowaniem pas\u00f3w.<\/p>\n<p>Axkid Minikid 2 s\u0142ynie z mo\u017cliwo\u015bci d\u0142u\u017cszego monta\u017cu ty\u0142em do kierunku jazdy, a tak\u017ce z ratowania wielu istnie\u0144.<\/p>\n<p>Dowiedz si\u0119 wi\u0119cej o tym, jak Minikid 2 ratuje \u017cycie w naszych <span style=\"text-decoration: underline\"><a href=\"https:\/\/axkid.com\/pl\/safety\/18-months-old-albie-was-unharmed-thanks-to-the-rear-facing-car-seat-axkid-minikid\/\">prawdziwych historiach tutaj \u00bb<\/a><\/span><\/p>\n<p><em>W zestawie pasy i ASIP<\/em><\/p>\n","protected":false},"excerpt":{"rendered":"<p>Wielokrotnie nagradzany fotelik samochodowy, kt\u00f3ry umo\u017cliwia podr\u00f3\u017cowanie ty\u0142em do kierunku jazdy do 6-7 roku \u017cycia (25 kg). Charakteryzuje si\u0119 \u0142atw\u0105 instalacj\u0105, wygodn\u0105 pozycj\u0105 i doskona\u0142\u0105 ochron\u0105 pod ka\u017cdym k\u0105tem. Zatwierdzony przez Plus Test.<\/p>\n","protected":false},"featured_media":37000003757,"comment_status":"open","ping_status":"closed","template":"","meta":{"_acf_changed":false,"_seopress_robots_primary_cat":"none","_seopress_titles_title":"Axkid Minikid 2 (2022\/23) | 0-25kg | Rear-facing car seats | Axkid","_seopress_titles_desc":"Axkid Minikid 2 (2022\/23) is one of the car seats that your child can stay rear-facing in the longest. Can be used up to approximately 125cm and 6-7 years.","_seopress_robots_index":"","content-type":"","_relevanssi_hide_post":"","_relevanssi_hide_content":"","_relevanssi_pin_for_all":"","_relevanssi_pin_keywords":"","_relevanssi_unpin_keywords":"","_relevanssi_related_keywords":"","_relevanssi_related_include_ids":"","_relevanssi_related_exclude_ids":"","_relevanssi_related_no_append":"","_relevanssi_related_not_related":"","_relevanssi_related_posts":"","_relevanssi_noindex_reason":"","editor_notices":[]},"product_brand":[],"product_cat":[80,412,18],"product_tag":[],"class_list":{"0":"post-3743","1":"product","2":"type-product","3":"status-publish","4":"has-post-thumbnail","6":"product_cat-foteliki-samochodowe-tylem-do-kierunku-jazdy","7":"product_cat-outlet","8":"product_cat-wszystkie-foteliki-samochodowe","10":"first","11":"outofstock","12":"taxable","13":"shipping-taxable","14":"purchasable","15":"product-type-variable","16":"has-default-attributes"},"bundled_by":[],"bundle_stock_status":"outofstock","bundle_stock_quantity":null,"bundle_virtual":false,"bundle_layout":"","bundle_add_to_cart_form_location":"","bundle_editable_in_cart":false,"bundle_sold_individually_context":"","bundle_item_grouping":"","bundle_min_size":"","bundle_max_size":"","bundle_price":[],"bundled_items":[],"bundle_sell_ids":[],"acf":[],"jetpack_sharing_enabled":true,"_links":{"self":[{"href":"https:\/\/axkid.com\/pl\/wp-json\/wp\/v2\/product\/3743","targetHints":{"allow":["GET"]}}],"collection":[{"href":"https:\/\/axkid.com\/pl\/wp-json\/wp\/v2\/product"}],"about":[{"href":"https:\/\/axkid.com\/pl\/wp-json\/wp\/v2\/types\/product"}],"replies":[{"embeddable":true,"href":"https:\/\/axkid.com\/pl\/wp-json\/wp\/v2\/comments?post=3743"}],"wp:featuredmedia":[{"embeddable":true,"href":"https:\/\/axkid.com\/pl\/wp-json\/"}],"wp:attachment":[{"href":"https:\/\/axkid.com\/pl\/wp-json\/wp\/v2\/media?parent=3743"}],"wp:term":[{"taxonomy":"product_brand","embeddable":true,"href":"https:\/\/axkid.com\/pl\/wp-json\/wp\/v2\/product_brand?post=3743"},{"taxonomy":"product_cat","embeddable":true,"href":"https:\/\/axkid.com\/pl\/wp-json\/wp\/v2\/product_cat?post=3743"},{"taxonomy":"product_tag","embeddable":true,"href":"https:\/\/axkid.com\/pl\/wp-json\/wp\/v2\/product_tag?post=3743"}],"curies":[{"name":"wp","href":"https:\/\/api.w.org\/{rel}","templated":true}]}}