{"id":4104,"date":"2023-12-09T02:00:35","date_gmt":"2023-12-09T01:00:35","guid":{"rendered":"https:\/\/axkid.com\/?post_type=product&#038;p=4104"},"modified":"2026-04-29T14:58:21","modified_gmt":"2026-04-29T13:58:21","slug":"one-plus-2","status":"publish","type":"product","link":"https:\/\/axkid.com\/pl\/product\/one-plus-2\/","title":{"rendered":"Fotelik samochodowy One+ 2"},"content":{"rendered":"<p>ONE+ 2 to jedyny fotelik samochodowy ISOFIX na rynku, kt\u00f3ry umo\u017cliwia podr\u00f3\u017cowanie ty\u0142em do kierunku jazdy od urodzenia do 7 roku \u017cycia (40-125 cm). \u0141atwy i bezpieczny monta\u017c w 30 sekund. Zapewnia najlepsz\u0105 przestrze\u0144 na nogi na rynku, a jednocze\u015bnie elastyczno\u015b\u0107, dzi\u0119ki kt\u00f3rej staje si\u0119 jednym z najbardziej kompaktowych fotelik\u00f3w samochodowych skierowanych ty\u0142em do kierunku jazdy na rynku.<\/p>\n<p><strong>Najbezpieczniejszy fotelik samochodowy, jaki kiedykolwiek stworzyli\u015bmy<\/strong> \u2013 Jedyny fotelik samochodowy ISOFIX skierowany ty\u0142em do kierunku jazdy na rynku, kt\u00f3ry jest zatwierdzony przez i-Size do 125 cm\/23 kg lub ok. 7 roku \u017cycia. Fotelik samochodowy przeszed\u0142 r\u00f3wnie\u017c jeden z najtrudniejszych test\u00f3w zderzeniowych na \u015bwiecie \u2013 szwedzki test Plus.<\/p>\n<p><strong>Jeden fotelik samochodowy przez ca\u0142e dzieci\u0144stwo<\/strong> \u2013 Axkid ONE+ 2 mo\u017ce by\u0107 u\u017cywany od pierwszego dnia a\u017c do 7 roku \u017cycia.<\/p>\n<p><strong>Najwi\u0119ksza przestrze\u0144 na nogi na rynku<\/strong> \u2013 Dynamiczny system przestrzeni na nogi zapewnia Twojemu dziecku najlepsz\u0105 przestrze\u0144 na nogi na rynku, a tak\u017ce \u0142atwy dost\u0119p do dziecka. Dzi\u0119ki technologii przesuwanego siedzenia mo\u017ce by\u0107 r\u00f3wnie\u017c jednym z najbardziej kompaktowych fotelik\u00f3w samochodowych skierowanych ty\u0142em do kierunku jazdy na rynku \u2013 pasuje nawet do najmniejszych samochod\u00f3w.<\/p>\n<p><strong>\u0141atwy w u\u017cyciu i dostosowuje si\u0119 do Twojego dziecka<\/strong> \u2013 Technologia przesuwanego siedzenia i zaawansowany system Sleep Well u\u0142atwiaj\u0105 dostosowanie fotelika samochodowego do potrzeb Twojego dziecka.<\/p>\n<p><strong>Szybka i bezpieczna 30-sekundowa gwarancja monta\u017cu<\/strong> \u2013 Wystarczy wcisn\u0105\u0107 z\u0142\u0105cza ISOFIX, roz\u0142o\u017cy\u0107 nog\u0119 podporow\u0105 i zwolni\u0107 automatyczny pa\u0142\u0105k odbojowy, a wszystko gotowe.<\/p>\n<p><strong>Innowacyjna, lekka konstrukcja<\/strong> \u2013 Wa\u017cy o 30% mniej ni\u017c inne foteliki samochodowe na rynku i jest wykonany z mniejszej ilo\u015bci plastiku.<\/p>\n<p><strong>Zr\u00f3wnowa\u017cony wyb\u00f3r<\/strong> \u2013 Axkid ONE+ 2 ma ogromn\u0105 zalet\u0119 w cyklu \u017cycia, poniewa\u017c mo\u017ce by\u0107 u\u017cywany do 7 lat. Samo innowacyjne siedzenie jest \u0142atwe do demonta\u017cu i sk\u0142ada si\u0119 z materia\u0142\u00f3w o wysokim stopniu przydatno\u015bci do recyklingu.<\/p>\n<h3>Nowa generacja fotelika samochodowego skierowanego ty\u0142em do kierunku jazdy<\/h3>\n<p>Axkid ONE+ 2 wyznacza nowy standard bezpiecze\u0144stwa fotelik\u00f3w samochodowych. Jest to, podobnie jak jego poprzednik Axkid ONE+, jedyny fotelik ISOFIX skierowany ty\u0142em do kierunku jazdy na rynku, kt\u00f3ry posiada aprobat\u0119 i-Size do 125 cm\/23 kg, co oznacza, \u017ce \u200b\u200bTwoje dziecko mo\u017ce podr\u00f3\u017cowa\u0107 ty\u0142em do kierunku jazdy nawet przez 3 lata d\u0142u\u017cej ni\u017c w istniej\u0105cych fotelikach ISOFIX dost\u0119pnych na rynku. Podr\u00f3\u017cowanie ty\u0142em do kierunku jazdy jest do 5 razy bezpieczniejsze dla dzieci do 6-7 roku \u017cycia. Dlatego Axkid ONE+ 2 jest obj\u0119ty programem bezpiecze\u0144stwa Axkid o d\u0142ugim zasi\u0119gu, zapewniaj\u0105c bezpiecze\u0144stwo w pozycji skierowanej ty\u0142em do kierunku jazdy tak d\u0142ugo, jak to mo\u017cliwe.<\/p>\n<p><a href=\"https:\/\/axkid.com\/pl\/safety\/launching-axkid-one-2\/\">Dowiedz si\u0119 wi\u0119cej o r\u00f3\u017cnicach tutaj \u00bb<\/a><\/p>\n<h3>Solidna i lekka konstrukcja opracowana w Szwecji<\/h3>\n<p>Axkid ONE+ 2 zosta\u0142 zbudowany w oparciu o now\u0105 i innowacyjn\u0105 konstrukcj\u0119, kt\u00f3ra wykorzystuje aluminium i hartowan\u0105 stal do stworzenia technologii ramy ochronnej, kt\u00f3ra dzia\u0142a jak ochronny kokon. Samo siedzisko jest wykonane z materia\u0142\u00f3w poch\u0142aniaj\u0105cych wstrz\u0105sy, aby zminimalizowa\u0107 si\u0142y uderzenia. W siedzisku dodano otwory wentylacyjne, aby zapewni\u0107 dziecku ch\u0142\u00f3d w gor\u0105ce letnie miesi\u0105ce. Ca\u0142e siedzisko wa\u017cy mniej ni\u017c 10 kg, co pozwala starszym i ci\u0119\u017cszym dzieciom podr\u00f3\u017cowa\u0107 ty\u0142em do kierunku jazdy a\u017c do 7 roku \u017cycia.<\/p>\n<h3>Najwi\u0119ksza przestrze\u0144 na nogi na rynku<\/h3>\n<p>Axkid ONE+ 2 jest zamontowany na szynach, co umo\u017cliwia regulacj\u0119 fotelika samochodowego do przodu i do ty\u0142u jedn\u0105 r\u0119k\u0105 do 30 cm. Technologia przesuwanego siedzenia zapewnia pasa\u017cerowi na przednim siedzeniu dodatkow\u0105 przestrze\u0144, gdy jest to potrzebne, bez konieczno\u015bci wyjmowania siedzenia z samochodu, wystarczy przesun\u0105\u0107 siedzenie do ty\u0142u w kierunku tylnego siedzenia. \u017baden inny fotelik na rynku nie korzysta z tych funkcji, dlatego Axkid ONE+ 2 zapewnia Twojemu dziecku najlepsz\u0105 przestrze\u0144 na nogi na rynku, a jednocze\u015bnie mo\u017ce by\u0107 jednym z najbardziej kompaktowych fotelik\u00f3w samochodowych skierowanych ty\u0142em do kierunku jazdy na rynku, pasuj\u0105cych nawet do najmniejszych samochod\u00f3w, zapewniaj\u0105c ogromn\u0105 elastyczno\u015b\u0107 dla Twojej rodziny i Twoich potrzeb.<\/p>\n<p>Ta wyj\u0105tkowa funkcja rozwi\u0105zuje r\u00f3wnie\u017c wcze\u015bniejsze wady fotelik\u00f3w skierowanych ty\u0142em do kierunku jazdy. \u0141atwiej jest umie\u015bci\u0107 dziecko w foteliku, poniewa\u017c k\u0105t jest szerszy. W przypadku starszych dzieci technologia ramy ochronnej mo\u017ce dzia\u0142a\u0107 jak uchwyt, dzi\u0119ki czemu mog\u0105 one \u0142atwo same wchodzi\u0107 i wychodzi\u0107 z fotelika. Nie ma potrzeby funkcji obrotowych, kt\u00f3re poch\u0142aniaj\u0105 miejsce, przez co dzieci przedwcze\u015bnie wyrastaj\u0105 z fotelika. Starsze dzieci mog\u0105 wygodnie podr\u00f3\u017cowa\u0107 do 7 roku \u017cycia lub 125 cm\/23 kg, a nadwymiarowa konstrukcja antyrotacyjna zapewnia dodatkow\u0105 przestrze\u0144 na nogi w por\u00f3wnaniu z innymi fotelikami na rynku.<\/p>\n<h3>Szybki i bezpieczny monta\u017c w 30 sekund<\/h3>\n<p>Wiele fotelik\u00f3w samochodowych, zar\u00f3wno skierowanych do przodu, jak i do ty\u0142u, jest w pewnym stopniu nieprawid\u0142owo zamontowanych, co utrudnia bezpiecze\u0144stwo fotelika. Dlatego Axkid ONE+ 2 ma \u0142atwy system monta\u017cu z 6 samoobja\u015bniaj\u0105cymi krokami monta\u017cu i automatycznym paskiem odbojowym z wbudowanym d\u017awi\u0119kiem informuj\u0105cym, czy fotelik jest w optymalnej pozycji. W po\u0142\u0105czeniu ze z\u0142\u0105czami ISOFIX i lekk\u0105 konstrukcj\u0105, kt\u00f3ra u\u0142atwia obs\u0142ug\u0119, gwarantujemy, \u017ce mo\u017cesz zamontowa\u0107 fotelik w mniej ni\u017c 30 sekund.<\/p>\n<h3>Komfort od 0 do 7 lat<\/h3>\n<p>Axkid ONE+ 2 jest wyposa\u017cony w zaawansowany system Sleep Well, umo\u017cliwiaj\u0105cy odchylenie siedziska do 42 stopni. Oznacza to, \u017ce Axkid ONE+ 2 mo\u017cna ustawi\u0107 tak, aby dzia\u0142a\u0142 jako noside\u0142ko dla niemowl\u0105t w pierwszych miesi\u0105cach. Jednak starsze dzieci r\u00f3wnie\u017c doceni\u0105 k\u0105t, kt\u00f3ry pozwoli im wygodnie zasn\u0105\u0107 podczas podr\u00f3\u017cy samochodem.<\/p>\n<h3>\u015awiatowy lider w dziedzinie bezpiecze\u0144stwa ze Szwecji<\/h3>\n<p>Axkid ONE + 2 jest wyposa\u017cony w najwy\u017cszej jako\u015bci uprz\u0105\u017c i system bezpiecze\u0144stwa od szwedzkiego dostawcy technologii Holmbergs\u00ae. Ka\u017cdy element, od klamry do pasa, jest testowany poza przepisami, aby zapewni\u0107 najwy\u017csz\u0105 jako\u015b\u0107 i wydajno\u015b\u0107, kt\u00f3ra wyr\u00f3\u017cnia \u015bwiatowego lidera<\/p>\n<h3>Axkid ONE+2<\/h3>\n<p>Dzi\u0119ki mi\u0119kkim wk\u0142adkom jako dodatkowemu wsparciu i mo\u017cliwo\u015bci regulacji k\u0105ta siedziska, Twoje niemowl\u0119 mo\u017ce bezpiecznie podr\u00f3\u017cowa\u0107 w tym foteliku od pierwszego dnia.<\/p>\n","protected":false},"excerpt":{"rendered":"<p>ONE+ 2 to jedyny fotelik samochodowy ISOFIX na rynku umo\u017cliwiaj\u0105cy podr\u00f3\u017cowanie ty\u0142em do kierunku jazdy od urodzenia do 7 roku \u017cycia (40-125 cm). \u0141atwy i bezpieczny monta\u017c w 30 sekund. Przesuwana przestrze\u0144 na nogi zapewnia niezr\u00f3wnan\u0105 przestrze\u0144, a jednocze\u015bnie pozwala na kompaktow\u0105 konstrukcj\u0119 fotelika montowanego ty\u0142em do kierunku jazdy.<\/p>\n","protected":false},"featured_media":4096,"comment_status":"open","ping_status":"closed","template":"","meta":{"_acf_changed":false,"_seopress_robots_primary_cat":"none","_seopress_titles_title":"","_seopress_titles_desc":"","_seopress_robots_index":"","content-type":"","_relevanssi_hide_post":"","_relevanssi_hide_content":"","_relevanssi_pin_for_all":"","_relevanssi_pin_keywords":"","_relevanssi_unpin_keywords":"","_relevanssi_related_keywords":"","_relevanssi_related_include_ids":"","_relevanssi_related_exclude_ids":"","_relevanssi_related_no_append":"","_relevanssi_related_not_related":"","_relevanssi_related_posts":"","_relevanssi_noindex_reason":"","editor_notices":[]},"product_brand":[],"product_cat":[79,80,412,18],"product_tag":[],"class_list":{"0":"post-4104","1":"product","2":"type-product","3":"status-publish","4":"has-post-thumbnail","6":"product_cat-foteliki-samochodowe-dla-noworodkow-i-niemowlat","7":"product_cat-foteliki-samochodowe-tylem-do-kierunku-jazdy","8":"product_cat-outlet","9":"product_cat-wszystkie-foteliki-samochodowe","11":"first","12":"outofstock","13":"taxable","14":"shipping-taxable","15":"purchasable","16":"product-type-variable","17":"has-default-attributes"},"bundled_by":[],"bundle_stock_status":"outofstock","bundle_stock_quantity":null,"bundle_virtual":false,"bundle_layout":"","bundle_add_to_cart_form_location":"","bundle_editable_in_cart":false,"bundle_sold_individually_context":"","bundle_item_grouping":"","bundle_min_size":"","bundle_max_size":"","bundle_price":[],"bundled_items":[],"bundle_sell_ids":[],"acf":[],"jetpack_sharing_enabled":true,"_links":{"self":[{"href":"https:\/\/axkid.com\/pl\/wp-json\/wp\/v2\/product\/4104","targetHints":{"allow":["GET"]}}],"collection":[{"href":"https:\/\/axkid.com\/pl\/wp-json\/wp\/v2\/product"}],"about":[{"href":"https:\/\/axkid.com\/pl\/wp-json\/wp\/v2\/types\/product"}],"replies":[{"embeddable":true,"href":"https:\/\/axkid.com\/pl\/wp-json\/wp\/v2\/comments?post=4104"}],"wp:featuredmedia":[{"embeddable":true,"href":"https:\/\/axkid.com\/pl\/wp-json\/wp\/v2\/media\/4096"}],"wp:attachment":[{"href":"https:\/\/axkid.com\/pl\/wp-json\/wp\/v2\/media?parent=4104"}],"wp:term":[{"taxonomy":"product_brand","embeddable":true,"href":"https:\/\/axkid.com\/pl\/wp-json\/wp\/v2\/product_brand?post=4104"},{"taxonomy":"product_cat","embeddable":true,"href":"https:\/\/axkid.com\/pl\/wp-json\/wp\/v2\/product_cat?post=4104"},{"taxonomy":"product_tag","embeddable":true,"href":"https:\/\/axkid.com\/pl\/wp-json\/wp\/v2\/product_tag?post=4104"}],"curies":[{"name":"wp","href":"https:\/\/api.w.org\/{rel}","templated":true}]}}