{"id":4491,"date":"2022-08-31T08:55:44","date_gmt":"2022-08-31T07:55:44","guid":{"rendered":"https:\/\/axkid.com\/?post_type=product&#038;p=4491"},"modified":"2026-04-29T16:33:50","modified_gmt":"2026-04-29T15:33:50","slug":"axkid-x-geggamoja-oslona-przeciwsloneczna-na-okna","status":"publish","type":"product","link":"https:\/\/axkid.com\/pl\/product\/axkid-x-geggamoja-oslona-przeciwsloneczna-na-okna\/","title":{"rendered":"Os\u0142ony przeciws\u0142oneczne na okna Axkid x Geggamoja"},"content":{"rendered":"<p>3 705 \/ 5 000<br \/>\n<span data-contrast=\"auto\">Os\u0142ony przeciws\u0142oneczne Axkid x Geggamoja idealnie nadaj\u0105 si\u0119 do os\u0142ony dziecka podczas jazdy samochodem, gdy \u015bwieci s\u0142o\u0144ce. Os\u0142ony przeciws\u0142oneczne wyst\u0119puj\u0105 w dw\u00f3ch zabawnych wzorach, dzi\u0119ki czemu jazda samochodem staje si\u0119 jeszcze przyjemniejsza. <\/span><\/p>\n<p><span data-contrast=\"auto\">Os\u0142ony przeciws\u0142oneczne s\u0105 samoprzylepne, dzi\u0119ki czemu mo\u017cna je \u0142atwo przymocowa\u0107 do okna i przenosi\u0107 mi\u0119dzy samochodami, je\u015bli wolisz. Os\u0142ony przeciws\u0142oneczne s\u0105 r\u00f3wnie\u017c sk\u0142adane, aby zminimalizowa\u0107 przestrze\u0144 po ich zdj\u0119ciu z okna. <\/span><\/p>\n<h3><b><span data-contrast=\"auto\">Axkid x Geggamoja<\/span><\/b><\/h3>\n<p><span data-contrast=\"auto\">Kolekcja Axkid x Geggamoja to efekt wsp\u00f3\u0142pracy szwedzkiej firmy zajmuj\u0105cej si\u0119 bezpiecze\u0144stwem Axkid oraz szwedzkiej firmy produkuj\u0105cej odzie\u017c dzieci\u0119c\u0105 Geggamoja, znanej z wyj\u0105tkowych projekt\u00f3w i jako\u015bci. <\/span><\/p>\n<p><span data-contrast=\"auto\">Razem chcieli\u015bmy stworzy\u0107 co\u015b, co spodoba si\u0119 dzieciom i co zach\u0119ci je do cieszenia si\u0119 jazd\u0105 samochodem, a tak\u017ce do pozostania w fotelikach samochodowych skierowanych ty\u0142em do kierunku jazdy tak d\u0142ugo, jak to mo\u017cliwe? Bo kto nie chcia\u0142by podr\u00f3\u017cowa\u0107 razem ze wszystkimi zwierz\u0119tami z nadruku \u201eWildlife\u201d lub marzy\u0107 w \u015bwiecie balon\u00f3w powietrznych z nadruku \u201eDreamer\u201d? <\/span><\/p>\n<p><span data-contrast=\"auto\">Mamy nadziej\u0119, \u017ce Tobie i Twojemu dziecku projekty przypadn\u0105 do gustu tak samo, jak nam.<\/span><\/p>\n<p><span data-contrast=\"auto\">Wi\u0119cej informacji o wsp\u00f3\u0142pracy i projektach <\/span><b><span data-contrast=\"auto\"><a href=\"https:\/\/axkid.com\/pl\/safety\/launching-limited-edition-axkid-x-geggamoja\/\">znajdziesz tutaj<\/a> &gt;&gt;<\/span><\/b><br \/>\n<span data-contrast=\"auto\">Zobacz wi\u0119cej produkt\u00f3w z Kolekcja Axkid x Geggamoja <\/span><b><span data-contrast=\"auto\"><a href=\"https:\/\/axkid.com\/pl\/product-category\/accessories\/\">tutaj<\/a> &gt;&gt;<\/span><\/b><\/p>\n<p><b><span data-contrast=\"auto\">Specyfikacja produktu<\/span><\/b><\/p>\n<ul>\n<li data-leveltext=\"-\" data-font=\"Calibri\" data-listid=\"1\" data-list-defn-props=\"{&quot;335551671&quot;:0,&quot;335552541&quot;:1,&quot;335559684&quot;:-2,&quot;335559685&quot;:720,&quot;335559991&quot;:360,&quot;469769226&quot;:&quot;Calibri&quot;,&quot;469769242&quot;:[8226],&quot;469777803&quot;:&quot;lewy&quot;,&quot;469777804&quot;:&quot;-&quot;,&quot;469777815&quot;:&quot;hybridMultilevel&quot;}\" data-aria-posinset=\"0\" data-aria-level=\"1\"><span data-contrast=\"auto\">Samodzielnie mocowane os\u0142ony przeciws\u0142oneczne dla \u0142atwej obs\u0142ugi <\/span><\/li>\n<li data-leveltext=\"-\" data-font=\"Calibri\" data-listid=\"1\" data-list-defn-props=\"{&quot;335551671&quot;:0,&quot;335552541&quot;:1,&quot;335559684&quot;:-2,&quot;335559685&quot;:720,&quot;335559991&quot;:360,&quot;469769226&quot;:&quot;Calibri&quot;,&quot;469769242&quot;:[8226],&quot;469777803&quot;:&quot;lewy&quot;,&quot;469777804&quot;:&quot;-&quot;,&quot;469777815&quot;:&quot;hybridMultilevel&quot;}\" data-aria-posinset=\"0\" data-aria-level=\"1\"><span data-contrast=\"auto\">Dost\u0119pne po dwie sztuki w ka\u017cdym opakowaniu <\/span><\/li>\n<\/ul>\n","protected":false},"excerpt":{"rendered":"<p>Kolekcja Axkid x Geggamoja \u0142\u0105czy szwedzk\u0105 innowacyjno\u015b\u0107 z zabawnym designem, oferuj\u0105c pokrowce na foteliki samochodowe, kt\u00f3re nie tylko zwi\u0119kszaj\u0105 komfort, ale tak\u017ce podobaj\u0105 si\u0119 dzieciom, zach\u0119caj\u0105c je do d\u0142u\u017cszego przebywania w fotelikach ty\u0142em do kierunku jazdy. Te \u0142atwe do przymocowania pokrowce maj\u0105 trwa\u0142e kraw\u0119dzie zapewniaj\u0105ce dok\u0142adne dopasowanie .Wymagaj\u0105 prania przed pierwszym u\u017cyciem dla maksymalnej \u015bwie\u017co\u015bci, dzi\u0119ki czemu ka\u017cda jazda samochodem jest przyjemno\u015bci\u0105.<\/p>\n","protected":false},"featured_media":4523,"comment_status":"closed","ping_status":"closed","template":"","meta":{"_acf_changed":false,"_seopress_robots_primary_cat":"none","_seopress_titles_title":"","_seopress_titles_desc":"","_seopress_robots_index":"","content-type":"","_relevanssi_hide_post":"","_relevanssi_hide_content":"","_relevanssi_pin_for_all":"","_relevanssi_pin_keywords":"","_relevanssi_unpin_keywords":"","_relevanssi_related_keywords":"","_relevanssi_related_include_ids":"","_relevanssi_related_exclude_ids":"","_relevanssi_related_no_append":"","_relevanssi_related_not_related":"","_relevanssi_related_posts":"","_relevanssi_noindex_reason":"","editor_notices":[]},"product_brand":[],"product_cat":[17,437,412],"product_tag":[],"class_list":{"0":"post-4491","1":"product","2":"type-product","3":"status-publish","4":"has-post-thumbnail","6":"product_cat-akcesoria","7":"product_cat-oslony-przeciwsloneczne","8":"product_cat-outlet","10":"first","11":"outofstock","12":"taxable","13":"shipping-taxable","14":"purchasable","15":"product-type-variable"},"bundled_by":[],"bundle_stock_status":"outofstock","bundle_stock_quantity":null,"bundle_virtual":false,"bundle_layout":"","bundle_add_to_cart_form_location":"","bundle_editable_in_cart":false,"bundle_sold_individually_context":"","bundle_item_grouping":"","bundle_min_size":"","bundle_max_size":"","bundle_price":[],"bundled_items":[],"bundle_sell_ids":[],"acf":[],"jetpack_sharing_enabled":true,"_links":{"self":[{"href":"https:\/\/axkid.com\/pl\/wp-json\/wp\/v2\/product\/4491","targetHints":{"allow":["GET"]}}],"collection":[{"href":"https:\/\/axkid.com\/pl\/wp-json\/wp\/v2\/product"}],"about":[{"href":"https:\/\/axkid.com\/pl\/wp-json\/wp\/v2\/types\/product"}],"replies":[{"embeddable":true,"href":"https:\/\/axkid.com\/pl\/wp-json\/wp\/v2\/comments?post=4491"}],"wp:featuredmedia":[{"embeddable":true,"href":"https:\/\/axkid.com\/pl\/wp-json\/wp\/v2\/media\/4523"}],"wp:attachment":[{"href":"https:\/\/axkid.com\/pl\/wp-json\/wp\/v2\/media?parent=4491"}],"wp:term":[{"taxonomy":"product_brand","embeddable":true,"href":"https:\/\/axkid.com\/pl\/wp-json\/wp\/v2\/product_brand?post=4491"},{"taxonomy":"product_cat","embeddable":true,"href":"https:\/\/axkid.com\/pl\/wp-json\/wp\/v2\/product_cat?post=4491"},{"taxonomy":"product_tag","embeddable":true,"href":"https:\/\/axkid.com\/pl\/wp-json\/wp\/v2\/product_tag?post=4491"}],"curies":[{"name":"wp","href":"https:\/\/api.w.org\/{rel}","templated":true}]}}