{"id":571,"date":"2023-07-04T08:14:50","date_gmt":"2023-07-04T07:14:50","guid":{"rendered":"\/?post_type=product&#038;p=571"},"modified":"2026-04-29T16:29:09","modified_gmt":"2026-04-29T15:29:09","slug":"ochraniacz-na-fotel-deluxe","status":"publish","type":"product","link":"https:\/\/axkid.com\/pl\/product\/ochraniacz-na-fotel-deluxe\/","title":{"rendered":"Mata pod fotelik Deluxe"},"content":{"rendered":"<p>Ochraniacz siedzenia Axkid chroni tapicerk\u0119 Twojego samochodu przed zu\u017cyciem i zabrudzeniem. Dzi\u0119ki unikalnej konstrukcji ten ochraniacz siedzenia pasuje zar\u00f3wno do siedze\u0144 z systemem ISOFIX, jak i bez niego. Mo\u017cna go zamontowa\u0107 na przednich i tylnych siedzeniach. Ochraniacz siedzenia ma dwa schowki, w kt\u00f3rych mo\u017cna umie\u015bci\u0107 r\u00f3\u017cne rzeczy, a tak\u017ce uchwyt na iPada lub inny tablet.<\/p>\n","protected":false},"excerpt":{"rendered":"<p>Mata Axkid chroni\u0105ca tapicerk\u0119 samochodu przed zu\u017cyciem i zabrudzeniem. Dzi\u0119ki unikalnej konstrukcji ta ochrona fotelika pasuje zar\u00f3wno do siedze\u0144 z systemem ISOFIX, jak i bez niego.<\/p>\n","protected":false},"featured_media":16134,"comment_status":"open","ping_status":"closed","template":"","meta":{"_acf_changed":false,"_seopress_robots_primary_cat":"none","_seopress_titles_title":"Ochraniacz na fotel Deluxe | Akcesoria | Axkid","_seopress_titles_desc":"Chro\u0144 tapicerk\u0119 swojego samochodu przed zu\u017cyciem i brudem. Pasuje do siedze\u0144 z systemem ISOFIX i bez niego. Mo\u017cna montowa\u0107 na przednich i tylnych siedzeniach. Schowki i uchwyt na iPada","_seopress_robots_index":"","content-type":"","_relevanssi_hide_post":"","_relevanssi_hide_content":"","_relevanssi_pin_for_all":"","_relevanssi_pin_keywords":"","_relevanssi_unpin_keywords":"","_relevanssi_related_keywords":"","_relevanssi_related_include_ids":"","_relevanssi_related_exclude_ids":"","_relevanssi_related_no_append":"","_relevanssi_related_not_related":"","_relevanssi_related_posts":"","_relevanssi_noindex_reason":"","editor_notices":[]},"product_brand":[],"product_cat":[17,436,412],"product_tag":[94],"class_list":{"0":"post-571","1":"product","2":"type-product","3":"status-publish","4":"has-post-thumbnail","6":"product_cat-akcesoria","7":"product_cat-ochraniacze-i-akcesoria-do-przechowywania","8":"product_cat-outlet","9":"product_tag-akcesoria-zapewniajace-komfort-i-wygode","11":"first","12":"outofstock","13":"taxable","14":"shipping-taxable","15":"purchasable","16":"product-type-simple"},"bundled_by":[],"bundle_stock_status":"outofstock","bundle_stock_quantity":0,"bundle_virtual":false,"bundle_layout":"","bundle_add_to_cart_form_location":"","bundle_editable_in_cart":false,"bundle_sold_individually_context":"","bundle_item_grouping":"","bundle_min_size":"","bundle_max_size":"","bundle_price":[],"bundled_items":[],"bundle_sell_ids":[],"acf":[],"jetpack_sharing_enabled":true,"_links":{"self":[{"href":"https:\/\/axkid.com\/pl\/wp-json\/wp\/v2\/product\/571","targetHints":{"allow":["GET"]}}],"collection":[{"href":"https:\/\/axkid.com\/pl\/wp-json\/wp\/v2\/product"}],"about":[{"href":"https:\/\/axkid.com\/pl\/wp-json\/wp\/v2\/types\/product"}],"replies":[{"embeddable":true,"href":"https:\/\/axkid.com\/pl\/wp-json\/wp\/v2\/comments?post=571"}],"wp:featuredmedia":[{"embeddable":true,"href":"https:\/\/axkid.com\/pl\/wp-json\/wp\/v2\/media\/16134"}],"wp:attachment":[{"href":"https:\/\/axkid.com\/pl\/wp-json\/wp\/v2\/media?parent=571"}],"wp:term":[{"taxonomy":"product_brand","embeddable":true,"href":"https:\/\/axkid.com\/pl\/wp-json\/wp\/v2\/product_brand?post=571"},{"taxonomy":"product_cat","embeddable":true,"href":"https:\/\/axkid.com\/pl\/wp-json\/wp\/v2\/product_cat?post=571"},{"taxonomy":"product_tag","embeddable":true,"href":"https:\/\/axkid.com\/pl\/wp-json\/wp\/v2\/product_tag?post=571"}],"curies":[{"name":"wp","href":"https:\/\/api.w.org\/{rel}","templated":true}]}}