{"id":573,"date":"2023-12-07T09:16:07","date_gmt":"2023-12-07T08:16:07","guid":{"rendered":"\/?post_type=product&#038;p=573"},"modified":"2026-04-29T13:30:09","modified_gmt":"2026-04-29T12:30:09","slug":"lusterko-do-obserwacji-2","status":"publish","type":"product","link":"https:\/\/axkid.com\/pl\/product\/lusterko-do-obserwacji-2\/","title":{"rendered":"Lusterko do obserwacji dziecka"},"content":{"rendered":"<p>Lusterko do obserwacji zapewnia wyra\u017any widok dziecka siedz\u0105cego w foteliku samochodowym skierowanym ty\u0142em do kierunku jazdy podczas podr\u00f3\u017cy. Zamontuj je na tylnej cz\u0119\u015bci zag\u0142\u00f3wka samochodu, aby \u0142atwo monitorowa\u0107 malucha podczas podr\u00f3\u017cy. Mocno przymocuj je za pomoc\u0105 do\u0142\u0105czonych plastikowych klips\u00f3w, aby uzyska\u0107 dodatkow\u0105 stabilno\u015b\u0107.<\/p>\n","protected":false},"excerpt":{"rendered":"<p>To lusterko umo\u017cliwia obserwacj\u0119 dziecka siedz\u0105cego w foteliku samochodowym ty\u0142em do kierunku jazdy podczas podr\u00f3\u017cy. Mocuje si\u0119 je z ty\u0142u zag\u0142\u00f3wka na siedzeniu pojazdu.<\/p>\n","protected":false},"featured_media":812,"comment_status":"open","ping_status":"closed","template":"","meta":{"_acf_changed":false,"_seopress_robots_primary_cat":"none","_seopress_titles_title":"Lusterko do obserwacji | Akcesoria do fotelik\u00f3w samochodowych | Axkid","_seopress_titles_desc":"Lusterko pozwala zobaczy\u0107 dziecko siedz\u0105ce w foteliku samochodowym skierowanym ty\u0142em do kierunku jazdy podczas podr\u00f3\u017cy. Zamontuj je na zag\u0142\u00f3wku kanapy.","_seopress_robots_index":"","content-type":"","_relevanssi_hide_post":"","_relevanssi_hide_content":"","_relevanssi_pin_for_all":"","_relevanssi_pin_keywords":"","_relevanssi_unpin_keywords":"","_relevanssi_related_keywords":"","_relevanssi_related_include_ids":"","_relevanssi_related_exclude_ids":"","_relevanssi_related_no_append":"","_relevanssi_related_not_related":"","_relevanssi_related_posts":"","_relevanssi_noindex_reason":"","editor_notices":[]},"product_brand":[],"product_cat":[17],"product_tag":[94],"class_list":{"0":"post-573","1":"product","2":"type-product","3":"status-publish","4":"has-post-thumbnail","6":"product_cat-akcesoria","7":"product_tag-akcesoria-zapewniajace-komfort-i-wygode","9":"first","10":"outofstock","11":"taxable","12":"shipping-taxable","13":"purchasable","14":"product-type-simple"},"bundled_by":[],"bundle_stock_status":"outofstock","bundle_stock_quantity":0,"bundle_virtual":false,"bundle_layout":"","bundle_add_to_cart_form_location":"","bundle_editable_in_cart":false,"bundle_sold_individually_context":"","bundle_item_grouping":"","bundle_min_size":"","bundle_max_size":"","bundle_price":[],"bundled_items":[],"bundle_sell_ids":[],"acf":[],"jetpack_sharing_enabled":true,"_links":{"self":[{"href":"https:\/\/axkid.com\/pl\/wp-json\/wp\/v2\/product\/573","targetHints":{"allow":["GET"]}}],"collection":[{"href":"https:\/\/axkid.com\/pl\/wp-json\/wp\/v2\/product"}],"about":[{"href":"https:\/\/axkid.com\/pl\/wp-json\/wp\/v2\/types\/product"}],"replies":[{"embeddable":true,"href":"https:\/\/axkid.com\/pl\/wp-json\/wp\/v2\/comments?post=573"}],"wp:featuredmedia":[{"embeddable":true,"href":"https:\/\/axkid.com\/pl\/wp-json\/wp\/v2\/media\/812"}],"wp:attachment":[{"href":"https:\/\/axkid.com\/pl\/wp-json\/wp\/v2\/media?parent=573"}],"wp:term":[{"taxonomy":"product_brand","embeddable":true,"href":"https:\/\/axkid.com\/pl\/wp-json\/wp\/v2\/product_brand?post=573"},{"taxonomy":"product_cat","embeddable":true,"href":"https:\/\/axkid.com\/pl\/wp-json\/wp\/v2\/product_cat?post=573"},{"taxonomy":"product_tag","embeddable":true,"href":"https:\/\/axkid.com\/pl\/wp-json\/wp\/v2\/product_tag?post=573"}],"curies":[{"name":"wp","href":"https:\/\/api.w.org\/{rel}","templated":true}]}}